{"id":138992,"date":"2025-08-05T17:15:34","date_gmt":"2025-08-05T20:15:34","guid":{"rendered":"https:\/\/tienda.aeropuertosargentina.com\/aeroparque\/?post_type=product&#038;p=138992"},"modified":"2025-11-10T01:07:51","modified_gmt":"2025-11-10T04:07:51","slug":"pasajes-en-micro","status":"publish","type":"product","link":"https:\/\/tienda.aeropuertosargentina.com\/aeroparque\/producto\/pasajes-en-micro\/","title":{"rendered":"Pasajes en Micro"},"content":{"rendered":"","protected":false},"excerpt":{"rendered":"<p><strong>\u00a1Viaj\u00e1 c\u00f3modo, seguro y al mejor precio!<\/strong><\/p>\n<p>Con Central de Pasajes, planear tu viaje en micro es simple y r\u00e1pido. Acced\u00e9 a cientos de destinos y empresas desde un solo lugar, con una experiencia 100% online y sin complicaciones.<\/p>\n<ul>\n<li><strong>Eleg\u00ed tu destino en pocos pasos:<\/strong> acced\u00e9 a miles de opciones en todo el pa\u00eds.<\/li>\n<li><strong>Conect\u00e1 desde terminales clave:<\/strong> seleccion\u00e1 la empresa, horario y servicio que mejor se adapte a tu viaje.<\/li>\n<li><strong>Organiz\u00e1 tu viaje completo:<\/strong> agreg\u00e1 equipaje, revis\u00e1 los servicios disponibles y viaj\u00e1 con tranquilidad.<\/li>\n<\/ul>\n<p><strong>Compr\u00e1 online ahora y asegur\u00e1 tu lugar en minutos.\u00a0<\/strong><\/p>\n<p>&nbsp;<\/p>\n","protected":false},"featured_media":139131,"template":"","meta":{"_acf_changed":false,"_iconic_wsb_product_page_order_bump_ids":[[]],"_sku":[],"_iconic_wsb_product_page_bump_modal_ids":[[]]},"product_brand":[],"product_cat":[307],"product_tag":[325],"class_list":{"0":"post-138992","1":"product","2":"type-product","3":"status-publish","4":"has-post-thumbnail","6":"product_cat-traslados","7":"product_tag-central-reservas","8":"description-off","10":"first","11":"instock","12":"shipping-taxable","13":"product-type-simple"},"acf":[],"_links":{"self":[{"href":"https:\/\/tienda.aeropuertosargentina.com\/aeroparque\/wp-json\/wp\/v2\/product\/138992","targetHints":{"allow":["GET"]}}],"collection":[{"href":"https:\/\/tienda.aeropuertosargentina.com\/aeroparque\/wp-json\/wp\/v2\/product"}],"about":[{"href":"https:\/\/tienda.aeropuertosargentina.com\/aeroparque\/wp-json\/wp\/v2\/types\/product"}],"wp:featuredmedia":[{"embeddable":true,"href":"https:\/\/tienda.aeropuertosargentina.com\/aeroparque\/wp-json\/wp\/v2\/media\/139131"}],"wp:attachment":[{"href":"https:\/\/tienda.aeropuertosargentina.com\/aeroparque\/wp-json\/wp\/v2\/media?parent=138992"}],"wp:term":[{"taxonomy":"product_brand","embeddable":true,"href":"https:\/\/tienda.aeropuertosargentina.com\/aeroparque\/wp-json\/wp\/v2\/product_brand?post=138992"},{"taxonomy":"product_cat","embeddable":true,"href":"https:\/\/tienda.aeropuertosargentina.com\/aeroparque\/wp-json\/wp\/v2\/product_cat?post=138992"},{"taxonomy":"product_tag","embeddable":true,"href":"https:\/\/tienda.aeropuertosargentina.com\/aeroparque\/wp-json\/wp\/v2\/product_tag?post=138992"}],"curies":[{"name":"wp","href":"https:\/\/api.w.org\/{rel}","templated":true}]}}