{"id":151647,"date":"2025-01-16T11:17:59","date_gmt":"2025-01-16T14:17:59","guid":{"rendered":"https:\/\/tienda.aeropuertosargentina.com\/aeroparque\/?post_type=product&#038;p=151647"},"modified":"2026-03-24T15:39:02","modified_gmt":"2026-03-24T18:39:02","slug":"larga-estadia-parking-sur-50off","status":"publish","type":"product","link":"https:\/\/tienda.aeropuertosargentina.com\/aeroparque\/producto\/larga-estadia-parking-sur-50off\/","title":{"rendered":"Estacionamiento Sur &#8211; Aeroparque (desde 4 d\u00edas)"},"content":{"rendered":"","protected":false},"excerpt":{"rendered":"<h2><b><span data-contrast=\"auto\">Estacionamiento Sur \u2013 Aeroparque<\/span><\/b><span data-ccp-props=\"{}\">\u00a0<\/span><\/h2>\n<p>Reserv\u00e1 tu lugar en\u00a0el<strong>\u00a0estacionamiento oficial de Aeroparque<\/strong>\u00a0con\u00a0<strong>precios exclusivos online\u00a0<\/strong>y asegur\u00e1 tu espacio al llegar.<\/p>\n<h3><b><span data-contrast=\"auto\">Beneficios<\/span><\/b><span data-ccp-props=\"{}\">\u00a0<\/span><\/h3>\n<ul>\n<li><b><span data-contrast=\"auto\">Precio exclusivo online:<\/span><\/b><span data-contrast=\"auto\"> mientras m\u00e1s d\u00edas te qued\u00e1s, m\u00e1s ahorr\u00e1s.<\/span><span data-ccp-props=\"{}\">\u00a0<\/span><\/li>\n<li><b><span data-contrast=\"auto\">Ubicaci\u00f3n conveniente: <\/span><\/b><span data-contrast=\"auto\">dentro del aeropuerto, en el Estacionamiento Sur, con espacios cubiertos de uso general (sin sectores exclusivos).<\/span><span data-ccp-props=\"{}\">\u00a0<\/span><\/li>\n<li><b><span data-contrast=\"auto\">Reserva 100% online: <\/span><\/b><span data-contrast=\"auto\">realizala con al menos 12 horas de anticipaci\u00f3n, para fechas dentro de los pr\u00f3ximos 60 d\u00edas.<\/span><span data-ccp-props=\"{}\">\u00a0<\/span><\/li>\n<li><b><span data-contrast=\"auto\">Flexibilidad: <\/span><\/b><span data-contrast=\"auto\">cont\u00e1s con 3 horas de tolerancia antes y despu\u00e9s del horario reservado, sin cargo adicional.<\/span><span data-ccp-props=\"{}\">\u00a0<\/span><\/li>\n<\/ul>\n<h3><b><span data-contrast=\"auto\">\u00bfC\u00f3mo utilizar el servicio?<\/span><\/b><span data-ccp-props=\"{}\">\u00a0<\/span><\/h3>\n<ol>\n<li><b><span data-contrast=\"auto\">Despu\u00e9s de reservar:<\/span><\/b><span data-contrast=\"auto\">\u00a0recibir\u00e1s por mail la confirmaci\u00f3n y el QR para egresar.<\/span><span data-ccp-props=\"{}\">\u00a0<\/span><\/li>\n<li><b><span data-contrast=\"auto\">Al llegar:<\/span><\/b><span data-ccp-props=\"{}\">\u00a0i<\/span><span data-contrast=\"auto\">ngres\u00e1 por v\u00eda manual y retir\u00e1 ticket.<\/span><\/li>\n<li><b><span data-contrast=\"auto\">Al regresar:<\/span><\/b><span data-ccp-props=\"{}\">\u00a0p<\/span><span data-contrast=\"auto\">ara salir, escane\u00e1 primero el ticket de ingreso y luego el QR.<\/span><\/li>\n<\/ol>\n<p><span data-contrast=\"auto\">\ud83d\udd14<\/span>\u00a0<b><span data-contrast=\"auto\">Importante:<\/span><\/b><span data-contrast=\"auto\">\u00a0no uses TelePASE si ten\u00e9s reserva online para evitar cobros autom\u00e1ticos.<\/span><\/p>\n<h3><b><span data-contrast=\"auto\">\u00bfSuperaste el tiempo reservado?<\/span><\/b><span data-ccp-props=\"{}\">\u00a0<\/span><\/h3>\n<p><span data-contrast=\"auto\">Pod\u00e9s abonar la diferencia en una cabina de pago, seg\u00fan el <\/span><a href=\"https:\/\/www.aeropuertosargentina.com\/es\/AEP\/servicios\/estacionamiento\"><strong>precio vigente<\/strong><\/a> del aeropuerto.<\/p>\n<p><strong>Descubr\u00ed cu\u00e1nto pod\u00e9s ahorrar con tu reserva online<\/strong><\/p>\n<p><em>Pod\u00e9s reservar entre 4 y 60 d\u00edas de estacionamiento.<\/em><\/p>\n<table style=\"width: 500px; margin-left: 10px; border-collapse: collapse; font-family: 'Open Sans', Arial, sans-serif; font-size: 13px; text-align: center;\">\n<thead>\n<tr style=\"background-color: #007381; color: #ffffff;\">\n<th style=\"width: 33.3%; padding: 10px 5px; border: 1px solid #dddddd;\">Ejemplos de estad\u00edas<\/th>\n<th style=\"width: 33.3%; padding: 10px 5px; border: 1px solid #dddddd;\">Precio en el aeropuerto<\/th>\n<th style=\"width: 33.3%; padding: 10px 5px; border: 1px solid #dddddd;\">Reserva online<br \/>\n<span style=\"font-size: 11px;\">(precio exclusivo)<\/span><\/th>\n<\/tr>\n<\/thead>\n<tbody>\n<tr style=\"background-color: #ffffff;\">\n<td style=\"padding: 10px; border: 1px solid #ddd;\">7 d\u00edas<\/td>\n<td style=\"padding: 10px; border: 1px solid #ddd;\">$ 525.000<\/td>\n<td style=\"padding: 10px; border: 1px solid #ddd; background-color: #e6f2f2; font-weight: bold;\">$ 315.000 <span style=\"color: #007381; font-size: 11px;\">(40% OFF)<\/span><\/td>\n<\/tr>\n<tr style=\"background-color: #f9f9f9;\">\n<td style=\"padding: 10px; border: 1px solid #ddd;\">10 d\u00edas<\/td>\n<td style=\"padding: 10px; border: 1px solid #ddd;\">$ 750.000<\/td>\n<td style=\"padding: 10px; border: 1px solid #ddd; background-color: #e6f2f2; font-weight: bold;\">$ 450.000 <span style=\"color: #007381; font-size: 11px;\">(40% OFF)<\/span><\/td>\n<\/tr>\n<tr style=\"background-color: #ffffff;\">\n<td style=\"padding: 10px; border: 1px solid #ddd;\">14 d\u00edas<\/td>\n<td style=\"padding: 10px; border: 1px solid #ddd;\">$ 1.050.000<\/td>\n<td style=\"padding: 10px; border: 1px solid #ddd; background-color: #e6f2f2; font-weight: bold;\">$ 630.000 <span style=\"color: #007381; font-size: 11px;\">(40% OFF)<\/span><\/td>\n<\/tr>\n<tr style=\"background-color: #f9f9f9;\">\n<td style=\"padding: 10px; border: 1px solid #ddd;\">21 d\u00edas<\/td>\n<td style=\"padding: 10px; border: 1px solid #ddd;\">$ 1.575.000<\/td>\n<td style=\"padding: 10px; border: 1px solid #ddd; background-color: #e6f2f2; font-weight: bold;\">$ 945.000 <span style=\"color: #007381; font-size: 11px;\">(40% OFF)<\/span><\/td>\n<\/tr>\n<\/tbody>\n<\/table>\n<p>&nbsp;<\/p>\n","protected":false},"featured_media":157322,"template":"","meta":{"_acf_changed":false,"_iconic_wsb_product_page_order_bump_ids":[[]],"_sku":[],"_iconic_wsb_product_page_bump_modal_ids":[[152394,154051]]},"product_brand":[],"product_cat":[276],"product_tag":[],"class_list":{"0":"post-151647","1":"product","2":"type-product","3":"status-publish","4":"has-post-thumbnail","6":"product_cat-parking","8":"first","9":"instock","10":"virtual","11":"sold-individually","12":"purchasable","13":"product-type-phive_booking"},"acf":[],"_links":{"self":[{"href":"https:\/\/tienda.aeropuertosargentina.com\/aeroparque\/wp-json\/wp\/v2\/product\/151647","targetHints":{"allow":["GET"]}}],"collection":[{"href":"https:\/\/tienda.aeropuertosargentina.com\/aeroparque\/wp-json\/wp\/v2\/product"}],"about":[{"href":"https:\/\/tienda.aeropuertosargentina.com\/aeroparque\/wp-json\/wp\/v2\/types\/product"}],"wp:featuredmedia":[{"embeddable":true,"href":"https:\/\/tienda.aeropuertosargentina.com\/aeroparque\/wp-json\/wp\/v2\/media\/157322"}],"wp:attachment":[{"href":"https:\/\/tienda.aeropuertosargentina.com\/aeroparque\/wp-json\/wp\/v2\/media?parent=151647"}],"wp:term":[{"taxonomy":"product_brand","embeddable":true,"href":"https:\/\/tienda.aeropuertosargentina.com\/aeroparque\/wp-json\/wp\/v2\/product_brand?post=151647"},{"taxonomy":"product_cat","embeddable":true,"href":"https:\/\/tienda.aeropuertosargentina.com\/aeroparque\/wp-json\/wp\/v2\/product_cat?post=151647"},{"taxonomy":"product_tag","embeddable":true,"href":"https:\/\/tienda.aeropuertosargentina.com\/aeroparque\/wp-json\/wp\/v2\/product_tag?post=151647"}],"curies":[{"name":"wp","href":"https:\/\/api.w.org\/{rel}","templated":true}]}}