{"id":152381,"date":"2025-10-21T16:15:18","date_gmt":"2025-10-21T19:15:18","guid":{"rendered":"https:\/\/tienda.aeropuertosargentina.com\/aeroparque\/?post_type=product&#038;p=152381"},"modified":"2026-03-03T13:34:48","modified_gmt":"2026-03-03T16:34:48","slug":"everyone-calvin-klein-edt-100-ml","status":"publish","type":"product","link":"https:\/\/tienda.aeropuertosargentina.com\/aeroparque\/producto\/everyone-calvin-klein-edt-100-ml\/","title":{"rendered":"Everyone Calvin Klein EDT 100 ml"},"content":{"rendered":"","protected":false},"excerpt":{"rendered":"<h2 data-start=\"0\" data-end=\"237\">CK Everyone EDT 100 ml<\/h2>\n<div class=\"text-base my-auto mx-auto pb-10 [--thread-content-margin:--spacing(4)] thread-sm:[--thread-content-margin:--spacing(6)] thread-lg:[--thread-content-margin:--spacing(16)] px-(--thread-content-margin)\">\n<div class=\"[--thread-content-max-width:40rem] thread-lg:[--thread-content-max-width:48rem] mx-auto max-w-(--thread-content-max-width) flex-1 group\/turn-messages focus-visible:outline-hidden relative flex w-full min-w-0 flex-col agent-turn\">\n<div class=\"flex max-w-full flex-col grow\">\n<div class=\"min-h-8 text-message relative flex w-full flex-col items-end gap-2 text-start break-words whitespace-normal [.text-message+&amp;]:mt-1\" dir=\"auto\" data-message-author-role=\"assistant\" data-message-id=\"2a56068c-6089-4e93-9826-ecab4bf1c018\" data-message-model-slug=\"gpt-5\">\n<div class=\"flex w-full flex-col gap-1 empty:hidden first:pt-[1px]\">\n<div class=\"markdown prose dark:prose-invert w-full break-words light markdown-new-styling\">\n<p data-start=\"0\" data-end=\"271\">Sent\u00ed la frescura y la libertad con <strong data-start=\"36\" data-end=\"80\">Calvin Klein Everyone Eau de Toilette<\/strong>, una fragancia unisex que redefine la autenticidad con un esp\u00edritu moderno, natural y sostenible. Perfecta para quienes buscan un aroma limpio y vers\u00e1til que acompa\u00f1e cada momento del d\u00eda.<\/p>\n<h3 data-start=\"257\" data-end=\"637\"><strong data-start=\"257\" data-end=\"285\">Informaci\u00f3n del producto<\/strong><\/h3>\n<p data-start=\"257\" data-end=\"637\">\u2022 Presentaci\u00f3n: Perfume Calvin Klein CK Everyone Eau de Toilette.<br data-start=\"369\" data-end=\"372\" \/>\u2022 Contenido: 100 ml.<br data-start=\"392\" data-end=\"395\" \/>\u2022 Notas de salida: naranja org\u00e1nica y jengibre.<br data-start=\"442\" data-end=\"445\" \/>\u2022 Notas de coraz\u00f3n: t\u00e9 azul y notas acu\u00e1ticas.<br data-start=\"491\" data-end=\"494\" \/>\u2022 Notas de fondo: cedro, pachul\u00ed y \u00e1mbar.<br data-start=\"535\" data-end=\"538\" \/>\u2022 Fragancia c\u00edtrica y fresca, apta para todos los g\u00e9neros.<\/p>\n<\/div>\n<\/div>\n<\/div>\n<\/div>\n<\/div>\n<\/div>\n<h3 data-start=\"634\" data-end=\"984\"><strong data-start=\"634\" data-end=\"660\">Informaci\u00f3n importante<\/strong><\/h3>\n<p data-start=\"634\" data-end=\"984\">\u2022 Retiro exclusivo luego del embarque de vuelos nacionales desde Aeroparque Jorge Newbery.<br data-start=\"755\" data-end=\"758\" \/>\u2022 Ten\u00e9 a mano los datos de tu vuelo al momento de comprar.<br data-start=\"816\" data-end=\"819\" \/>\u2022 Horario de retiro: de 5 a 23 h.<br data-start=\"852\" data-end=\"855\" \/>\u2022 No disponible para vuelos internacionales.<\/p>\n<p data-start=\"986\" data-end=\"1063\" data-is-last-node=\"\" data-is-only-node=\"\"><strong>Compr\u00e1 online ahora y llev\u00e1 tu fragancia favorita al viajar.<\/strong><\/p>\n","protected":false},"featured_media":157232,"template":"","meta":{"_acf_changed":false,"_iconic_wsb_product_page_order_bump_ids":[[]],"_sku":["681785"],"_iconic_wsb_product_page_bump_modal_ids":[[]]},"product_brand":[],"product_cat":[321],"product_tag":[],"class_list":{"0":"post-152381","1":"product","2":"type-product","3":"status-publish","4":"has-post-thumbnail","6":"product_cat-productos-shop","7":"description-off","9":"first","10":"instock","11":"sale","12":"virtual","13":"purchasable","14":"product-type-simple"},"acf":[],"_links":{"self":[{"href":"https:\/\/tienda.aeropuertosargentina.com\/aeroparque\/wp-json\/wp\/v2\/product\/152381","targetHints":{"allow":["GET"]}}],"collection":[{"href":"https:\/\/tienda.aeropuertosargentina.com\/aeroparque\/wp-json\/wp\/v2\/product"}],"about":[{"href":"https:\/\/tienda.aeropuertosargentina.com\/aeroparque\/wp-json\/wp\/v2\/types\/product"}],"wp:featuredmedia":[{"embeddable":true,"href":"https:\/\/tienda.aeropuertosargentina.com\/aeroparque\/wp-json\/wp\/v2\/media\/157232"}],"wp:attachment":[{"href":"https:\/\/tienda.aeropuertosargentina.com\/aeroparque\/wp-json\/wp\/v2\/media?parent=152381"}],"wp:term":[{"taxonomy":"product_brand","embeddable":true,"href":"https:\/\/tienda.aeropuertosargentina.com\/aeroparque\/wp-json\/wp\/v2\/product_brand?post=152381"},{"taxonomy":"product_cat","embeddable":true,"href":"https:\/\/tienda.aeropuertosargentina.com\/aeroparque\/wp-json\/wp\/v2\/product_cat?post=152381"},{"taxonomy":"product_tag","embeddable":true,"href":"https:\/\/tienda.aeropuertosargentina.com\/aeroparque\/wp-json\/wp\/v2\/product_tag?post=152381"}],"curies":[{"name":"wp","href":"https:\/\/api.w.org\/{rel}","templated":true}]}}