{"id":152391,"date":"2025-10-21T16:45:55","date_gmt":"2025-10-21T19:45:55","guid":{"rendered":"https:\/\/tienda.aeropuertosargentina.com\/aeroparque\/?post_type=product&#038;p=152391"},"modified":"2026-04-21T12:08:38","modified_gmt":"2026-04-21T15:08:38","slug":"valija-carry-on-almohada-de-regalo","status":"publish","type":"product","link":"https:\/\/tienda.aeropuertosargentina.com\/aeroparque\/producto\/valija-carry-on-almohada-de-regalo\/","title":{"rendered":"Valija Carry On + Almohada de Regalo"},"content":{"rendered":"","protected":false},"excerpt":{"rendered":"<h2 data-start=\"28\" data-end=\"93\"><strong data-start=\"28\" data-end=\"93\">Valija Travel Blue Carry On + Almohada de Regalo<\/strong><\/h2>\n<p data-start=\"100\" data-end=\"373\">Viaj\u00e1 con estilo y comodidad con este combo exclusivo\u00a0que incluye una valija carry on liviana y resistente, junto con una almohada de viaje de regalo. La combinaci\u00f3n perfecta para quienes disfrutan moverse con practicidad y confort.<\/p>\n<h3 data-start=\"375\" data-end=\"796\"><strong data-start=\"375\" data-end=\"403\">Informaci\u00f3n del producto<\/strong><\/h3>\n<p data-start=\"375\" data-end=\"796\">\u2022 <strong>1 valija Carry On Travel Blue Trolley Case<\/strong> de color negro, ideal para cabina.<br data-start=\"480\" data-end=\"483\" \/>\u2022 Dise\u00f1o compacto, con ruedas giratorias 360\u00b0 y manija telesc\u00f3pica ajustable. Pesa solo 2,8 kg y ofrece una capacidad de 46,4 L (expandible hasta 56,4 L, +22%), con medidas de 36x23x56 cm.<br data-start=\"568\" data-end=\"571\" \/>\u2022 Fabricada con materiales duraderos y livianos.<br data-start=\"619\" data-end=\"622\" \/>\u2022 <strong data-start=\"624\" data-end=\"667\">Incluye una almohada de viaje de regalo<\/strong>, para mayor descanso en vuelos o trayectos largos.<br data-start=\"718\" data-end=\"721\" \/>\u2022 Dise\u00f1o elegante y funcional, pensado para acompa\u00f1arte en cada aventura.<\/p>\n<h3 data-start=\"634\" data-end=\"984\"><strong data-start=\"634\" data-end=\"660\">Informaci\u00f3n importante<\/strong><\/h3>\n<p data-start=\"634\" data-end=\"984\">\u2022 Retiro exclusivo luego del embarque de vuelos nacionales desde Aeroparque Jorge Newbery.<br data-start=\"755\" data-end=\"758\" \/>\u2022 Ten\u00e9 a mano los datos de tu vuelo al momento de comprar.<br data-start=\"816\" data-end=\"819\" \/>\u2022 Horario de retiro: de 5 a 23 h.<br data-start=\"852\" data-end=\"855\" \/>\u2022 No disponible para vuelos internacionales.<\/p>\n<article class=\"text-token-text-primary w-full focus:outline-none [--shadow-height:45px] has-data-writing-block:pointer-events-none has-data-writing-block:-mt-(--shadow-height) has-data-writing-block:pt-(--shadow-height) [&amp;:has([data-writing-block])&gt;*]:pointer-events-auto [content-visibility:auto] supports-[content-visibility:auto]:[contain-intrinsic-size:auto_100lvh] scroll-mt-[calc(var(--header-height)+min(200px,max(70px,20svh)))]\" dir=\"auto\" data-turn-id=\"request-WEB:0fe266fa-00bd-4be9-9130-56c47e5873ed-8\" data-testid=\"conversation-turn-18\" data-scroll-anchor=\"true\" data-turn=\"assistant\">\n<div class=\"text-base my-auto mx-auto pb-10 [--thread-content-margin:--spacing(4)] thread-sm:[--thread-content-margin:--spacing(6)] thread-lg:[--thread-content-margin:--spacing(16)] px-(--thread-content-margin)\">\n<div class=\"[--thread-content-max-width:40rem] thread-lg:[--thread-content-max-width:48rem] mx-auto max-w-(--thread-content-max-width) flex-1 group\/turn-messages focus-visible:outline-hidden relative flex w-full min-w-0 flex-col agent-turn\">\n<div class=\"flex max-w-full flex-col grow\">\n<div class=\"min-h-8 text-message relative flex w-full flex-col items-end gap-2 text-start break-words whitespace-normal [.text-message+&amp;]:mt-1\" dir=\"auto\" data-message-author-role=\"assistant\" data-message-id=\"2843bb7e-d0e6-40c1-be85-1a2f702044a5\" data-message-model-slug=\"gpt-5\">\n<div class=\"flex w-full flex-col gap-1 empty:hidden first:pt-[1px]\">\n<div class=\"markdown prose dark:prose-invert w-full break-words light markdown-new-styling\">\n<article class=\"text-token-text-primary w-full focus:outline-none [--shadow-height:45px] has-data-writing-block:pointer-events-none has-data-writing-block:-mt-(--shadow-height) has-data-writing-block:pt-(--shadow-height) [&amp;:has([data-writing-block])&gt;*]:pointer-events-auto [content-visibility:auto] supports-[content-visibility:auto]:[contain-intrinsic-size:auto_100lvh] scroll-mt-[calc(var(--header-height)+min(200px,max(70px,20svh)))]\" dir=\"auto\" data-turn-id=\"2ca4b003-9f82-423e-a0f4-215c036b1488\" data-testid=\"conversation-turn-20\" data-scroll-anchor=\"true\" data-turn=\"assistant\">\n<div class=\"text-base my-auto mx-auto pb-10 [--thread-content-margin:--spacing(4)] thread-sm:[--thread-content-margin:--spacing(6)] thread-lg:[--thread-content-margin:--spacing(16)] px-(--thread-content-margin)\">\n<div class=\"[--thread-content-max-width:40rem] thread-lg:[--thread-content-max-width:48rem] mx-auto max-w-(--thread-content-max-width) flex-1 group\/turn-messages focus-visible:outline-hidden relative flex w-full min-w-0 flex-col agent-turn\">\n<div class=\"flex max-w-full flex-col grow\">\n<div class=\"min-h-8 text-message relative flex w-full flex-col items-end gap-2 text-start break-words whitespace-normal [.text-message+&amp;]:mt-1\" dir=\"auto\" data-message-author-role=\"assistant\" data-message-id=\"050ce655-3632-4847-86d2-50e8fe4daf3f\" data-message-model-slug=\"gpt-5\">\n<div class=\"flex w-full flex-col gap-1 empty:hidden first:pt-[1px]\">\n<div class=\"markdown prose dark:prose-invert w-full break-words light markdown-new-styling\">\n<p data-start=\"1150\" data-end=\"1232\" data-is-last-node=\"\" data-is-only-node=\"\"><strong>Compr\u00e1 online y viaj\u00e1 c\u00f3modo y con estilo con este combo exclusivo.<\/strong><\/p>\n<\/div>\n<\/div>\n<\/div>\n<\/div>\n<\/div>\n<\/div>\n<\/article>\n<\/div>\n<\/div>\n<\/div>\n<\/div>\n<\/div>\n<\/div>\n<\/article>\n","protected":false},"featured_media":157256,"template":"","meta":{"_acf_changed":false,"_iconic_wsb_product_page_order_bump_ids":[[]],"_sku":["745042 649520"],"_iconic_wsb_product_page_bump_modal_ids":[[]]},"product_brand":[],"product_cat":[321],"product_tag":[],"class_list":{"0":"post-152391","1":"product","2":"type-product","3":"status-publish","4":"has-post-thumbnail","6":"product_cat-productos-shop","7":"description-off","9":"first","10":"instock","11":"sale","12":"virtual","13":"purchasable","14":"product-type-simple"},"acf":[],"_links":{"self":[{"href":"https:\/\/tienda.aeropuertosargentina.com\/aeroparque\/wp-json\/wp\/v2\/product\/152391","targetHints":{"allow":["GET"]}}],"collection":[{"href":"https:\/\/tienda.aeropuertosargentina.com\/aeroparque\/wp-json\/wp\/v2\/product"}],"about":[{"href":"https:\/\/tienda.aeropuertosargentina.com\/aeroparque\/wp-json\/wp\/v2\/types\/product"}],"wp:featuredmedia":[{"embeddable":true,"href":"https:\/\/tienda.aeropuertosargentina.com\/aeroparque\/wp-json\/wp\/v2\/media\/157256"}],"wp:attachment":[{"href":"https:\/\/tienda.aeropuertosargentina.com\/aeroparque\/wp-json\/wp\/v2\/media?parent=152391"}],"wp:term":[{"taxonomy":"product_brand","embeddable":true,"href":"https:\/\/tienda.aeropuertosargentina.com\/aeroparque\/wp-json\/wp\/v2\/product_brand?post=152391"},{"taxonomy":"product_cat","embeddable":true,"href":"https:\/\/tienda.aeropuertosargentina.com\/aeroparque\/wp-json\/wp\/v2\/product_cat?post=152391"},{"taxonomy":"product_tag","embeddable":true,"href":"https:\/\/tienda.aeropuertosargentina.com\/aeroparque\/wp-json\/wp\/v2\/product_tag?post=152391"}],"curies":[{"name":"wp","href":"https:\/\/api.w.org\/{rel}","templated":true}]}}