{"id":153839,"date":"2025-10-30T16:24:46","date_gmt":"2025-10-30T19:24:46","guid":{"rendered":"https:\/\/tienda.aeropuertosargentina.com\/aeroparque\/?post_type=product&#038;p=153839"},"modified":"2026-03-03T13:32:13","modified_gmt":"2026-03-03T16:32:13","slug":"banderas-the-icon-edt","status":"publish","type":"product","link":"https:\/\/tienda.aeropuertosargentina.com\/aeroparque\/producto\/banderas-the-icon-edt\/","title":{"rendered":"Banderas The Icon EDT"},"content":{"rendered":"","protected":false},"excerpt":{"rendered":"<h2>THE ICON de Antonio Banderas<\/h2>\n<div class=\"elementor-element elementor-element-58994e4 elementor-widget elementor-widget-woocommerce-product-short-description\" data-id=\"58994e4\" data-element_type=\"widget\" data-widget_type=\"woocommerce-product-short-description.default\">\n<div class=\"elementor-widget-container\">\n<div class=\"woocommerce-product-details__short-description\">\n<p data-start=\"231\" data-end=\"519\"><em data-start=\"231\" data-end=\"241\">The Icon<\/em> de Antonio Banderas es una fragancia que redefine la masculinidad moderna. Fresca, amaderada y con un toque oriental, representa la confianza, la autenticidad y el carisma de los hombres que dejan huella. Ideal para quienes buscan proyectar elegancia y \u00e9xito en cada ocasi\u00f3n.<\/p>\n<p data-start=\"521\" data-end=\"549\"><strong data-start=\"521\" data-end=\"549\">Informaci\u00f3n del producto<\/strong><\/p>\n<p data-start=\"551\" data-end=\"959\">\u2022 Presentaci\u00f3n: Perfume <em data-start=\"575\" data-end=\"619\">The Icon by Antonio Banderas Eau de Parfum<\/em>.<br data-start=\"620\" data-end=\"623\" \/>\u2022 Contenido: 100 ml.<br data-start=\"643\" data-end=\"646\" \/>\u2022 Notas de salida: c\u00edtricos picantes, bergamota, pomelo y pimienta negra.<br data-start=\"719\" data-end=\"722\" \/>\u2022 Notas de coraz\u00f3n: hojas de violeta, lavanda, salvia y acordes verdes arom\u00e1ticos.<br data-start=\"804\" data-end=\"807\" \/>\u2022 Notas de fondo: s\u00e1ndalo, pachul\u00ed, musgo de roble, haba tonka, \u00e1mbar oriental y musgo le\u00f1oso.<br data-start=\"901\" data-end=\"904\" \/>\u2022 Fragancia amaderada oriental, fresca y sofisticada.<\/p>\n<p data-start=\"961\" data-end=\"987\"><strong data-start=\"961\" data-end=\"987\">Informaci\u00f3n importante<\/strong><\/p>\n<p data-start=\"989\" data-end=\"1308\">\u2022 Retiro exclusivo luego del embarque de vuelos nacionales desde Aeroparque Jorge Newbery.<br data-start=\"1079\" data-end=\"1082\" \/>\u2022 Ten\u00e9 a mano los datos de tu vuelo al momento de comprar.<br data-start=\"1140\" data-end=\"1143\" \/>\u2022 Horario de retiro: de 5 a 23 h.<br data-start=\"1176\" data-end=\"1179\" \/>\u2022 No disponible para vuelos internacionales.<\/p>\n<p data-start=\"1426\" data-end=\"1529\"><strong>Compr\u00e1 online y descubr\u00ed la fragancia que representa la elegancia y el magnetismo del hombre moderno.<\/strong><\/p>\n<\/div>\n<\/div>\n<\/div>\n","protected":false},"featured_media":157242,"template":"","meta":{"_acf_changed":false,"_iconic_wsb_product_page_order_bump_ids":[[]],"_sku":["684350"],"_iconic_wsb_product_page_bump_modal_ids":[[]]},"product_brand":[],"product_cat":[321],"product_tag":[],"class_list":{"0":"post-153839","1":"product","2":"type-product","3":"status-publish","4":"has-post-thumbnail","6":"product_cat-productos-shop","7":"description-off","9":"first","10":"instock","11":"sale","12":"virtual","13":"purchasable","14":"product-type-simple"},"acf":[],"_links":{"self":[{"href":"https:\/\/tienda.aeropuertosargentina.com\/aeroparque\/wp-json\/wp\/v2\/product\/153839","targetHints":{"allow":["GET"]}}],"collection":[{"href":"https:\/\/tienda.aeropuertosargentina.com\/aeroparque\/wp-json\/wp\/v2\/product"}],"about":[{"href":"https:\/\/tienda.aeropuertosargentina.com\/aeroparque\/wp-json\/wp\/v2\/types\/product"}],"wp:featuredmedia":[{"embeddable":true,"href":"https:\/\/tienda.aeropuertosargentina.com\/aeroparque\/wp-json\/wp\/v2\/media\/157242"}],"wp:attachment":[{"href":"https:\/\/tienda.aeropuertosargentina.com\/aeroparque\/wp-json\/wp\/v2\/media?parent=153839"}],"wp:term":[{"taxonomy":"product_brand","embeddable":true,"href":"https:\/\/tienda.aeropuertosargentina.com\/aeroparque\/wp-json\/wp\/v2\/product_brand?post=153839"},{"taxonomy":"product_cat","embeddable":true,"href":"https:\/\/tienda.aeropuertosargentina.com\/aeroparque\/wp-json\/wp\/v2\/product_cat?post=153839"},{"taxonomy":"product_tag","embeddable":true,"href":"https:\/\/tienda.aeropuertosargentina.com\/aeroparque\/wp-json\/wp\/v2\/product_tag?post=153839"}],"curies":[{"name":"wp","href":"https:\/\/api.w.org\/{rel}","templated":true}]}}