{"id":153844,"date":"2025-10-30T16:51:46","date_gmt":"2025-10-30T19:51:46","guid":{"rendered":"https:\/\/tienda.aeropuertosargentina.com\/aeroparque\/?post_type=product&#038;p=153844"},"modified":"2026-03-03T13:34:24","modified_gmt":"2026-03-03T16:34:24","slug":"amarula-cream-750-ml","status":"publish","type":"product","link":"https:\/\/tienda.aeropuertosargentina.com\/aeroparque\/producto\/amarula-cream-750-ml\/","title":{"rendered":"Amarula Cream 750 ml"},"content":{"rendered":"","protected":false},"excerpt":{"rendered":"<h2 data-start=\"223\" data-end=\"569\">Licor Amarula Cream<\/h2>\n<p data-start=\"223\" data-end=\"569\">Descubr\u00ed <em data-start=\"232\" data-end=\"247\">Amarula Cream<\/em>, un licor \u00fanico elaborado con el ex\u00f3tico fruto de Marula, originario del coraz\u00f3n de \u00c1frica Subecuatorial. Su sabor suave y cremoso combina notas dulces y afrutadas con un delicado toque de vainilla y caramelo, resultado de su a\u00f1ejamiento en barricas de roble franc\u00e9s. Ideal para disfrutar solo, con hielo o en c\u00f3cteles.<\/p>\n<div class=\"elementor-element elementor-element-58994e4 elementor-widget elementor-widget-woocommerce-product-short-description\" data-id=\"58994e4\" data-element_type=\"widget\" data-widget_type=\"woocommerce-product-short-description.default\">\n<div class=\"elementor-widget-container\">\n<div class=\"woocommerce-product-details__short-description\">\n<h3 data-start=\"571\" data-end=\"599\"><strong data-start=\"571\" data-end=\"599\">Informaci\u00f3n del producto<\/strong><\/h3>\n<p data-start=\"601\" data-end=\"920\">\u2022 Presentaci\u00f3n: <em data-start=\"617\" data-end=\"640\">Amarula Cream Liqueur<\/em>.<br data-start=\"641\" data-end=\"644\" \/>\u2022 Contenido: 750 ml.<br data-start=\"664\" data-end=\"667\" \/>\u2022 Tipo: Licor de crema.<br data-start=\"690\" data-end=\"693\" \/>\u2022 Origen: \u00c1frica Subecuatorial.<br data-start=\"724\" data-end=\"727\" \/>\u2022 Elaboraci\u00f3n: destilado y a\u00f1ejado en barricas de roble franc\u00e9s.<br data-start=\"791\" data-end=\"794\" \/>\u2022 Sabor: cremoso, dulce y afrutado con notas de caramelo y vainilla.<br data-start=\"862\" data-end=\"865\" \/>\u2022 Perfecto para servir solo, fr\u00edo o en combinaciones.<\/p>\n<h3 data-start=\"922\" data-end=\"948\"><strong data-start=\"922\" data-end=\"948\">Informaci\u00f3n importante<\/strong><\/h3>\n<p data-start=\"950\" data-end=\"1269\">\u2022 Retiro exclusivo luego del embarque de vuelos nacionales desde Aeroparque Jorge Newbery.<br data-start=\"1040\" data-end=\"1043\" \/>\u2022 Ten\u00e9 a mano los datos de tu vuelo al momento de comprar.<br data-start=\"1101\" data-end=\"1104\" \/>\u2022 Horario de retiro: de 5 a 23 h.<br data-start=\"1137\" data-end=\"1140\" \/>\u2022 No disponible para vuelos internacionales.<\/p>\n<p data-start=\"950\" data-end=\"1269\"><strong>Compr\u00e1 online y llevate tu bebida favorita.<\/strong><\/p>\n<\/div>\n<\/div>\n<\/div>\n","protected":false},"featured_media":157243,"template":"","meta":{"_acf_changed":false,"_iconic_wsb_product_page_order_bump_ids":[[]],"_sku":["689188"],"_iconic_wsb_product_page_bump_modal_ids":[[]]},"product_brand":[],"product_cat":[321],"product_tag":[],"class_list":{"0":"post-153844","1":"product","2":"type-product","3":"status-publish","4":"has-post-thumbnail","6":"product_cat-productos-shop","7":"description-off","9":"first","10":"instock","11":"sale","12":"virtual","13":"purchasable","14":"product-type-simple"},"acf":[],"_links":{"self":[{"href":"https:\/\/tienda.aeropuertosargentina.com\/aeroparque\/wp-json\/wp\/v2\/product\/153844","targetHints":{"allow":["GET"]}}],"collection":[{"href":"https:\/\/tienda.aeropuertosargentina.com\/aeroparque\/wp-json\/wp\/v2\/product"}],"about":[{"href":"https:\/\/tienda.aeropuertosargentina.com\/aeroparque\/wp-json\/wp\/v2\/types\/product"}],"wp:featuredmedia":[{"embeddable":true,"href":"https:\/\/tienda.aeropuertosargentina.com\/aeroparque\/wp-json\/wp\/v2\/media\/157243"}],"wp:attachment":[{"href":"https:\/\/tienda.aeropuertosargentina.com\/aeroparque\/wp-json\/wp\/v2\/media?parent=153844"}],"wp:term":[{"taxonomy":"product_brand","embeddable":true,"href":"https:\/\/tienda.aeropuertosargentina.com\/aeroparque\/wp-json\/wp\/v2\/product_brand?post=153844"},{"taxonomy":"product_cat","embeddable":true,"href":"https:\/\/tienda.aeropuertosargentina.com\/aeroparque\/wp-json\/wp\/v2\/product_cat?post=153844"},{"taxonomy":"product_tag","embeddable":true,"href":"https:\/\/tienda.aeropuertosargentina.com\/aeroparque\/wp-json\/wp\/v2\/product_tag?post=153844"}],"curies":[{"name":"wp","href":"https:\/\/api.w.org\/{rel}","templated":true}]}}