{"id":153938,"date":"2025-10-31T09:21:10","date_gmt":"2025-10-31T12:21:10","guid":{"rendered":"https:\/\/tienda.aeropuertosargentina.com\/aeroparque\/?post_type=product&#038;p=153938"},"modified":"2026-03-31T14:17:19","modified_gmt":"2026-03-31T17:17:19","slug":"bressia-piel-negra-pinot-noir-750-ml","status":"publish","type":"product","link":"https:\/\/tienda.aeropuertosargentina.com\/aeroparque\/producto\/bressia-piel-negra-pinot-noir-750-ml\/","title":{"rendered":"Bressia Piel Negra Pinot Noir 750 ml"},"content":{"rendered":"","protected":false},"excerpt":{"rendered":"<div class=\"elementor-element elementor-element-58994e4 elementor-widget elementor-widget-woocommerce-product-short-description\" data-id=\"58994e4\" data-element_type=\"widget\" data-widget_type=\"woocommerce-product-short-description.default\">\n<div class=\"elementor-widget-container\">\n<h2 data-start=\"265\" data-end=\"741\">Vino Bressia Piel Negra Pinot Noir<\/h2>\n<p data-start=\"265\" data-end=\"741\"><em data-start=\"265\" data-end=\"296\">Bressia Piel Negra Pinot Noir<\/em> es un vino de car\u00e1cter profundo y seductor. Criado durante <strong data-start=\"356\" data-end=\"403\">8 meses en barricas nuevas de roble franc\u00e9s<\/strong>, presenta un color rojo intenso con reflejos oscuros que anticipan su complejidad. En nariz despliega notas de <strong data-start=\"515\" data-end=\"555\">cerezas rojas, moras y tomate maduro<\/strong>, combinadas con delicados aromas florales de <strong data-start=\"601\" data-end=\"631\">p\u00e9talos de rosa y violetas<\/strong>. Un Pinot Noir elegante, equilibrado y con personalidad, que refleja toda la esencia del terroir mendocino.<\/p>\n<p data-start=\"743\" data-end=\"771\"><strong data-start=\"743\" data-end=\"771\">Informaci\u00f3n del producto<\/strong><\/p>\n<p data-start=\"773\" data-end=\"1168\">\u2022 Tipo de vino: Pinot Noir.<br data-start=\"800\" data-end=\"803\" \/>\u2022 Origen: Mendoza, Argentina.<br data-start=\"832\" data-end=\"835\" \/>\u2022 Crianza: 8 meses en barricas nuevas de roble franc\u00e9s.<br data-start=\"890\" data-end=\"893\" \/>\u2022 Color: rojo profundo con matices negros brillantes.<br data-start=\"946\" data-end=\"949\" \/>\u2022 Notas arom\u00e1ticas: cerezas rojas, moras, tomate maduro, p\u00e9talos de rosa y violetas.<br data-start=\"1033\" data-end=\"1036\" \/>\u2022 Perfil: vino elegante, frutal y con gran vivacidad.<br data-start=\"1089\" data-end=\"1092\" \/>\u2022 Ideal para acompa\u00f1ar carnes blancas, pastas suaves o quesos semicurados.<\/p>\n<p data-start=\"1170\" data-end=\"1196\"><strong data-start=\"1170\" data-end=\"1196\">Informaci\u00f3n importante<\/strong><\/p>\n<p data-start=\"1198\" data-end=\"1517\">\u2022 Retiro exclusivo luego del embarque de vuelos nacionales desde Aeroparque Jorge Newbery.<br data-start=\"1288\" data-end=\"1291\" \/>\u2022 Ten\u00e9 a mano los datos de tu vuelo al momento de comprar.<br data-start=\"1349\" data-end=\"1352\" \/>\u2022 Horario de retiro: de 5 a 23 h.<br data-start=\"1385\" data-end=\"1388\" \/>\u2022 No disponible para vuelos internacionales.<\/p>\n<p data-start=\"1635\" data-end=\"1734\"><strong>Compr\u00e1 online y descubr\u00ed un Pinot Noir de elegancia inigualable y profundo car\u00e1cter mendocino.<\/strong><\/p>\n<\/div>\n<\/div>\n","protected":false},"featured_media":157249,"template":"","meta":{"_acf_changed":false,"_iconic_wsb_product_page_order_bump_ids":[[]],"_sku":["428729"],"_iconic_wsb_product_page_bump_modal_ids":[[]]},"product_brand":[],"product_cat":[321],"product_tag":[],"class_list":{"0":"post-153938","1":"product","2":"type-product","3":"status-publish","4":"has-post-thumbnail","6":"product_cat-productos-shop","7":"description-off","9":"first","10":"instock","11":"sale","12":"virtual","13":"purchasable","14":"product-type-simple"},"acf":[],"_links":{"self":[{"href":"https:\/\/tienda.aeropuertosargentina.com\/aeroparque\/wp-json\/wp\/v2\/product\/153938","targetHints":{"allow":["GET"]}}],"collection":[{"href":"https:\/\/tienda.aeropuertosargentina.com\/aeroparque\/wp-json\/wp\/v2\/product"}],"about":[{"href":"https:\/\/tienda.aeropuertosargentina.com\/aeroparque\/wp-json\/wp\/v2\/types\/product"}],"wp:featuredmedia":[{"embeddable":true,"href":"https:\/\/tienda.aeropuertosargentina.com\/aeroparque\/wp-json\/wp\/v2\/media\/157249"}],"wp:attachment":[{"href":"https:\/\/tienda.aeropuertosargentina.com\/aeroparque\/wp-json\/wp\/v2\/media?parent=153938"}],"wp:term":[{"taxonomy":"product_brand","embeddable":true,"href":"https:\/\/tienda.aeropuertosargentina.com\/aeroparque\/wp-json\/wp\/v2\/product_brand?post=153938"},{"taxonomy":"product_cat","embeddable":true,"href":"https:\/\/tienda.aeropuertosargentina.com\/aeroparque\/wp-json\/wp\/v2\/product_cat?post=153938"},{"taxonomy":"product_tag","embeddable":true,"href":"https:\/\/tienda.aeropuertosargentina.com\/aeroparque\/wp-json\/wp\/v2\/product_tag?post=153938"}],"curies":[{"name":"wp","href":"https:\/\/api.w.org\/{rel}","templated":true}]}}