{"id":153987,"date":"2025-10-31T11:25:23","date_gmt":"2025-10-31T14:25:23","guid":{"rendered":"https:\/\/tienda.aeropuertosargentina.com\/aeroparque\/?post_type=product&#038;p=153987"},"modified":"2026-03-03T13:13:14","modified_gmt":"2026-03-03T16:13:14","slug":"rutini-cabernet-sauvignon-750-ml","status":"publish","type":"product","link":"https:\/\/tienda.aeropuertosargentina.com\/aeroparque\/producto\/rutini-cabernet-sauvignon-750-ml\/","title":{"rendered":"Rutini Cabernet Sauvignon 750 ml"},"content":{"rendered":"","protected":false},"excerpt":{"rendered":"<div class=\"elementor-element elementor-element-58994e4 elementor-widget elementor-widget-woocommerce-product-short-description\" data-id=\"58994e4\" data-element_type=\"widget\" data-widget_type=\"woocommerce-product-short-description.default\">\n<div class=\"elementor-widget-container\">\n<div class=\"woocommerce-product-details__short-description\">\n<h2 data-start=\"0\" data-end=\"34\"><strong data-start=\"0\" data-end=\"32\">Vino Rutini Cabernet Sauvignon 750 ml<\/strong><\/h2>\n<p data-start=\"45\" data-end=\"604\">Este Cabernet Sauvignon de Rutini Wines destaca por su elegancia y potencia, fiel reflejo del terroir de Tupungato, Mendoza. De color rojo rub\u00ed intenso con reflejos p\u00farpura, despliega en nariz una exquisita combinaci\u00f3n de frutos rojos maduros y notas de pimienta negra, complementadas por sutiles aromas de caf\u00e9 y cacao amargo aportados por su paso por roble. En boca se presenta con gran estructura, taninos firmes y una suavidad tangible que le otorgan un car\u00e1cter equilibrado y persistente.<\/p>\n<h3 data-start=\"606\" data-end=\"636\"><strong data-start=\"606\" data-end=\"634\">Informaci\u00f3n del producto<\/strong><\/h3>\n<p data-start=\"638\" data-end=\"1103\">\u2022 Variedad: 100% Cabernet Sauvignon.<br data-start=\"699\" data-end=\"702\" \/>\u2022 Origen: Tupungato, Mendoza, Argentina.<br data-start=\"742\" data-end=\"745\" \/>\u2022 Crianza: 14 meses en barricas de roble (50% franc\u00e9s nuevo, 50% franc\u00e9s de segundo uso).<br data-start=\"863\" data-end=\"866\" \/>\u2022 Notas de cata: vino de gran cuerpo y estructura, con taninos suaves y aromas de frutos rojos, pimienta negra, caf\u00e9 y cacao amargo.<\/p>\n<h3 data-start=\"1105\" data-end=\"1133\"><strong data-start=\"1105\" data-end=\"1131\">Informaci\u00f3n importante<\/strong><\/h3>\n<p data-start=\"1135\" data-end=\"1454\">\u2022 Retiro exclusivo luego del embarque de vuelos nacionales desde Aeroparque Jorge Newbery.<br data-start=\"1225\" data-end=\"1228\" \/>\u2022 Ten\u00e9 a mano los datos de tu vuelo al momento de comprar.<br data-start=\"1286\" data-end=\"1289\" \/>\u2022 Horario de retiro: de 5 a 23 h.<br data-start=\"1322\" data-end=\"1325\" \/>\u2022 No disponible para vuelos internacionales.<\/p>\n<p data-start=\"1570\" data-end=\"1659\" data-is-last-node=\"\" data-is-only-node=\"\"><strong>Compr\u00e1 online y disfrut\u00e1 un cl\u00e1sico mendocino con car\u00e1cter, elegancia y persistencia.<\/strong><\/p>\n<\/div>\n<\/div>\n<\/div>\n","protected":false},"featured_media":157238,"template":"","meta":{"_acf_changed":false,"_iconic_wsb_product_page_order_bump_ids":[[]],"_sku":["116498"],"_iconic_wsb_product_page_bump_modal_ids":[[]]},"product_brand":[],"product_cat":[321],"product_tag":[],"class_list":{"0":"post-153987","1":"product","2":"type-product","3":"status-publish","4":"has-post-thumbnail","6":"product_cat-productos-shop","7":"description-off","9":"first","10":"instock","11":"sale","12":"virtual","13":"purchasable","14":"product-type-simple"},"acf":[],"_links":{"self":[{"href":"https:\/\/tienda.aeropuertosargentina.com\/aeroparque\/wp-json\/wp\/v2\/product\/153987","targetHints":{"allow":["GET"]}}],"collection":[{"href":"https:\/\/tienda.aeropuertosargentina.com\/aeroparque\/wp-json\/wp\/v2\/product"}],"about":[{"href":"https:\/\/tienda.aeropuertosargentina.com\/aeroparque\/wp-json\/wp\/v2\/types\/product"}],"wp:featuredmedia":[{"embeddable":true,"href":"https:\/\/tienda.aeropuertosargentina.com\/aeroparque\/wp-json\/wp\/v2\/media\/157238"}],"wp:attachment":[{"href":"https:\/\/tienda.aeropuertosargentina.com\/aeroparque\/wp-json\/wp\/v2\/media?parent=153987"}],"wp:term":[{"taxonomy":"product_brand","embeddable":true,"href":"https:\/\/tienda.aeropuertosargentina.com\/aeroparque\/wp-json\/wp\/v2\/product_brand?post=153987"},{"taxonomy":"product_cat","embeddable":true,"href":"https:\/\/tienda.aeropuertosargentina.com\/aeroparque\/wp-json\/wp\/v2\/product_cat?post=153987"},{"taxonomy":"product_tag","embeddable":true,"href":"https:\/\/tienda.aeropuertosargentina.com\/aeroparque\/wp-json\/wp\/v2\/product_tag?post=153987"}],"curies":[{"name":"wp","href":"https:\/\/api.w.org\/{rel}","templated":true}]}}