{"id":181765,"date":"2026-04-23T12:00:53","date_gmt":"2026-04-23T15:00:53","guid":{"rendered":"https:\/\/tienda.aeropuertosargentina.com\/aeroparque\/?post_type=product&#038;p=181765"},"modified":"2026-05-11T00:00:17","modified_gmt":"2026-05-11T03:00:17","slug":"estacionamiento-rio-aeroparque","status":"publish","type":"product","link":"https:\/\/tienda.aeropuertosargentina.com\/aeroparque\/producto\/estacionamiento-rio-aeroparque\/","title":{"rendered":"Estacionamiento R\u00edo (desde 1 d\u00eda) + 1 Embalaje de Valijas Gratis"},"content":{"rendered":"","protected":false},"excerpt":{"rendered":"<div style=\"background-color: #f2f4f5;padding: 20px;border-radius: 6px;font-family: Arial, Helvetica, sans-serif;color: #000;max-width: 700px\">\n<h4 style=\"font-size: 18px;font-weight: bold;margin: 0 0 5px 0\">\ud83d\udd25HOT SALE\ud83d\udd25<\/h4>\n<p style=\"margin: 0 0 0 0;font-size: 16px;line-height: 1.2;color: #2c8c95\"><strong>HASTA 70% OFF EXTRA + 1 EMBALAJE DE VALIJAS GRATIS<\/strong><\/p>\n<\/div>\n<h2><b><span data-contrast=\"auto\">Estacionamiento R\u00edo \u2013 Aeroparque<\/span><\/b><span data-ccp-props=\"{}\">\u00a0<\/span><\/h2>\n<p>Reserv\u00e1 tu lugar en\u00a0el<strong> estacionamiento cubierto oficial de Aeroparque<\/strong>\u00a0con\u00a0<strong>precios exclusivos online\u00a0<\/strong>y asegur\u00e1 tu espacio al llegar.<\/p>\n<h3><b><span data-contrast=\"auto\">Beneficios<\/span><\/b><span data-ccp-props=\"{}\">\u00a0<\/span><\/h3>\n<ul>\n<li><b><span data-contrast=\"auto\">Precio exclusivo online:<\/span><\/b><span data-contrast=\"auto\"> mientras m\u00e1s d\u00edas te qued\u00e1s, m\u00e1s ahorr\u00e1s.<\/span><span data-ccp-props=\"{}\">\u00a0<\/span><\/li>\n<li><b><span data-contrast=\"auto\">Ubicaci\u00f3n conveniente: <\/span><\/b><span data-contrast=\"auto\">frente a la terminal (acceso por Av. Costanera Rafael Obligado), con espacios cubiertos de uso general (sin sectores exclusivos).<\/span><span data-ccp-props=\"{}\">\u00a0<\/span><\/li>\n<li><b><span data-contrast=\"auto\">Reserva 100% online: <\/span><\/b><span data-contrast=\"auto\">realizala con al menos 6 horas de anticipaci\u00f3n, para fechas dentro de los pr\u00f3ximos 120 d\u00edas.<\/span><span data-ccp-props=\"{}\">\u00a0<\/span><\/li>\n<li data-leveltext=\"\uf0b7\" data-font=\"Symbol\" data-listid=\"1\" data-list-defn-props=\"{&quot;335552541&quot;:1,&quot;335559685&quot;:1080,&quot;335559991&quot;:360,&quot;469769226&quot;:&quot;Symbol&quot;,&quot;469769242&quot;:[8226],&quot;469777803&quot;:&quot;left&quot;,&quot;469777804&quot;:&quot;\uf0b7&quot;,&quot;469777815&quot;:&quot;hybridMultilevel&quot;}\" data-aria-posinset=\"1\" data-aria-level=\"1\"><b><span data-contrast=\"auto\">Valet Parking\u00a0<strong>(opcional):<\/strong><\/span><\/b> este servicio no est\u00e1 incluido en tu reserva. Si dese\u00e1s contratarlo, pod\u00e9s sumarlo al momento de realizar tu compra de estacionamiento. Al llegar al aeropuerto, dej\u00e1 tu auto en la cabina de Valet Parking, ubicada en la zona de Partidas \u2014a pocos metros del \u00e1rea de check-in\u2014 y nuestro personal se encargar\u00e1 de estacionarlo por vos.<\/li>\n<li><strong>Embalaje de valijas gratis:<\/strong> proteg\u00e9 tu equipaje sin costo adicional antes de viajar.<\/li>\n<li><b><span data-contrast=\"auto\">Flexibilidad: <\/span><\/b><span data-contrast=\"auto\">cont\u00e1s con 3 horas de tolerancia antes y despu\u00e9s del horario reservado, sin cargo adicional.<\/span><span data-ccp-props=\"{}\">\u00a0<\/span><\/li>\n<\/ul>\n<h3><b><span data-contrast=\"auto\">\u00bfC\u00f3mo utilizar el servicio?<\/span><\/b><span data-ccp-props=\"{}\">\u00a0<\/span><\/h3>\n<ol>\n<li><b><span data-contrast=\"auto\">Despu\u00e9s de reservar:<\/span><\/b><span data-contrast=\"auto\">\u00a0recibir\u00e1s por mail la confirmaci\u00f3n y el QR para egresar.<\/span><span data-ccp-props=\"{}\">\u00a0<\/span><\/li>\n<li><b><span data-contrast=\"auto\">Al llegar:<\/span><\/b><span data-ccp-props=\"{}\">\u00a0i<\/span><span data-contrast=\"auto\">ngres\u00e1 por v\u00eda manual y retir\u00e1 ticket.<\/span><\/li>\n<li><b><span data-contrast=\"auto\">Al regresar:<\/span><\/b><span data-ccp-props=\"{}\">\u00a0p<\/span><span data-contrast=\"auto\">ara salir, escane\u00e1 primero el ticket de ingreso y luego el QR.<\/span><\/li>\n<\/ol>\n<p><span data-contrast=\"auto\">\ud83d\udd14<\/span>\u00a0<b><span data-contrast=\"auto\">Importante:<\/span><\/b><span data-contrast=\"auto\">\u00a0no uses TelePASE si ten\u00e9s reserva online para evitar cobros autom\u00e1ticos.<\/span><\/p>\n<p><span data-ccp-props=\"{}\">Si adquiriste el servicio de Valet Parking, acercate a la cabina de Valet Parking ubicada en la zona de Partidas. Al momento de tu regreso, envi\u00e1 un mensaje por WhatsApp al n\u00famero indicado en tu voucher para que preparemos tu veh\u00edculo.<\/span><\/p>\n<h3><b><span data-contrast=\"auto\">\u00bfSuperaste el tiempo reservado?<\/span><\/b><span data-ccp-props=\"{}\">\u00a0<\/span><\/h3>\n<p><span data-contrast=\"auto\">Pod\u00e9s abonar la diferencia en una cabina de pago, seg\u00fan el <\/span><a href=\"https:\/\/www.aeropuertosargentina.com\/es\/AEP\/servicios\/estacionamiento\"><strong>precio vigente<\/strong><\/a> del aeropuerto.<\/p>\n<p><strong>Descubr\u00ed cu\u00e1nto pod\u00e9s ahorrar con tu reserva online<\/strong><\/p>\n<p><em>Pod\u00e9s reservar desde 1 d\u00eda en adelante de estacionamiento.<\/em><\/p>\n<table style=\"width: 400px;min-width: 400px;margin-left: 2;border-collapse: collapse;font-family: 'Open Sans', Arial, sans-serif;text-align: center;font-size: 12px\">\n<thead>\n<tr style=\"background-color: #007381;color: #ffffff\">\n<th style=\"padding: 8px;border: 1px solid #dddddd\">Ejemplos de estad\u00edas<\/th>\n<th style=\"padding: 8px;border: 1px solid #dddddd\">Precio en el aeropuerto<\/th>\n<th style=\"padding: 8px;border: 1px solid #dddddd\">Reserva online<br \/>\n<span style=\"font-size: 10px\">(precio exclusivo)<\/span><\/th>\n<\/tr>\n<\/thead>\n<tbody>\n<tr style=\"background-color: #ffffff\">\n<td style=\"padding: 8px;border: 1px solid #ddd\">4 d\u00edas<\/td>\n<td style=\"padding: 8px;border: 1px solid #ddd\">$ 260.000<\/td>\n<td style=\"padding: 6px 8px;border: 1px solid #ddd;background-color: #e6f2f2;font-weight: bold;color: #333\">\n<div style=\"line-height: 1.25\">$ 130.000<\/div>\n<div style=\"margin-top: 2px;color: #007381;font-size: 11px;line-height: 1.15\">(50% OFF)<\/div>\n<\/td>\n<\/tr>\n<tr style=\"background-color: #f9f9f9\">\n<td style=\"padding: 8px;border: 1px solid #ddd\">7 d\u00edas<\/td>\n<td style=\"padding: 8px;border: 1px solid #ddd\">$ 455.000<\/td>\n<td style=\"padding: 6px 8px;border: 1px solid #ddd;background-color: #e6f2f2;font-weight: bold;color: #333\">\n<div style=\"line-height: 1.25\">$ 229.000<\/div>\n<div style=\"margin-top: 2px;color: #007381;font-size: 11px;line-height: 1.15\">(50% OFF)<\/div>\n<\/td>\n<\/tr>\n<tr style=\"background-color: #ffffff\">\n<td style=\"padding: 8px;border: 1px solid #ddd\">10 d\u00edas<\/td>\n<td style=\"padding: 8px;border: 1px solid #ddd\">$ 650.000<\/td>\n<td style=\"padding: 6px 8px;border: 1px solid #ddd;background-color: #e6f2f2;font-weight: bold;color: #333\">\n<div style=\"line-height: 1.25\">$ 292.000<\/div>\n<div style=\"margin-top: 2px;color: #007381;font-size: 11px;line-height: 1.15\">(55% OFF)<\/div>\n<\/td>\n<\/tr>\n<tr style=\"background-color: #f9f9f9\">\n<td style=\"padding: 8px;border: 1px solid #ddd\">14 d\u00edas<\/td>\n<td style=\"padding: 8px;border: 1px solid #ddd\">$ 910.000<\/td>\n<td style=\"padding: 6px 8px;border: 1px solid #ddd;background-color: #e6f2f2;font-weight: bold;color: #333\">\n<div style=\"line-height: 1.25\">$ 344.000<\/div>\n<div style=\"margin-top: 2px;color: #007381;font-size: 11px;line-height: 1.15\">(62% OFF)<\/div>\n<\/td>\n<\/tr>\n<tr style=\"background-color: #ffffff\">\n<td style=\"padding: 8px;border: 1px solid #ddd\">21 d\u00edas<\/td>\n<td style=\"padding: 8px;border: 1px solid #ddd\">$ 1.365.000<\/td>\n<td style=\"padding: 6px 8px;border: 1px solid #ddd;background-color: #e6f2f2;font-weight: bold;color: #333\">\n<div style=\"line-height: 1.25\">$ 401.000<\/div>\n<div style=\"margin-top: 2px;color: #007381;font-size: 11px;line-height: 1.15\">(71% OFF)<\/div>\n<\/td>\n<\/tr>\n<\/tbody>\n<\/table>\n<div><\/div>\n","protected":false},"featured_media":183486,"template":"","meta":{"_acf_changed":false,"_iconic_wsb_product_page_order_bump_ids":[[]],"_sku":[],"_iconic_wsb_product_page_bump_modal_ids":[[152394,154051]]},"product_brand":[],"product_cat":[276,329],"product_tag":[],"class_list":{"0":"post-181765","1":"product","2":"type-product","3":"status-publish","4":"has-post-thumbnail","6":"product_cat-parking","7":"product_cat-hot-sale","9":"first","10":"instock","11":"virtual","12":"sold-individually","13":"purchasable","14":"product-type-phive_booking"},"acf":[],"_links":{"self":[{"href":"https:\/\/tienda.aeropuertosargentina.com\/aeroparque\/wp-json\/wp\/v2\/product\/181765","targetHints":{"allow":["GET"]}}],"collection":[{"href":"https:\/\/tienda.aeropuertosargentina.com\/aeroparque\/wp-json\/wp\/v2\/product"}],"about":[{"href":"https:\/\/tienda.aeropuertosargentina.com\/aeroparque\/wp-json\/wp\/v2\/types\/product"}],"wp:featuredmedia":[{"embeddable":true,"href":"https:\/\/tienda.aeropuertosargentina.com\/aeroparque\/wp-json\/wp\/v2\/media\/183486"}],"wp:attachment":[{"href":"https:\/\/tienda.aeropuertosargentina.com\/aeroparque\/wp-json\/wp\/v2\/media?parent=181765"}],"wp:term":[{"taxonomy":"product_brand","embeddable":true,"href":"https:\/\/tienda.aeropuertosargentina.com\/aeroparque\/wp-json\/wp\/v2\/product_brand?post=181765"},{"taxonomy":"product_cat","embeddable":true,"href":"https:\/\/tienda.aeropuertosargentina.com\/aeroparque\/wp-json\/wp\/v2\/product_cat?post=181765"},{"taxonomy":"product_tag","embeddable":true,"href":"https:\/\/tienda.aeropuertosargentina.com\/aeroparque\/wp-json\/wp\/v2\/product_tag?post=181765"}],"curies":[{"name":"wp","href":"https:\/\/api.w.org\/{rel}","templated":true}]}}