{"id":183791,"date":"2026-05-06T16:51:01","date_gmt":"2026-05-06T19:51:01","guid":{"rendered":"https:\/\/tienda.aeropuertosargentina.com\/aeroparque\/?post_type=product&#038;p=183791"},"modified":"2026-05-11T00:00:16","modified_gmt":"2026-05-11T03:00:16","slug":"pack-de-pases-vipclub","status":"publish","type":"product","link":"https:\/\/tienda.aeropuertosargentina.com\/aeroparque\/producto\/pack-de-pases-vipclub\/","title":{"rendered":"Pack de Pases VIPCLUB"},"content":{"rendered":"","protected":false},"excerpt":{"rendered":"<div style=\"background-color: #f2f4f5;padding: 20px;border-radius: 6px;font-family: Arial, Helvetica, sans-serif;color: #000;max-width: 700px\">\n<h4 style=\"font-size: 18px;font-weight: bold;margin: 0 0 5px 0\">\ud83d\udd25HOT SALE\ud83d\udd25<\/h4>\n<p style=\"margin: 0 0 0 0;font-size: 16px;line-height: 1.2;color: #2c8c95\"><strong>25% OFF EXTRA <\/strong>YA APLICADO<\/p>\n<\/div>\n<h2>Pack de 10 pases Sala VIP y acceso prioritario en Aeroparque y Ezeiza<\/h2>\n<div>Disfrut\u00e1 de una experiencia premium antes de volar con este pack de 10 pases para las salas VIPCLUB de Aeroparque y Ezeiza.<\/div>\n<h3>Beneficios<\/h3>\n<ul>\n<li><strong>Pack de 10 pases:<\/strong> utilizalos de forma flexible, en distintos viajes o para diferentes personas.<\/li>\n<li><strong>Uso flexible en Aeroparque y Ezeiza:<\/strong> los pases pueden utilizarse en cualquiera de las salas VIPCLUB habilitadas en ambos aeropuertos.<\/li>\n<li><strong>Salas VIPCLUB:<\/strong> acceso a espacios confortables con catering premium, WiFi y ambiente relajado.<\/li>\n<li><strong>Controles exclusivos:<\/strong> ingreso preferencial al \u00e1rea de embarque, sin filas.<\/li>\n<li><strong>Acceso prioritario:<\/strong> acompa\u00f1amiento \u00e1gil durante el proceso previo al embarque.<\/li>\n<li><strong>Servicio de Concierge:<\/strong> asistencia personalizada durante toda la experiencia.<\/li>\n<\/ul>\n<h3>Informaci\u00f3n del servicio<\/h3>\n<ul>\n<li>V\u00e1lido por 10 accesos individuales a salas VIPCLUB.<\/li>\n<li>El pack puede utilizarse tanto en las salas VIPCLUB de Ezeiza como de Aeroparque.<\/li>\n<li>La membres\u00eda tiene una vigencia de 1 a\u00f1o desde la fecha de compra.<\/li>\n<li>Las reservas deben realizarse con al menos 24 horas de anticipaci\u00f3n<\/li>\n<li>Luego de realizar la compra, un ejecutivo comercial de VIPCLUB se comunicar\u00e1 con vos y te brindar\u00e1 la informaci\u00f3n necesaria para gestionar de forma online las reservas y el uso de tus pases.<\/li>\n<li>Menores de 2 a\u00f1os ingresan sin cargo.<\/li>\n<li>Horario de funcionamiento de las salas: todos los d\u00edas, las 24 horas.<\/li>\n<\/ul>\n<div><strong>Compr\u00e1 tu pack online y disfrut\u00e1 una experiencia premium con total flexibilidad desde el inicio de cada viaje.<\/strong><\/div>\n","protected":false},"featured_media":184304,"template":"","meta":{"_acf_changed":false,"_iconic_wsb_product_page_order_bump_ids":[[]],"_sku":[],"_iconic_wsb_product_page_bump_modal_ids":[[151647,52828]]},"product_brand":[],"product_cat":[329,277],"product_tag":[],"class_list":{"0":"post-183791","1":"product","2":"type-product","3":"status-publish","4":"has-post-thumbnail","6":"product_cat-hot-sale","7":"product_cat-sala-vip","8":"description-off","10":"first","11":"instock","12":"sold-individually","13":"shipping-taxable","14":"purchasable","15":"product-type-phive_booking"},"acf":[],"_links":{"self":[{"href":"https:\/\/tienda.aeropuertosargentina.com\/aeroparque\/wp-json\/wp\/v2\/product\/183791","targetHints":{"allow":["GET"]}}],"collection":[{"href":"https:\/\/tienda.aeropuertosargentina.com\/aeroparque\/wp-json\/wp\/v2\/product"}],"about":[{"href":"https:\/\/tienda.aeropuertosargentina.com\/aeroparque\/wp-json\/wp\/v2\/types\/product"}],"wp:featuredmedia":[{"embeddable":true,"href":"https:\/\/tienda.aeropuertosargentina.com\/aeroparque\/wp-json\/wp\/v2\/media\/184304"}],"wp:attachment":[{"href":"https:\/\/tienda.aeropuertosargentina.com\/aeroparque\/wp-json\/wp\/v2\/media?parent=183791"}],"wp:term":[{"taxonomy":"product_brand","embeddable":true,"href":"https:\/\/tienda.aeropuertosargentina.com\/aeroparque\/wp-json\/wp\/v2\/product_brand?post=183791"},{"taxonomy":"product_cat","embeddable":true,"href":"https:\/\/tienda.aeropuertosargentina.com\/aeroparque\/wp-json\/wp\/v2\/product_cat?post=183791"},{"taxonomy":"product_tag","embeddable":true,"href":"https:\/\/tienda.aeropuertosargentina.com\/aeroparque\/wp-json\/wp\/v2\/product_tag?post=183791"}],"curies":[{"name":"wp","href":"https:\/\/api.w.org\/{rel}","templated":true}]}}