{"id":184281,"date":"2026-05-08T18:50:11","date_gmt":"2026-05-08T21:50:11","guid":{"rendered":"https:\/\/tienda.aeropuertosargentina.com\/aeroparque\/?post_type=product&#038;p=184281"},"modified":"2026-05-11T00:00:15","modified_gmt":"2026-05-11T03:00:15","slug":"cafe-to-go-stanley-354ml-black","status":"publish","type":"product","link":"https:\/\/tienda.aeropuertosargentina.com\/aeroparque\/producto\/cafe-to-go-stanley-354ml-black\/","title":{"rendered":"Caf\u00e9 To-Go Stanley 354ml &#8211; Black"},"content":{"rendered":"","protected":false},"excerpt":{"rendered":"<div style=\"background-color: #f2f4f5;padding: 20px;border-radius: 6px;font-family: Arial, Helvetica, sans-serif;color: #000;max-width: 700px\">\n<h4 style=\"font-size: 18px;font-weight: bold;margin: 0 0 5px 0\">\ud83d\udd25HOT SALE\ud83d\udd25<\/h4>\n<p style=\"margin: 0;font-size: 16px;line-height: 1.2;color: #2c8c95\"><strong>30% OFF<\/strong><\/p>\n<\/div>\n<section class=\"text-token-text-primary w-full focus:outline-none [--shadow-height:45px] has-data-writing-block:pointer-events-none has-data-writing-block:-mt-(--shadow-height) has-data-writing-block:pt-(--shadow-height) [&amp;:has([data-writing-block])&gt;*]:pointer-events-auto [content-visibility:auto] supports-[content-visibility:auto]:[contain-intrinsic-size:auto_100lvh] R6Vx5W_threadScrollVars scroll-mb-[calc(var(--scroll-root-safe-area-inset-bottom,0px)+var(--thread-response-height))] scroll-mt-[calc(var(--header-height)+min(200px,max(70px,20svh)))]\" dir=\"auto\" data-turn-id=\"request-69fe43a8-94f4-83e9-90e1-7da0644cb075-1\" data-turn-id-container=\"request-69fe43a8-94f4-83e9-90e1-7da0644cb075-1\" data-testid=\"conversation-turn-12\" data-scroll-anchor=\"false\" data-turn=\"assistant\">\n<div class=\"text-base my-auto mx-auto pb-10 [--thread-content-margin:var(--thread-content-margin-xs,calc(var(--spacing)*4))] @w-sm\/main:[--thread-content-margin:var(--thread-content-margin-sm,calc(var(--spacing)*6))] @w-lg\/main:[--thread-content-margin:var(--thread-content-margin-lg,calc(var(--spacing)*16))] px-(--thread-content-margin)\">\n<div class=\"[--thread-content-max-width:40rem] @w-lg\/main:[--thread-content-max-width:48rem] mx-auto max-w-(--thread-content-max-width) flex-1 group\/turn-messages focus-visible:outline-hidden relative flex w-full min-w-0 flex-col agent-turn\">\n<div class=\"flex max-w-full flex-col gap-4 grow\">\n<div class=\"min-h-8 text-message relative flex w-full flex-col items-end gap-2 text-start break-words whitespace-normal outline-none keyboard-focused:focus-ring [.text-message+&amp;]:mt-1\" dir=\"auto\" data-message-author-role=\"assistant\" data-message-id=\"c1e4251e-fd4f-404a-99eb-99b6c9d5a5f7\" data-message-model-slug=\"gpt-5-5\" data-turn-start-message=\"true\">\n<div class=\"flex w-full flex-col gap-1 empty:hidden\">\n<div class=\"markdown prose dark:prose-invert wrap-break-word w-full dark markdown-new-styling\">\n<h2 data-start=\"0\" data-end=\"31\"><strong data-start=\"0\" data-end=\"29\">Caf\u00e9 To-Go Stanley 354 ml<\/strong><\/h2>\n<p data-start=\"33\" data-end=\"288\">Compacto, pr\u00e1ctico y resistente, el Caf\u00e9 To-Go Stanley 354 ml es ideal para disfrutar tus bebidas favoritas donde quieras. Su dise\u00f1o t\u00e9rmico mantiene el caf\u00e9 caliente o las bebidas fr\u00edas durante horas, acompa\u00f1\u00e1ndote en viajes, trabajo o rutinas diarias.<\/p>\n<p data-start=\"290\" data-end=\"576\">Cuenta con una tapa de dos piezas 100% a prueba de derrames que brinda mayor comodidad al tomar, adem\u00e1s de un dise\u00f1o renovado con m\u00e1s espacio en el asa para un agarre m\u00e1s c\u00f3modo y seguro. Su tama\u00f1o compacto permite llevarlo f\u00e1cilmente y encaja perfectamente en el portavasos del auto.<\/p>\n<p data-start=\"578\" data-end=\"685\" data-is-last-node=\"\" data-is-only-node=\"\">Una opci\u00f3n funcional y vers\u00e1til para quienes buscan practicidad sin resignar estilo ni rendimiento t\u00e9rmico.<\/p>\n<\/div>\n<\/div>\n<\/div>\n<\/div>\n<\/div>\n<\/div>\n<\/section>\n","protected":false},"featured_media":184210,"template":"","meta":{"_acf_changed":false,"_iconic_wsb_product_page_order_bump_ids":[[]],"_sku":[],"_iconic_wsb_product_page_bump_modal_ids":[[]]},"product_brand":[],"product_cat":[329,321],"product_tag":[],"class_list":{"0":"post-184281","1":"product","2":"type-product","3":"status-publish","4":"has-post-thumbnail","6":"product_cat-hot-sale","7":"product_cat-productos-shop","8":"description-off","10":"first","11":"instock","12":"sale","13":"virtual","14":"purchasable","15":"product-type-simple"},"acf":[],"_links":{"self":[{"href":"https:\/\/tienda.aeropuertosargentina.com\/aeroparque\/wp-json\/wp\/v2\/product\/184281","targetHints":{"allow":["GET"]}}],"collection":[{"href":"https:\/\/tienda.aeropuertosargentina.com\/aeroparque\/wp-json\/wp\/v2\/product"}],"about":[{"href":"https:\/\/tienda.aeropuertosargentina.com\/aeroparque\/wp-json\/wp\/v2\/types\/product"}],"wp:featuredmedia":[{"embeddable":true,"href":"https:\/\/tienda.aeropuertosargentina.com\/aeroparque\/wp-json\/wp\/v2\/media\/184210"}],"wp:attachment":[{"href":"https:\/\/tienda.aeropuertosargentina.com\/aeroparque\/wp-json\/wp\/v2\/media?parent=184281"}],"wp:term":[{"taxonomy":"product_brand","embeddable":true,"href":"https:\/\/tienda.aeropuertosargentina.com\/aeroparque\/wp-json\/wp\/v2\/product_brand?post=184281"},{"taxonomy":"product_cat","embeddable":true,"href":"https:\/\/tienda.aeropuertosargentina.com\/aeroparque\/wp-json\/wp\/v2\/product_cat?post=184281"},{"taxonomy":"product_tag","embeddable":true,"href":"https:\/\/tienda.aeropuertosargentina.com\/aeroparque\/wp-json\/wp\/v2\/product_tag?post=184281"}],"curies":[{"name":"wp","href":"https:\/\/api.w.org\/{rel}","templated":true}]}}