{"id":50844,"date":"2023-05-04T12:48:51","date_gmt":"2023-05-04T15:48:51","guid":{"rendered":"https:\/\/tienda.aa2000.com.ar\/ezeiza\/?post_type=product&#038;p=50844"},"modified":"2026-03-31T16:21:04","modified_gmt":"2026-03-31T19:21:04","slug":"valet-parking","status":"publish","type":"product","link":"https:\/\/tienda.aeropuertosargentina.com\/aeroparque\/producto\/valet-parking\/","title":{"rendered":"Estacionamiento Drop &amp; Go"},"content":{"rendered":"","protected":false},"excerpt":{"rendered":"<h2>Estacionamiento <b><span data-contrast=\"auto\">Drop &amp; Go<\/span><\/b><\/h2>\n<p><b><span data-contrast=\"auto\">Estacion\u00e1 en Aeroparque con el servicio Drop &amp; Go y evit\u00e1 buscar lugar el d\u00eda de tu viaje.<\/span><\/b><span data-ccp-props=\"{&quot;134233117&quot;:false,&quot;134233118&quot;:false,&quot;335559738&quot;:240,&quot;335559739&quot;:240}\">\u00a0<\/span><\/p>\n<h3><b><span data-contrast=\"auto\">\u00bfC\u00f3mo funciona el servicio?<\/span><\/b><\/h3>\n<ul>\n<li><span data-contrast=\"auto\">Reserv\u00e1 tu estad\u00eda por d\u00eda en el estacionamiento de Aeroparque.<\/span><span data-ccp-props=\"{&quot;134233117&quot;:false,&quot;134233118&quot;:false,&quot;335559738&quot;:240,&quot;335559739&quot;:240}\">\u00a0<\/span><\/li>\n<li><span data-contrast=\"auto\">Al llegar, acercate al \u00e1rea de Valet Parking, ubicada en la zona de Partidas.<\/span><\/li>\n<li><span data-contrast=\"auto\">Nuestro personal se encargar\u00e1 de estacionar tu veh\u00edculo.<\/span><span data-ccp-props=\"{&quot;134233117&quot;:false,&quot;134233118&quot;:false,&quot;335559738&quot;:240,&quot;335559739&quot;:240}\">\u00a0<\/span><\/li>\n<li><span data-contrast=\"auto\">Al regresar, comunicate por tel\u00e9fono y tu auto te estar\u00e1 esperando en el mismo punto.<\/span><span data-ccp-props=\"{&quot;134233117&quot;:false,&quot;134233118&quot;:false,&quot;335559738&quot;:240,&quot;335559739&quot;:240}\">\u00a0<\/span><\/li>\n<\/ul>\n<p><span data-contrast=\"auto\">\ud83d\udd14 La reserva debe realizarse con al menos 24 horas de anticipaci\u00f3n.<\/span><span data-ccp-props=\"{&quot;134233117&quot;:false,&quot;134233118&quot;:false,&quot;335559738&quot;:240,&quot;335559739&quot;:240}\">\u00a0<\/span><\/p>\n<p><b><span data-contrast=\"auto\">Realiz\u00e1 tu reserva online y asegur\u00e1 tu lugar antes de llegar al aeropuerto.<\/span><\/b><span data-ccp-props=\"{&quot;134233117&quot;:false,&quot;134233118&quot;:false,&quot;335559738&quot;:240,&quot;335559739&quot;:240}\">\u00a0<\/span><\/p>\n","protected":false},"featured_media":81440,"template":"","meta":{"_acf_changed":false,"_iconic_wsb_product_page_order_bump_ids":[[]],"_sku":[],"_iconic_wsb_product_page_bump_modal_ids":[[152394,154051]]},"product_brand":[],"product_cat":[276],"product_tag":[296],"class_list":{"0":"post-50844","1":"product","2":"type-product","3":"status-publish","4":"has-post-thumbnail","6":"product_cat-parking","7":"product_tag-valet-parking","9":"first","10":"instock","11":"virtual","12":"sold-individually","13":"purchasable","14":"product-type-phive_booking"},"acf":[],"_links":{"self":[{"href":"https:\/\/tienda.aeropuertosargentina.com\/aeroparque\/wp-json\/wp\/v2\/product\/50844","targetHints":{"allow":["GET"]}}],"collection":[{"href":"https:\/\/tienda.aeropuertosargentina.com\/aeroparque\/wp-json\/wp\/v2\/product"}],"about":[{"href":"https:\/\/tienda.aeropuertosargentina.com\/aeroparque\/wp-json\/wp\/v2\/types\/product"}],"wp:featuredmedia":[{"embeddable":true,"href":"https:\/\/tienda.aeropuertosargentina.com\/aeroparque\/wp-json\/wp\/v2\/media\/81440"}],"wp:attachment":[{"href":"https:\/\/tienda.aeropuertosargentina.com\/aeroparque\/wp-json\/wp\/v2\/media?parent=50844"}],"wp:term":[{"taxonomy":"product_brand","embeddable":true,"href":"https:\/\/tienda.aeropuertosargentina.com\/aeroparque\/wp-json\/wp\/v2\/product_brand?post=50844"},{"taxonomy":"product_cat","embeddable":true,"href":"https:\/\/tienda.aeropuertosargentina.com\/aeroparque\/wp-json\/wp\/v2\/product_cat?post=50844"},{"taxonomy":"product_tag","embeddable":true,"href":"https:\/\/tienda.aeropuertosargentina.com\/aeroparque\/wp-json\/wp\/v2\/product_tag?post=50844"}],"curies":[{"name":"wp","href":"https:\/\/api.w.org\/{rel}","templated":true}]}}