{"id":57431,"date":"2024-05-02T18:05:23","date_gmt":"2024-05-02T21:05:23","guid":{"rendered":"https:\/\/tienda.aeropuertosargentina.com\/aeroparque\/?post_type=product&#038;p=57431"},"modified":"2026-02-02T15:47:31","modified_gmt":"2026-02-02T18:47:31","slug":"traslado-remis","status":"publish","type":"product","link":"https:\/\/tienda.aeropuertosargentina.com\/aeroparque\/producto\/traslado-remis\/","title":{"rendered":"Traslado en Remis"},"content":{"rendered":"","protected":false},"excerpt":{"rendered":"<h2><b><span data-contrast=\"auto\">Traslado en Remis \u2013 Tienda Le\u00f3n<\/span><\/b><span data-ccp-props=\"{}\">\u00a0<\/span><\/h2>\n<p><span data-contrast=\"auto\">Reserv\u00e1 tu <\/span><b><span data-contrast=\"auto\">remis privado entre Aeroparque y CABA<\/span><\/b><span data-contrast=\"auto\"> con <\/span><b><span data-contrast=\"auto\">Tienda Le\u00f3n<\/span><\/b><span data-contrast=\"auto\">, con un <\/span><b><span data-contrast=\"auto\">10% de descuento<\/span><\/b><span data-contrast=\"auto\"> exclusivo por compra online.<\/span><span data-ccp-props=\"{}\">\u00a0<\/span><\/p>\n<h3><b><span data-contrast=\"auto\">Beneficios<\/span><\/b><span data-ccp-props=\"{}\">\u00a0<\/span><\/h3>\n<ul>\n<li data-leveltext=\"\uf0b7\" data-font=\"Symbol\" data-listid=\"8\" data-list-defn-props=\"{&quot;335552541&quot;:1,&quot;335559685&quot;:1080,&quot;335559991&quot;:360,&quot;469769226&quot;:&quot;Symbol&quot;,&quot;469769242&quot;:[8226],&quot;469777803&quot;:&quot;left&quot;,&quot;469777804&quot;:&quot;\uf0b7&quot;,&quot;469777815&quot;:&quot;hybridMultilevel&quot;}\" data-aria-posinset=\"1\" data-aria-level=\"1\"><b><span data-contrast=\"auto\">Servicio puerta a puerta:<\/span><\/b><span data-contrast=\"auto\"> traslado directo entre Aeroparque y CABA en veh\u00edculo privado.<\/span><span data-ccp-props=\"{}\">\u00a0<\/span><\/li>\n<\/ul>\n<ul>\n<li data-leveltext=\"\uf0b7\" data-font=\"Symbol\" data-listid=\"8\" data-list-defn-props=\"{&quot;335552541&quot;:1,&quot;335559685&quot;:1080,&quot;335559991&quot;:360,&quot;469769226&quot;:&quot;Symbol&quot;,&quot;469769242&quot;:[8226],&quot;469777803&quot;:&quot;left&quot;,&quot;469777804&quot;:&quot;\uf0b7&quot;,&quot;469777815&quot;:&quot;hybridMultilevel&quot;}\" data-aria-posinset=\"2\" data-aria-level=\"1\"><b><span data-contrast=\"auto\">Descuento online:<\/span><\/b><span data-contrast=\"auto\"> 10% de ahorro sobre la tarifa regular.<\/span><span data-ccp-props=\"{}\">\u00a0<\/span><\/li>\n<\/ul>\n<ul>\n<li data-leveltext=\"\uf0b7\" data-font=\"Symbol\" data-listid=\"8\" data-list-defn-props=\"{&quot;335552541&quot;:1,&quot;335559685&quot;:1080,&quot;335559991&quot;:360,&quot;469769226&quot;:&quot;Symbol&quot;,&quot;469769242&quot;:[8226],&quot;469777803&quot;:&quot;left&quot;,&quot;469777804&quot;:&quot;\uf0b7&quot;,&quot;469777815&quot;:&quot;hybridMultilevel&quot;}\" data-aria-posinset=\"3\" data-aria-level=\"1\"><b><span data-contrast=\"auto\">Conductor profesional:<\/span><\/b><span data-contrast=\"auto\"> viaje seguro, puntual y sin demoras.<\/span><span data-ccp-props=\"{}\">\u00a0<\/span><\/li>\n<\/ul>\n<ul>\n<li data-leveltext=\"\uf0b7\" data-font=\"Symbol\" data-listid=\"8\" data-list-defn-props=\"{&quot;335552541&quot;:1,&quot;335559685&quot;:1080,&quot;335559991&quot;:360,&quot;469769226&quot;:&quot;Symbol&quot;,&quot;469769242&quot;:[8226],&quot;469777803&quot;:&quot;left&quot;,&quot;469777804&quot;:&quot;\uf0b7&quot;,&quot;469777815&quot;:&quot;hybridMultilevel&quot;}\" data-aria-posinset=\"4\" data-aria-level=\"1\"><b><span data-contrast=\"auto\">Veh\u00edculos confortables:<\/span><\/b><span data-contrast=\"auto\"> unidades Auto \/ Partner (o similar), seg\u00fan disponibilidad.<\/span><span data-ccp-props=\"{}\">\u00a0<\/span><\/li>\n<\/ul>\n<h3><b><span data-contrast=\"auto\">Informaci\u00f3n del servicio<\/span><\/b><span data-ccp-props=\"{}\">\u00a0<\/span><\/h3>\n<ul>\n<li data-leveltext=\"\uf0b7\" data-font=\"Symbol\" data-listid=\"10\" data-list-defn-props=\"{&quot;335552541&quot;:1,&quot;335559685&quot;:720,&quot;335559991&quot;:360,&quot;469769226&quot;:&quot;Symbol&quot;,&quot;469769242&quot;:[8226],&quot;469777803&quot;:&quot;left&quot;,&quot;469777804&quot;:&quot;\uf0b7&quot;,&quot;469777815&quot;:&quot;hybridMultilevel&quot;}\" data-aria-posinset=\"2\" data-aria-level=\"1\"><span data-contrast=\"auto\">Presentaci\u00f3n: 15 minutos antes de la salida.<\/span><span data-ccp-props=\"{}\">\u00a0<\/span><\/li>\n<\/ul>\n<ul>\n<li data-leveltext=\"\uf0b7\" data-font=\"Symbol\" data-listid=\"10\" data-list-defn-props=\"{&quot;335552541&quot;:1,&quot;335559685&quot;:720,&quot;335559991&quot;:360,&quot;469769226&quot;:&quot;Symbol&quot;,&quot;469769242&quot;:[8226],&quot;469777803&quot;:&quot;left&quot;,&quot;469777804&quot;:&quot;\uf0b7&quot;,&quot;469777815&quot;:&quot;hybridMultilevel&quot;}\" data-aria-posinset=\"3\" data-aria-level=\"1\"><span data-contrast=\"auto\">El d\u00eda de tu viaje acercate al stand ubicado en el hall p\u00fablico, a la salida de arribos nacionales, para autorizar el viaje.<\/span><span data-ccp-props=\"{}\">\u00a0<\/span><\/li>\n<\/ul>\n<p><strong>Realiz\u00e1 tu reserva online y asegur\u00e1 tu traslado de forma simple y r\u00e1pida.\u00a0<\/strong><\/p>\n","protected":false},"featured_media":76295,"template":"","meta":{"_acf_changed":false,"_iconic_wsb_product_page_order_bump_ids":[[]],"_sku":[],"_iconic_wsb_product_page_bump_modal_ids":[[152394,153938,154005]]},"product_brand":[],"product_cat":[307],"product_tag":[],"class_list":{"0":"post-57431","1":"product","2":"type-product","3":"status-publish","4":"has-post-thumbnail","6":"product_cat-traslados","7":"description-off","9":"first","10":"instock","11":"virtual","12":"sold-individually","13":"purchasable","14":"product-type-phive_booking"},"acf":[],"_links":{"self":[{"href":"https:\/\/tienda.aeropuertosargentina.com\/aeroparque\/wp-json\/wp\/v2\/product\/57431","targetHints":{"allow":["GET"]}}],"collection":[{"href":"https:\/\/tienda.aeropuertosargentina.com\/aeroparque\/wp-json\/wp\/v2\/product"}],"about":[{"href":"https:\/\/tienda.aeropuertosargentina.com\/aeroparque\/wp-json\/wp\/v2\/types\/product"}],"wp:featuredmedia":[{"embeddable":true,"href":"https:\/\/tienda.aeropuertosargentina.com\/aeroparque\/wp-json\/wp\/v2\/media\/76295"}],"wp:attachment":[{"href":"https:\/\/tienda.aeropuertosargentina.com\/aeroparque\/wp-json\/wp\/v2\/media?parent=57431"}],"wp:term":[{"taxonomy":"product_brand","embeddable":true,"href":"https:\/\/tienda.aeropuertosargentina.com\/aeroparque\/wp-json\/wp\/v2\/product_brand?post=57431"},{"taxonomy":"product_cat","embeddable":true,"href":"https:\/\/tienda.aeropuertosargentina.com\/aeroparque\/wp-json\/wp\/v2\/product_cat?post=57431"},{"taxonomy":"product_tag","embeddable":true,"href":"https:\/\/tienda.aeropuertosargentina.com\/aeroparque\/wp-json\/wp\/v2\/product_tag?post=57431"}],"curies":[{"name":"wp","href":"https:\/\/api.w.org\/{rel}","templated":true}]}}