{"id":59121,"date":"2024-05-29T19:06:44","date_gmt":"2024-05-29T22:06:44","guid":{"rendered":"https:\/\/tienda.aeropuertosargentina.com\/aeroparque\/?post_type=product&#038;p=59121"},"modified":"2025-12-10T11:08:19","modified_gmt":"2025-12-10T14:08:19","slug":"bus-hop-on-hop-off-ticket-de-48hs","status":"publish","type":"product","link":"https:\/\/tienda.aeropuertosargentina.com\/aeroparque\/producto\/bus-hop-on-hop-off-ticket-de-48hs\/","title":{"rendered":"Bus Hop on Hop off &#8211; Ticket de 48 h"},"content":{"rendered":"","protected":false},"excerpt":{"rendered":"<h2>Bus Hop on Hop off &#8211; Ticket de 48 horas<\/h2>\n<p><strong>Viv\u00ed lo mejor de Buenos Aires con un solo ticket<\/strong><\/p>\n<p>Descubr\u00ed la ciudad a tu manera: baj\u00e1 en las paradas que m\u00e1s te gusten y explor\u00e1 barrios, monumentos y rincones emblem\u00e1ticos.<\/p>\n<h3><strong>Beneficios<\/strong><\/h3>\n<p>\u2022\u202fV\u00e1lido por 48 horas desde el primer uso.<br \/>\n\u2022\u202fPod\u00e9s iniciar el recorrido en cualquier parada.<br \/>\n\u2022\u202fIncluye barrios ic\u00f3nicos: La Boca, San Telmo, Puerto Madero, Recoleta y m\u00e1s.<br \/>\n\u2022\u202fConexi\u00f3n con espacios culturales, edificios hist\u00f3ricos y zonas gastron\u00f3micas.<br \/>\n\u2022\u202fRecib\u00ed tu QR por mail y empez\u00e1 cuando quieras.<\/p>\n<h3><strong>Informaci\u00f3n importante<\/strong><\/h3>\n<p>\u2022\u202fExclusivo para ciudadanos argentinos.<\/p>\n<p><strong>Compr\u00e1 online y explor\u00e1 Buenos Aires sin apuros.<\/strong><\/p>\n","protected":false},"featured_media":76771,"template":"","meta":{"_acf_changed":false,"_iconic_wsb_product_page_order_bump_ids":[[]],"_sku":[],"_iconic_wsb_product_page_bump_modal_ids":[[]]},"product_brand":[],"product_cat":[310],"product_tag":[],"class_list":{"0":"post-59121","1":"product","2":"type-product","3":"status-publish","4":"has-post-thumbnail","6":"product_cat-experiencias","7":"description-off","9":"first","10":"instock","11":"virtual","12":"purchasable","13":"product-type-simple"},"acf":[],"_links":{"self":[{"href":"https:\/\/tienda.aeropuertosargentina.com\/aeroparque\/wp-json\/wp\/v2\/product\/59121","targetHints":{"allow":["GET"]}}],"collection":[{"href":"https:\/\/tienda.aeropuertosargentina.com\/aeroparque\/wp-json\/wp\/v2\/product"}],"about":[{"href":"https:\/\/tienda.aeropuertosargentina.com\/aeroparque\/wp-json\/wp\/v2\/types\/product"}],"wp:featuredmedia":[{"embeddable":true,"href":"https:\/\/tienda.aeropuertosargentina.com\/aeroparque\/wp-json\/wp\/v2\/media\/76771"}],"wp:attachment":[{"href":"https:\/\/tienda.aeropuertosargentina.com\/aeroparque\/wp-json\/wp\/v2\/media?parent=59121"}],"wp:term":[{"taxonomy":"product_brand","embeddable":true,"href":"https:\/\/tienda.aeropuertosargentina.com\/aeroparque\/wp-json\/wp\/v2\/product_brand?post=59121"},{"taxonomy":"product_cat","embeddable":true,"href":"https:\/\/tienda.aeropuertosargentina.com\/aeroparque\/wp-json\/wp\/v2\/product_cat?post=59121"},{"taxonomy":"product_tag","embeddable":true,"href":"https:\/\/tienda.aeropuertosargentina.com\/aeroparque\/wp-json\/wp\/v2\/product_tag?post=59121"}],"curies":[{"name":"wp","href":"https:\/\/api.w.org\/{rel}","templated":true}]}}