{"id":75458,"date":"2024-10-09T12:39:37","date_gmt":"2024-10-09T15:39:37","guid":{"rendered":"https:\/\/tienda.aeropuertosargentina.com\/aeroparque\/?post_type=product&#038;p=75458"},"modified":"2026-03-19T16:55:36","modified_gmt":"2026-03-19T19:55:36","slug":"vuelo-nocturno-en-helicoptero","status":"publish","type":"product","link":"https:\/\/tienda.aeropuertosargentina.com\/aeroparque\/producto\/vuelo-nocturno-en-helicoptero\/","title":{"rendered":"Vuelo Nocturno en Helic\u00f3ptero"},"content":{"rendered":"","protected":false},"excerpt":{"rendered":"<p><strong>Viv\u00ed una experiencia \u00fanica volando de noche sobre la Zona Norte de Buenos Aires<\/strong>.<\/p>\n<p>Durante este tour exclusivo podr\u00e1s disfrutar de la vista impresionante de las luces de la ciudad, la oscuridad del R\u00edo de la Plata y los paisajes iluminados que rodean la zona. Una aventura que te permitir\u00e1 descubrir Buenos Aires desde una perspectiva completamente diferente.<\/p>\n<p><strong>Detalles de la reserva<\/strong><\/p>\n<ul>\n<li>Duraci\u00f3n del tour: 22 minutos<\/li>\n<li>Se deber\u00e1 presentar el DNI f\u00edsico el d\u00eda del vuelo<\/li>\n<li>El precio final es por la experiencia y no var\u00eda seg\u00fan cantidad de participantes<\/li>\n<li>El horario ser\u00e1 asignado entre las 9 y 19 horas y se confirmar\u00e1 tras realizar\u00a0la\u00a0reserva<\/li>\n<li><strong>Importante: el tour comienza en el aeropuerto de San Fernando &#8211;<em> <a href=\"https:\/\/maps.app.goo.gl\/5eKDGoJ2Xs7iVANE6\" target=\"_blank\" rel=\"noopener\">\u00bfC\u00f3mo llegar?\u00a0<\/a><\/em><\/strong><\/li>\n<li>Estacionamiento sin cargo<\/li>\n<\/ul>\n<p><em>La reserva se encuentra sujeta a confirmaci\u00f3n y puede modificarse por condiciones clim\u00e1ticas<\/em><\/p>\n<p>&nbsp;<\/p>\n","protected":false},"featured_media":79330,"template":"","meta":{"_acf_changed":false,"_iconic_wsb_product_page_order_bump_ids":[[]],"_sku":[],"_iconic_wsb_product_page_bump_modal_ids":[[]]},"product_brand":[],"product_cat":[310],"product_tag":[],"class_list":{"0":"post-75458","1":"product","2":"type-product","3":"status-publish","4":"has-post-thumbnail","6":"product_cat-experiencias","7":"description-off","9":"first","10":"instock","11":"virtual","12":"sold-individually","13":"purchasable","14":"product-type-phive_booking"},"acf":[],"_links":{"self":[{"href":"https:\/\/tienda.aeropuertosargentina.com\/aeroparque\/wp-json\/wp\/v2\/product\/75458","targetHints":{"allow":["GET"]}}],"collection":[{"href":"https:\/\/tienda.aeropuertosargentina.com\/aeroparque\/wp-json\/wp\/v2\/product"}],"about":[{"href":"https:\/\/tienda.aeropuertosargentina.com\/aeroparque\/wp-json\/wp\/v2\/types\/product"}],"wp:featuredmedia":[{"embeddable":true,"href":"https:\/\/tienda.aeropuertosargentina.com\/aeroparque\/wp-json\/wp\/v2\/media\/79330"}],"wp:attachment":[{"href":"https:\/\/tienda.aeropuertosargentina.com\/aeroparque\/wp-json\/wp\/v2\/media?parent=75458"}],"wp:term":[{"taxonomy":"product_brand","embeddable":true,"href":"https:\/\/tienda.aeropuertosargentina.com\/aeroparque\/wp-json\/wp\/v2\/product_brand?post=75458"},{"taxonomy":"product_cat","embeddable":true,"href":"https:\/\/tienda.aeropuertosargentina.com\/aeroparque\/wp-json\/wp\/v2\/product_cat?post=75458"},{"taxonomy":"product_tag","embeddable":true,"href":"https:\/\/tienda.aeropuertosargentina.com\/aeroparque\/wp-json\/wp\/v2\/product_tag?post=75458"}],"curies":[{"name":"wp","href":"https:\/\/api.w.org\/{rel}","templated":true}]}}