{"id":75460,"date":"2024-10-09T12:39:33","date_gmt":"2024-10-09T15:39:33","guid":{"rendered":"https:\/\/tienda.aeropuertosargentina.com\/aeroparque\/?post_type=product&#038;p=75460"},"modified":"2026-04-06T15:21:26","modified_gmt":"2026-04-06T18:21:26","slug":"helitour-norte","status":"publish","type":"product","link":"https:\/\/tienda.aeropuertosargentina.com\/aeroparque\/producto\/helitour-norte\/","title":{"rendered":"Helitour Norte"},"content":{"rendered":"","protected":false},"excerpt":{"rendered":"<p><strong>Descubr\u00ed la espectacular vista a\u00e9rea de la Zona Norte de Buenos Aires con este tour exclusivo.<\/strong><\/p>\n<p>Durante el recorrido podr\u00e1s apreciar los paisajes de San Fernando, el R\u00edo Luj\u00e1n y localidades como Villa La \u00d1ata, Dique Luj\u00e1n, Escobar, Tigre, y las islas del Delta del Paran\u00e1. Una experiencia inolvidable para disfrutar la naturaleza y los encantos de la regi\u00f3n desde lo alto.<\/p>\n<p><strong>Detalles de la reserva<\/strong><\/p>\n<ul>\n<li>Duraci\u00f3n del tour: 30 minutos<\/li>\n<li>Se deber\u00e1 presentar el DNI f\u00edsico el d\u00eda del vuelo<\/li>\n<li><strong>El precio final es por vuelo (m\u00e1ximo 3 personas) y no var\u00eda seg\u00fan la cantidad de participantes<\/strong><\/li>\n<li>El horario ser\u00e1 asignado entre las 9 y 19 horas y se confirmar\u00e1 tras realizar\u00a0la\u00a0reserva<\/li>\n<li><strong>Importante: el tour comienza en el aeropuerto de San Fernando &#8211;<em> <a href=\"https:\/\/maps.app.goo.gl\/5eKDGoJ2Xs7iVANE6\" target=\"_blank\" rel=\"noopener\">\u00bfC\u00f3mo llegar?\u00a0<\/a><\/em><\/strong><\/li>\n<\/ul>\n<p><em>La reserva se encuentra sujeta a confirmaci\u00f3n y puede modificarse por condiciones clim\u00e1ticas.<\/em><\/p>\n","protected":false},"featured_media":79333,"template":"","meta":{"_acf_changed":false,"_iconic_wsb_product_page_order_bump_ids":[[]],"_sku":[],"_iconic_wsb_product_page_bump_modal_ids":[[]]},"product_brand":[],"product_cat":[310],"product_tag":[],"class_list":{"0":"post-75460","1":"product","2":"type-product","3":"status-publish","4":"has-post-thumbnail","6":"product_cat-experiencias","7":"description-off","9":"first","10":"instock","11":"virtual","12":"sold-individually","13":"purchasable","14":"product-type-phive_booking"},"acf":[],"_links":{"self":[{"href":"https:\/\/tienda.aeropuertosargentina.com\/aeroparque\/wp-json\/wp\/v2\/product\/75460","targetHints":{"allow":["GET"]}}],"collection":[{"href":"https:\/\/tienda.aeropuertosargentina.com\/aeroparque\/wp-json\/wp\/v2\/product"}],"about":[{"href":"https:\/\/tienda.aeropuertosargentina.com\/aeroparque\/wp-json\/wp\/v2\/types\/product"}],"wp:featuredmedia":[{"embeddable":true,"href":"https:\/\/tienda.aeropuertosargentina.com\/aeroparque\/wp-json\/wp\/v2\/media\/79333"}],"wp:attachment":[{"href":"https:\/\/tienda.aeropuertosargentina.com\/aeroparque\/wp-json\/wp\/v2\/media?parent=75460"}],"wp:term":[{"taxonomy":"product_brand","embeddable":true,"href":"https:\/\/tienda.aeropuertosargentina.com\/aeroparque\/wp-json\/wp\/v2\/product_brand?post=75460"},{"taxonomy":"product_cat","embeddable":true,"href":"https:\/\/tienda.aeropuertosargentina.com\/aeroparque\/wp-json\/wp\/v2\/product_cat?post=75460"},{"taxonomy":"product_tag","embeddable":true,"href":"https:\/\/tienda.aeropuertosargentina.com\/aeroparque\/wp-json\/wp\/v2\/product_tag?post=75460"}],"curies":[{"name":"wp","href":"https:\/\/api.w.org\/{rel}","templated":true}]}}