{"id":75462,"date":"2024-10-09T12:39:28","date_gmt":"2024-10-09T15:39:28","guid":{"rendered":"https:\/\/tienda.aeropuertosargentina.com\/aeroparque\/?post_type=product&#038;p=75462"},"modified":"2026-04-06T15:20:31","modified_gmt":"2026-04-06T18:20:31","slug":"helitour-martin-garcia","status":"publish","type":"product","link":"https:\/\/tienda.aeropuertosargentina.com\/aeroparque\/producto\/helitour-martin-garcia\/","title":{"rendered":"Helitour Mart\u00edn Garc\u00eda"},"content":{"rendered":"","protected":false},"excerpt":{"rendered":"<h2>Helitour Mart\u00edn Garc\u00eda<\/h2>\n<p>Disfrut\u00e1 de vistas impactantes y explor\u00e1 la Isla Mart\u00edn Garc\u00eda con una experiencia que une\/combina historia, naturaleza y aventura.<\/p>\n<h3><strong>Informaci\u00f3n sobre la experiencia<\/strong><\/h3>\n<ul>\n<li>Recorrido: vuelo panor\u00e1mico sobre el Delta del Paran\u00e1, R\u00edo de la Plata, Isla Oyarvide y costas de Argentina y Uruguay.<\/li>\n<li>Duraci\u00f3n del vuelo: 50 minutos.<\/li>\n<li>Estad\u00eda en la isla: 2 horas libres en la isla para recorrer, almorzar o relajarte.<\/li>\n<\/ul>\n<h3><strong>Beneficios<\/strong><\/h3>\n<ul>\n<li>Estacionamiento gratuito en el aeropuerto de San Fernando.\u00a0<strong><em><a href=\"https:\/\/maps.app.goo.gl\/5eKDGoJ2Xs7iVANE6\" target=\"_blank\" rel=\"noopener\">\u00bfC\u00f3mo llegar?\u00a0<\/a><\/em><\/strong><\/li>\n<\/ul>\n<h3><strong>Importante<\/strong><\/h3>\n<ul>\n<li><strong>Punto de partida:<\/strong> Aeropuerto de San Fernando.<\/li>\n<li><strong>Horarios:<\/strong> entre las 9 y las 19 h (a confirmar tras realizar la reserva).<\/li>\n<li><strong>Capacidad:<\/strong> m\u00e1ximo 3 pasajeros (precio por vuelo, no por persona, no var\u00eda seg\u00fan cantidad de participantes).<\/li>\n<li><strong>Antes de volar:<\/strong> present\u00e1 DNI f\u00edsico el d\u00eda del vuelo.<\/li>\n<li><strong>Condiciones clim\u00e1ticas:<\/strong> la fecha puede modificarse por mal clima.<\/li>\n<\/ul>\n<p><strong>Reserv\u00e1 online ahora y asegur\u00e1 tu lugar en esta experiencia \u00fanica.<\/strong><\/p>\n","protected":false},"featured_media":79338,"template":"","meta":{"_acf_changed":false,"_iconic_wsb_product_page_order_bump_ids":[[]],"_sku":[],"_iconic_wsb_product_page_bump_modal_ids":[[]]},"product_brand":[],"product_cat":[310],"product_tag":[],"class_list":{"0":"post-75462","1":"product","2":"type-product","3":"status-publish","4":"has-post-thumbnail","6":"product_cat-experiencias","7":"description-off","9":"first","10":"instock","11":"virtual","12":"sold-individually","13":"purchasable","14":"product-type-phive_booking"},"acf":[],"_links":{"self":[{"href":"https:\/\/tienda.aeropuertosargentina.com\/aeroparque\/wp-json\/wp\/v2\/product\/75462","targetHints":{"allow":["GET"]}}],"collection":[{"href":"https:\/\/tienda.aeropuertosargentina.com\/aeroparque\/wp-json\/wp\/v2\/product"}],"about":[{"href":"https:\/\/tienda.aeropuertosargentina.com\/aeroparque\/wp-json\/wp\/v2\/types\/product"}],"wp:featuredmedia":[{"embeddable":true,"href":"https:\/\/tienda.aeropuertosargentina.com\/aeroparque\/wp-json\/wp\/v2\/media\/79338"}],"wp:attachment":[{"href":"https:\/\/tienda.aeropuertosargentina.com\/aeroparque\/wp-json\/wp\/v2\/media?parent=75462"}],"wp:term":[{"taxonomy":"product_brand","embeddable":true,"href":"https:\/\/tienda.aeropuertosargentina.com\/aeroparque\/wp-json\/wp\/v2\/product_brand?post=75462"},{"taxonomy":"product_cat","embeddable":true,"href":"https:\/\/tienda.aeropuertosargentina.com\/aeroparque\/wp-json\/wp\/v2\/product_cat?post=75462"},{"taxonomy":"product_tag","embeddable":true,"href":"https:\/\/tienda.aeropuertosargentina.com\/aeroparque\/wp-json\/wp\/v2\/product_tag?post=75462"}],"curies":[{"name":"wp","href":"https:\/\/api.w.org\/{rel}","templated":true}]}}