{"id":75464,"date":"2024-10-09T12:38:00","date_gmt":"2024-10-09T15:38:00","guid":{"rendered":"https:\/\/tienda.aeropuertosargentina.com\/aeroparque\/?post_type=product&#038;p=75464"},"modified":"2026-03-19T16:13:18","modified_gmt":"2026-03-19T19:13:18","slug":"almuerzo-en-el-delta","status":"publish","type":"product","link":"https:\/\/tienda.aeropuertosargentina.com\/aeroparque\/producto\/almuerzo-en-el-delta\/","title":{"rendered":"Isla El Descanso en el Delta"},"content":{"rendered":"","protected":false},"excerpt":{"rendered":"<h2><strong>Tour en helic\u00f3ptero + visita a Isla El Descanso<\/strong><\/h2>\n<p>Descubr\u00ed el Delta desde el cielo y aterriz\u00e1 en una isla exclusiva sobre el R\u00edo Paran\u00e1. Jardines, arte contempor\u00e1neo y gastronom\u00eda de autor te esperan en un entorno natural \u00fanico.<\/p>\n<h3><strong>Informaci\u00f3n sobre la experiencia<\/strong><\/h3>\n<ul>\n<li>Vuelo panor\u00e1mico sobre San Fernando, Tigre y el Delta del Paran\u00e1.<\/li>\n<li>Visita y estad\u00eda de 3 horas en la Isla El Descanso.<\/li>\n<li>Experiencia para hasta 3 pasajeros m\u00e1ximo (precio por vuelo, no por persona, no var\u00eda seg\u00fan cantidad de participantes).<\/li>\n<\/ul>\n<h3><strong>Beneficios<\/strong><\/h3>\n<ul>\n<li>Estacionamiento gratuito en el aeropuerto de San Fernando. <strong><em><a href=\"https:\/\/maps.app.goo.gl\/5eKDGoJ2Xs7iVANE6\" target=\"_blank\" rel=\"noopener\">\u00bfC\u00f3mo llegar?\u00a0<\/a><\/em><\/strong><\/li>\n<\/ul>\n<h3><strong>Importante<\/strong><\/h3>\n<ul>\n<li><strong>Punto de partida:<\/strong> Aeropuerto de San Fernando.<\/li>\n<li><strong>Horarios:<\/strong> entre las 9 y las 19 h (a confirmar tras realizar la reserva). El tour tiene una duraci\u00f3n de entre 2 a 3 h.<\/li>\n<li><strong>Antes de volar:<\/strong> present\u00e1 DNI f\u00edsico el d\u00eda del vuelo.<\/li>\n<li><strong>Condiciones clim\u00e1ticas:<\/strong> la fecha puede modificarse por mal clima.<\/li>\n<\/ul>\n<p><strong>Reserv\u00e1 online ahora y asegur\u00e1 tu lugar en esta experiencia \u00fanica.<\/strong><\/p>\n","protected":false},"featured_media":79348,"template":"","meta":{"_acf_changed":false,"_iconic_wsb_product_page_order_bump_ids":[[]],"_sku":[],"_iconic_wsb_product_page_bump_modal_ids":[[]]},"product_brand":[],"product_cat":[310],"product_tag":[],"class_list":{"0":"post-75464","1":"product","2":"type-product","3":"status-publish","4":"has-post-thumbnail","6":"product_cat-experiencias","7":"description-off","9":"first","10":"instock","11":"virtual","12":"sold-individually","13":"purchasable","14":"product-type-phive_booking"},"acf":[],"_links":{"self":[{"href":"https:\/\/tienda.aeropuertosargentina.com\/aeroparque\/wp-json\/wp\/v2\/product\/75464","targetHints":{"allow":["GET"]}}],"collection":[{"href":"https:\/\/tienda.aeropuertosargentina.com\/aeroparque\/wp-json\/wp\/v2\/product"}],"about":[{"href":"https:\/\/tienda.aeropuertosargentina.com\/aeroparque\/wp-json\/wp\/v2\/types\/product"}],"wp:featuredmedia":[{"embeddable":true,"href":"https:\/\/tienda.aeropuertosargentina.com\/aeroparque\/wp-json\/wp\/v2\/media\/79348"}],"wp:attachment":[{"href":"https:\/\/tienda.aeropuertosargentina.com\/aeroparque\/wp-json\/wp\/v2\/media?parent=75464"}],"wp:term":[{"taxonomy":"product_brand","embeddable":true,"href":"https:\/\/tienda.aeropuertosargentina.com\/aeroparque\/wp-json\/wp\/v2\/product_brand?post=75464"},{"taxonomy":"product_cat","embeddable":true,"href":"https:\/\/tienda.aeropuertosargentina.com\/aeroparque\/wp-json\/wp\/v2\/product_cat?post=75464"},{"taxonomy":"product_tag","embeddable":true,"href":"https:\/\/tienda.aeropuertosargentina.com\/aeroparque\/wp-json\/wp\/v2\/product_tag?post=75464"}],"curies":[{"name":"wp","href":"https:\/\/api.w.org\/{rel}","templated":true}]}}