{"id":78256,"date":"2024-10-17T16:18:19","date_gmt":"2024-10-17T19:18:19","guid":{"rendered":"https:\/\/tienda.aeropuertosargentina.com\/aeroparque\/?post_type=product&#038;p=78256"},"modified":"2026-01-05T19:39:27","modified_gmt":"2026-01-05T22:39:27","slug":"larga-estadia-4-dias-o-mas","status":"publish","type":"product","link":"https:\/\/tienda.aeropuertosargentina.com\/aeroparque\/producto\/larga-estadia-4-dias-o-mas\/","title":{"rendered":"Estacionamiento Larga Estad\u00eda &#8211; Costa Salguero (de 4 a 14 d\u00edas)"},"content":{"rendered":"","protected":false},"excerpt":{"rendered":"<h2><strong>Estacionamiento Larga Estad\u00eda \u2013 Costa Salguero<\/strong><\/h2>\n<p>Reserv\u00e1 tu lugar en el estacionamiento de Costa Salguero, a minutos de Aeroparque, con precios exclusivos online y asegur\u00e1 tu espacio al llegar.<\/p>\n<h3><strong>Beneficios<\/strong><\/h3>\n<ul>\n<li><strong>Precio exclusivo online:<\/strong> al reservar con anticipaci\u00f3n acced\u00e9s al mejor precio<\/li>\n<li><strong>Ubicaci\u00f3n conveniente:<\/strong> en Costa Salguero, a solo 4 km de Aeroparque.<\/li>\n<li><strong>Reserva 100% online:<\/strong> al menos 24 h antes, para fechas dentro de los pr\u00f3ximos 60 d\u00edas.<\/li>\n<li><strong>Seguridad 24 h:<\/strong> vigilancia permanente y resguardo de llaves en el estacionamiento.<\/li>\n<\/ul>\n<h3><strong>\u00bfC\u00f3mo utilizar el servicio?<\/strong><\/h3>\n<ol>\n<li><strong>Despu\u00e9s de reservar:<\/strong> recibir\u00e1s un correo de confirmaci\u00f3n con la direcci\u00f3n exacta del estacionamiento.<\/li>\n<li><strong>Al llegar:<\/strong> dirigite a la entrada del estacionamiento en Costa Salguero y estacion\u00e1 en el sector indicado por el personal.<\/li>\n<li><strong>Traslado a Aeroparque:<\/strong> tom\u00e1 el transfer incluido, que te llevar\u00e1 al sector de Partidas.<\/li>\n<li><strong>Al regresar:<\/strong> acercate al sector de Valet Parking en el ingreso del Estacionamiento Sur para el traslado de regreso a Costa Salguero.<\/li>\n<\/ol>\n<p><em>Pod\u00e9s reservar entre 4 y 14 d\u00edas de estacionamiento.<\/em><\/p>\n<p><strong>Reserv\u00e1 ahora y asegur\u00e1 tu lugar sin complicaciones.<\/strong><\/p>\n","protected":false},"featured_media":78444,"template":"","meta":{"_acf_changed":false,"_iconic_wsb_product_page_order_bump_ids":[[]],"_sku":[],"_iconic_wsb_product_page_bump_modal_ids":[[50842,84688]]},"product_brand":[],"product_cat":[276],"product_tag":[296],"class_list":{"0":"post-78256","1":"product","2":"type-product","3":"status-publish","4":"has-post-thumbnail","6":"product_cat-parking","7":"product_tag-valet-parking","9":"first","10":"instock","11":"virtual","12":"sold-individually","13":"purchasable","14":"product-type-phive_booking"},"acf":[],"_links":{"self":[{"href":"https:\/\/tienda.aeropuertosargentina.com\/aeroparque\/wp-json\/wp\/v2\/product\/78256","targetHints":{"allow":["GET"]}}],"collection":[{"href":"https:\/\/tienda.aeropuertosargentina.com\/aeroparque\/wp-json\/wp\/v2\/product"}],"about":[{"href":"https:\/\/tienda.aeropuertosargentina.com\/aeroparque\/wp-json\/wp\/v2\/types\/product"}],"wp:featuredmedia":[{"embeddable":true,"href":"https:\/\/tienda.aeropuertosargentina.com\/aeroparque\/wp-json\/wp\/v2\/media\/78444"}],"wp:attachment":[{"href":"https:\/\/tienda.aeropuertosargentina.com\/aeroparque\/wp-json\/wp\/v2\/media?parent=78256"}],"wp:term":[{"taxonomy":"product_brand","embeddable":true,"href":"https:\/\/tienda.aeropuertosargentina.com\/aeroparque\/wp-json\/wp\/v2\/product_brand?post=78256"},{"taxonomy":"product_cat","embeddable":true,"href":"https:\/\/tienda.aeropuertosargentina.com\/aeroparque\/wp-json\/wp\/v2\/product_cat?post=78256"},{"taxonomy":"product_tag","embeddable":true,"href":"https:\/\/tienda.aeropuertosargentina.com\/aeroparque\/wp-json\/wp\/v2\/product_tag?post=78256"}],"curies":[{"name":"wp","href":"https:\/\/api.w.org\/{rel}","templated":true}]}}