{"id":64576,"date":"2025-01-20T11:44:37","date_gmt":"2025-01-20T14:44:37","guid":{"rendered":"https:\/\/tienda.aeropuertosargentina.com\/bariloche\/?page_id=64576"},"modified":"2025-09-01T16:40:26","modified_gmt":"2025-09-01T19:40:26","slug":"traslados","status":"publish","type":"page","link":"https:\/\/tienda.aeropuertosargentina.com\/bariloche\/traslados\/","title":{"rendered":"Traslados"},"content":{"rendered":"\t\t<div data-elementor-type=\"wp-page\" data-elementor-id=\"64576\" class=\"elementor elementor-64576\" data-elementor-post-type=\"page\">\n\t\t\t\t<div class=\"elementor-element elementor-element-b485aa9 e-flex e-con-boxed e-con e-parent\" data-id=\"b485aa9\" data-element_type=\"container\" data-e-type=\"container\">\n\t\t\t\t\t<div class=\"e-con-inner\">\n\t\t\t\t<div class=\"elementor-element elementor-element-a610412 elementor-widget elementor-widget-heading\" data-id=\"a610412\" data-element_type=\"widget\" data-e-type=\"widget\" data-widget_type=\"heading.default\">\n\t\t\t\t<div class=\"elementor-widget-container\">\n\t\t\t\t\t<h2 class=\"elementor-heading-title elementor-size-default\">Bus desde el Aeropuerto de Bariloche a Localidades<\/h2>\t\t\t\t<\/div>\n\t\t\t\t<\/div>\n\t\t\t\t<div class=\"elementor-element elementor-element-d037033 variations-visible-n layout-content_below_img btn-position-below_image onsale-h-position-left onsale-v-position-top label-position-left icon-visibility-y elementor-widget elementor-widget-the7-wc-products\" data-id=\"d037033\" data-element_type=\"widget\" data-e-type=\"widget\" data-settings=\"{&quot;show_variations&quot;:&quot;n&quot;,&quot;show_add_to_cart&quot;:&quot;y&quot;}\" data-widget_type=\"the7-wc-products.default\">\n\t\t\t\t<div class=\"elementor-widget-container\">\n\t\t\t\t\t<div class=\"products-shortcode the7-elementor-widget loading-effect-none the7-wc-products-d037033 mode-grid dt-css-grid-wrap cart-btn-below-img wc-img-hover resize-by-browser-width jquery-filter\" data-padding=\"0\" data-cur-page=\"1\" data-wide-desktop-columns-num=\"3\" data-desktop-columns-num=\"3\" data-v-tablet-columns-num=\"2\" data-phone-columns-num=\"1\" data-post-limit=\"-1\" data-pagination-mode=\"none\" data-scroll-offset=\"\" aria-live=\"assertive\"><div class=\"dt-css-grid custom-pagination-handler\"><div class=\"visible wf-cell product-wrap\" data-post-id=\"64389\">\n\t\t<article class=\"post visible description-off product type-product post-64389 status-publish first instock product_cat-traslados has-post-thumbnail virtual sold-individually purchasable product-type-phive_booking project-odd\">\n\t\t\t<figure class=\"woocom-project\">\n\t\t\t\t<div class=\"trigger-img-hover woo-buttons-on-img\">\n\n\t\t\t\t\t<div class=\"img-border\"><a href=\"https:\/\/tienda.aeropuertosargentina.com\/bariloche\/producto\/bus-aeropuerto-el-bolson\/\" class=\"alignnone img-wrap layzr-bg img-css-resize-wrapper\"><img fetchpriority=\"high\" decoding=\"async\" width=\"800\" height=\"800\" src=\"data:image\/svg+xml,%3Csvg%20xmlns%3D&#039;http%3A%2F%2Fwww.w3.org%2F2000%2Fsvg&#039;%20viewBox%3D&#039;0%200%20800%20800&#039;%2F%3E\" class=\"attachment-full size-full preload-me aspect lazy lazy-load\" alt=\"Bus Aeropuerto BRC - El Bols\u00f3n\" sizes=\"(max-width: 800px) 100vw, 800px\" style=\"--ratio: 800 \/ 800;\" data-src=\"https:\/\/tienda.aeropuertosargentina.com\/bariloche\/wp-content\/uploads\/2024\/10\/Elbolson.png\" loading=\"eager\" data-srcset=\"https:\/\/tienda.aeropuertosargentina.com\/bariloche\/wp-content\/uploads\/2024\/10\/Elbolson.png 800w, https:\/\/tienda.aeropuertosargentina.com\/bariloche\/wp-content\/uploads\/2024\/10\/Elbolson-300x300.png 300w, https:\/\/tienda.aeropuertosargentina.com\/bariloche\/wp-content\/uploads\/2024\/10\/Elbolson-150x150.png 150w, https:\/\/tienda.aeropuertosargentina.com\/bariloche\/wp-content\/uploads\/2024\/10\/Elbolson-768x768.png 768w, https:\/\/tienda.aeropuertosargentina.com\/bariloche\/wp-content\/uploads\/2024\/10\/Elbolson-200x200.png 200w\" \/><\/a><\/div>\n\t\t\t\t<\/div>\n\t\t\t\t<figcaption class=\"woocom-list-content\">\n\n\t\t\t\t\t<h4 class=\"product-title \"><a href=\"https:\/\/tienda.aeropuertosargentina.com\/bariloche\/producto\/bus-aeropuerto-el-bolson\/\" title=\"Bus Aeropuerto BRC &#8211; El Bols\u00f3n\" rel=\"bookmark\">Bus Aeropuerto BRC - El Bols\u00f3n<\/a><\/h4><span class=\"price\"><span class=\"woocommerce-Price-amount amount\"><span class=\"woocommerce-Price-currencySymbol\">&#036;<\/span>&nbsp;14.000<\/span><\/span><div class=\"woo-list-buttons\"><a data-product_id=\"64389\" data-product_sku=\"\" aria-label=\"Le\u00e9 m\u00e1s sobre &ldquo;Bus Aeropuerto BRC - El Bols\u00f3n&rdquo;\" rel=\"nofollow\" data-show_after_cart_modal=\"64389\" href=\"https:\/\/tienda.aeropuertosargentina.com\/bariloche\/producto\/bus-aeropuerto-el-bolson\/\" data-quantity=\"1\" data-widget-id=\"d037033\" class=\"product_type_phive_booking add_to_cart_button box-button elementor-button elementor-size-md\">Reservar<i aria-hidden=\"true\" class=\"elementor-button-icon fas fa-shopping-cart\"><\/i><\/a><\/div><span class=\"gtm4wp_productdata\" style=\"display:none; visibility:hidden;\" data-gtm4wp_product_data=\"{&quot;internal_id&quot;:64389,&quot;item_id&quot;:64389,&quot;item_name&quot;:&quot;Bus Aeropuerto BRC - El Bols\\u00f3n&quot;,&quot;sku&quot;:64389,&quot;price&quot;:14000,&quot;stocklevel&quot;:null,&quot;stockstatus&quot;:&quot;instock&quot;,&quot;google_business_vertical&quot;:&quot;retail&quot;,&quot;item_category&quot;:&quot;Traslados&quot;,&quot;id&quot;:64389,&quot;productlink&quot;:&quot;https:\\\/\\\/tienda.aeropuertosargentina.com\\\/bariloche\\\/producto\\\/bus-aeropuerto-el-bolson\\\/&quot;,&quot;item_list_name&quot;:&quot;General Product List&quot;,&quot;index&quot;:1,&quot;product_type&quot;:&quot;phive_booking&quot;,&quot;item_brand&quot;:&quot;&quot;}\"><\/span><div class=\"precio-sin-iva\">Precio s\/ imp. nac. <span class=\"woocommerce-Price-amount amount\"><bdi><span class=\"woocommerce-Price-currencySymbol\">&#36;<\/span>&nbsp;11.570<\/bdi><\/span><\/div>\n\t\t\t\t<\/figcaption>\n\t\t\t<\/figure>\n\t\t<\/article>\n\n\t\t<\/div><div class=\"visible wf-cell product-wrap\" data-post-id=\"64378\">\n\t\t<article class=\"post visible description-off product type-product post-64378 status-publish instock product_cat-traslados has-post-thumbnail virtual sold-individually purchasable product-type-phive_booking project-odd\">\n\t\t\t<figure class=\"woocom-project\">\n\t\t\t\t<div class=\"trigger-img-hover woo-buttons-on-img\">\n\n\t\t\t\t\t<div class=\"img-border\"><a href=\"https:\/\/tienda.aeropuertosargentina.com\/bariloche\/producto\/traslado-aeropuerto-vlangostura\/\" class=\"alignnone img-wrap layzr-bg img-css-resize-wrapper\"><img decoding=\"async\" width=\"800\" height=\"800\" src=\"data:image\/svg+xml,%3Csvg%20xmlns%3D&#039;http%3A%2F%2Fwww.w3.org%2F2000%2Fsvg&#039;%20viewBox%3D&#039;0%200%20800%20800&#039;%2F%3E\" class=\"attachment-full size-full preload-me aspect lazy lazy-load\" alt=\"Bus Aeropuerto BRC - Villa La Angostura\" sizes=\"(max-width: 800px) 100vw, 800px\" style=\"--ratio: 800 \/ 800;\" data-src=\"https:\/\/tienda.aeropuertosargentina.com\/bariloche\/wp-content\/uploads\/2025\/01\/Vlangostura.png\" loading=\"eager\" data-srcset=\"https:\/\/tienda.aeropuertosargentina.com\/bariloche\/wp-content\/uploads\/2025\/01\/Vlangostura.png 800w, https:\/\/tienda.aeropuertosargentina.com\/bariloche\/wp-content\/uploads\/2025\/01\/Vlangostura-300x300.png 300w, https:\/\/tienda.aeropuertosargentina.com\/bariloche\/wp-content\/uploads\/2025\/01\/Vlangostura-150x150.png 150w, https:\/\/tienda.aeropuertosargentina.com\/bariloche\/wp-content\/uploads\/2025\/01\/Vlangostura-768x768.png 768w, https:\/\/tienda.aeropuertosargentina.com\/bariloche\/wp-content\/uploads\/2025\/01\/Vlangostura-200x200.png 200w\" \/><\/a><\/div>\n\t\t\t\t<\/div>\n\t\t\t\t<figcaption class=\"woocom-list-content\">\n\n\t\t\t\t\t<h4 class=\"product-title \"><a href=\"https:\/\/tienda.aeropuertosargentina.com\/bariloche\/producto\/traslado-aeropuerto-vlangostura\/\" title=\"Bus Aeropuerto BRC &#8211; Villa La Angostura\" rel=\"bookmark\">Bus Aeropuerto BRC - Villa La Angostura<\/a><\/h4><span class=\"price\"><span class=\"woocommerce-Price-amount amount\"><span class=\"woocommerce-Price-currencySymbol\">&#036;<\/span>&nbsp;9.100<\/span><\/span><div class=\"woo-list-buttons\"><a data-product_id=\"64378\" data-product_sku=\"\" aria-label=\"Le\u00e9 m\u00e1s sobre &ldquo;Bus Aeropuerto BRC - Villa La Angostura&rdquo;\" rel=\"nofollow\" data-show_after_cart_modal=\"64378\" href=\"https:\/\/tienda.aeropuertosargentina.com\/bariloche\/producto\/traslado-aeropuerto-vlangostura\/\" data-quantity=\"1\" data-widget-id=\"d037033\" class=\"product_type_phive_booking add_to_cart_button box-button elementor-button elementor-size-md\">Reservar<i aria-hidden=\"true\" class=\"elementor-button-icon fas fa-shopping-cart\"><\/i><\/a><\/div><span class=\"gtm4wp_productdata\" style=\"display:none; visibility:hidden;\" data-gtm4wp_product_data=\"{&quot;internal_id&quot;:64378,&quot;item_id&quot;:64378,&quot;item_name&quot;:&quot;Bus Aeropuerto BRC - Villa La Angostura&quot;,&quot;sku&quot;:64378,&quot;price&quot;:9100,&quot;stocklevel&quot;:null,&quot;stockstatus&quot;:&quot;instock&quot;,&quot;google_business_vertical&quot;:&quot;retail&quot;,&quot;item_category&quot;:&quot;Traslados&quot;,&quot;id&quot;:64378,&quot;productlink&quot;:&quot;https:\\\/\\\/tienda.aeropuertosargentina.com\\\/bariloche\\\/producto\\\/traslado-aeropuerto-vlangostura\\\/&quot;,&quot;item_list_name&quot;:&quot;General Product List&quot;,&quot;index&quot;:2,&quot;product_type&quot;:&quot;phive_booking&quot;,&quot;item_brand&quot;:&quot;&quot;}\"><\/span><div class=\"precio-sin-iva\">Precio s\/ imp. nac. <span class=\"woocommerce-Price-amount amount\"><bdi><span class=\"woocommerce-Price-currencySymbol\">&#36;<\/span>&nbsp;7.521<\/bdi><\/span><\/div>\n\t\t\t\t<\/figcaption>\n\t\t\t<\/figure>\n\t\t<\/article>\n\n\t\t<\/div><\/div><\/div><div class=\"hidden added-to-cart-icon-template\"><i aria-hidden=\"true\" class=\" fas fa-shopping-cart\"><\/i><\/div>\t\t\t\t<\/div>\n\t\t\t\t<\/div>\n\t\t\t\t\t<\/div>\n\t\t\t\t<\/div>\n\t\t<div class=\"elementor-element elementor-element-8c6b9fb e-flex e-con-boxed e-con e-parent\" data-id=\"8c6b9fb\" data-element_type=\"container\" data-e-type=\"container\">\n\t\t\t\t\t<div class=\"e-con-inner\">\n\t\t\t\t<div class=\"elementor-element elementor-element-ccbfff6 elementor-widget elementor-widget-heading\" data-id=\"ccbfff6\" data-element_type=\"widget\" data-e-type=\"widget\" data-widget_type=\"heading.default\">\n\t\t\t\t<div class=\"elementor-widget-container\">\n\t\t\t\t\t<h2 class=\"elementor-heading-title elementor-size-default\">Bus desde Localidades al Aeropuerto de Bariloche<\/h2>\t\t\t\t<\/div>\n\t\t\t\t<\/div>\n\t\t\t\t<div class=\"elementor-element elementor-element-066bf1e variations-visible-n layout-content_below_img btn-position-below_image label-position-left icon-visibility-y elementor-widget elementor-widget-the7-wc-products\" data-id=\"066bf1e\" data-element_type=\"widget\" data-e-type=\"widget\" data-settings=\"{&quot;show_variations&quot;:&quot;n&quot;,&quot;show_add_to_cart&quot;:&quot;y&quot;}\" data-widget_type=\"the7-wc-products.default\">\n\t\t\t\t<div class=\"elementor-widget-container\">\n\t\t\t\t\t<div class=\"products-shortcode the7-elementor-widget loading-effect-none the7-wc-products-066bf1e mode-grid dt-css-grid-wrap cart-btn-below-img wc-img-hover resize-by-browser-width jquery-filter\" data-padding=\"0\" data-cur-page=\"1\" data-wide-desktop-columns-num=\"3\" data-desktop-columns-num=\"3\" data-v-tablet-columns-num=\"2\" data-phone-columns-num=\"1\" data-post-limit=\"-1\" data-pagination-mode=\"none\" data-scroll-offset=\"\" aria-live=\"assertive\"><div class=\"dt-css-grid custom-pagination-handler\"><div class=\"visible wf-cell product-wrap\" data-post-id=\"64388\">\n\t\t<article class=\"post visible description-off product type-product post-64388 status-publish first instock product_cat-traslados has-post-thumbnail virtual sold-individually purchasable product-type-phive_booking project-odd\">\n\t\t\t<figure class=\"woocom-project\">\n\t\t\t\t<div class=\"trigger-img-hover woo-buttons-on-img\">\n\n\t\t\t\t\t<div class=\"img-border\"><a href=\"https:\/\/tienda.aeropuertosargentina.com\/bariloche\/producto\/bus-villa-langostura-aeropuerto-bariloche\/\" class=\"alignnone img-wrap layzr-bg img-css-resize-wrapper\"><img decoding=\"async\" width=\"800\" height=\"800\" src=\"data:image\/svg+xml,%3Csvg%20xmlns%3D&#039;http%3A%2F%2Fwww.w3.org%2F2000%2Fsvg&#039;%20viewBox%3D&#039;0%200%20800%20800&#039;%2F%3E\" class=\"attachment-full size-full preload-me aspect lazy lazy-load\" alt=\"Bus Villa La Angostura - Aeropuerto BRC\" sizes=\"(max-width: 800px) 100vw, 800px\" style=\"--ratio: 800 \/ 800;\" data-src=\"https:\/\/tienda.aeropuertosargentina.com\/bariloche\/wp-content\/uploads\/2025\/01\/Aeropuerto.png\" loading=\"eager\" data-srcset=\"https:\/\/tienda.aeropuertosargentina.com\/bariloche\/wp-content\/uploads\/2025\/01\/Aeropuerto.png 800w, https:\/\/tienda.aeropuertosargentina.com\/bariloche\/wp-content\/uploads\/2025\/01\/Aeropuerto-300x300.png 300w, https:\/\/tienda.aeropuertosargentina.com\/bariloche\/wp-content\/uploads\/2025\/01\/Aeropuerto-150x150.png 150w, https:\/\/tienda.aeropuertosargentina.com\/bariloche\/wp-content\/uploads\/2025\/01\/Aeropuerto-768x768.png 768w, https:\/\/tienda.aeropuertosargentina.com\/bariloche\/wp-content\/uploads\/2025\/01\/Aeropuerto-200x200.png 200w\" \/><\/a><\/div>\n\t\t\t\t<\/div>\n\t\t\t\t<figcaption class=\"woocom-list-content\">\n\n\t\t\t\t\t<h4 class=\"product-title \"><a href=\"https:\/\/tienda.aeropuertosargentina.com\/bariloche\/producto\/bus-villa-langostura-aeropuerto-bariloche\/\" title=\"Bus Villa La Angostura &#8211; Aeropuerto BRC\" rel=\"bookmark\">Bus Villa La Angostura - Aeropuerto BRC<\/a><\/h4><span class=\"price\"><span class=\"woocommerce-Price-amount amount\"><span class=\"woocommerce-Price-currencySymbol\">&#036;<\/span>&nbsp;9.100<\/span><\/span><div class=\"woo-list-buttons\"><a data-product_id=\"64388\" data-product_sku=\"\" aria-label=\"Le\u00e9 m\u00e1s sobre &ldquo;Bus Villa La Angostura - Aeropuerto BRC&rdquo;\" rel=\"nofollow\" data-show_after_cart_modal=\"64388\" href=\"https:\/\/tienda.aeropuertosargentina.com\/bariloche\/producto\/bus-villa-langostura-aeropuerto-bariloche\/\" data-quantity=\"1\" data-widget-id=\"066bf1e\" class=\"product_type_phive_booking add_to_cart_button box-button elementor-button elementor-size-md\">Reservar<i aria-hidden=\"true\" class=\"elementor-button-icon fas fa-shopping-cart\"><\/i><\/a><\/div><span class=\"gtm4wp_productdata\" style=\"display:none; visibility:hidden;\" data-gtm4wp_product_data=\"{&quot;internal_id&quot;:64388,&quot;item_id&quot;:64388,&quot;item_name&quot;:&quot;Bus Villa La Angostura - Aeropuerto BRC&quot;,&quot;sku&quot;:64388,&quot;price&quot;:9100,&quot;stocklevel&quot;:null,&quot;stockstatus&quot;:&quot;instock&quot;,&quot;google_business_vertical&quot;:&quot;retail&quot;,&quot;item_category&quot;:&quot;Traslados&quot;,&quot;id&quot;:64388,&quot;productlink&quot;:&quot;https:\\\/\\\/tienda.aeropuertosargentina.com\\\/bariloche\\\/producto\\\/bus-villa-langostura-aeropuerto-bariloche\\\/&quot;,&quot;item_list_name&quot;:&quot;General Product List&quot;,&quot;index&quot;:1,&quot;product_type&quot;:&quot;phive_booking&quot;,&quot;item_brand&quot;:&quot;&quot;}\"><\/span><div class=\"precio-sin-iva\">Precio s\/ imp. nac. <span class=\"woocommerce-Price-amount amount\"><bdi><span class=\"woocommerce-Price-currencySymbol\">&#36;<\/span>&nbsp;7.521<\/bdi><\/span><\/div>\n\t\t\t\t<\/figcaption>\n\t\t\t<\/figure>\n\t\t<\/article>\n\n\t\t<\/div><div class=\"visible wf-cell product-wrap\" data-post-id=\"64377\">\n\t\t<article class=\"post visible description-off product type-product post-64377 status-publish instock product_cat-traslados has-post-thumbnail virtual sold-individually purchasable product-type-phive_booking project-odd\">\n\t\t\t<figure class=\"woocom-project\">\n\t\t\t\t<div class=\"trigger-img-hover woo-buttons-on-img\">\n\n\t\t\t\t\t<div class=\"img-border\"><a href=\"https:\/\/tienda.aeropuertosargentina.com\/bariloche\/producto\/bus-el-bolson-aeropuerto-de-bariloche\/\" class=\"alignnone img-wrap layzr-bg img-css-resize-wrapper\"><img decoding=\"async\" width=\"800\" height=\"800\" src=\"data:image\/svg+xml,%3Csvg%20xmlns%3D&#039;http%3A%2F%2Fwww.w3.org%2F2000%2Fsvg&#039;%20viewBox%3D&#039;0%200%20800%20800&#039;%2F%3E\" class=\"attachment-full size-full preload-me aspect lazy lazy-load\" alt=\"Bus El Bols\u00f3n - Aeropuerto BRC\" sizes=\"(max-width: 800px) 100vw, 800px\" style=\"--ratio: 800 \/ 800;\" data-src=\"https:\/\/tienda.aeropuertosargentina.com\/bariloche\/wp-content\/uploads\/2025\/01\/Aeropuerto.png\" loading=\"eager\" data-srcset=\"https:\/\/tienda.aeropuertosargentina.com\/bariloche\/wp-content\/uploads\/2025\/01\/Aeropuerto.png 800w, https:\/\/tienda.aeropuertosargentina.com\/bariloche\/wp-content\/uploads\/2025\/01\/Aeropuerto-300x300.png 300w, https:\/\/tienda.aeropuertosargentina.com\/bariloche\/wp-content\/uploads\/2025\/01\/Aeropuerto-150x150.png 150w, https:\/\/tienda.aeropuertosargentina.com\/bariloche\/wp-content\/uploads\/2025\/01\/Aeropuerto-768x768.png 768w, https:\/\/tienda.aeropuertosargentina.com\/bariloche\/wp-content\/uploads\/2025\/01\/Aeropuerto-200x200.png 200w\" \/><\/a><\/div>\n\t\t\t\t<\/div>\n\t\t\t\t<figcaption class=\"woocom-list-content\">\n\n\t\t\t\t\t<h4 class=\"product-title \"><a href=\"https:\/\/tienda.aeropuertosargentina.com\/bariloche\/producto\/bus-el-bolson-aeropuerto-de-bariloche\/\" title=\"Bus El Bols\u00f3n &#8211; Aeropuerto BRC\" rel=\"bookmark\">Bus El Bols\u00f3n - Aeropuerto BRC<\/a><\/h4><span class=\"price\"><span class=\"woocommerce-Price-amount amount\"><span class=\"woocommerce-Price-currencySymbol\">&#036;<\/span>&nbsp;14.000<\/span><\/span><div class=\"woo-list-buttons\"><a data-product_id=\"64377\" data-product_sku=\"\" aria-label=\"Le\u00e9 m\u00e1s sobre &ldquo;Bus El Bols\u00f3n - Aeropuerto BRC&rdquo;\" rel=\"nofollow\" data-show_after_cart_modal=\"64377\" href=\"https:\/\/tienda.aeropuertosargentina.com\/bariloche\/producto\/bus-el-bolson-aeropuerto-de-bariloche\/\" data-quantity=\"1\" data-widget-id=\"066bf1e\" class=\"product_type_phive_booking add_to_cart_button box-button elementor-button elementor-size-md\">Reservar<i aria-hidden=\"true\" class=\"elementor-button-icon fas fa-shopping-cart\"><\/i><\/a><\/div><span class=\"gtm4wp_productdata\" style=\"display:none; visibility:hidden;\" data-gtm4wp_product_data=\"{&quot;internal_id&quot;:64377,&quot;item_id&quot;:64377,&quot;item_name&quot;:&quot;Bus El Bols\\u00f3n - Aeropuerto BRC&quot;,&quot;sku&quot;:64377,&quot;price&quot;:14000,&quot;stocklevel&quot;:null,&quot;stockstatus&quot;:&quot;instock&quot;,&quot;google_business_vertical&quot;:&quot;retail&quot;,&quot;item_category&quot;:&quot;Traslados&quot;,&quot;id&quot;:64377,&quot;productlink&quot;:&quot;https:\\\/\\\/tienda.aeropuertosargentina.com\\\/bariloche\\\/producto\\\/bus-el-bolson-aeropuerto-de-bariloche\\\/&quot;,&quot;item_list_name&quot;:&quot;General Product List&quot;,&quot;index&quot;:2,&quot;product_type&quot;:&quot;phive_booking&quot;,&quot;item_brand&quot;:&quot;&quot;}\"><\/span><div class=\"precio-sin-iva\">Precio s\/ imp. nac. <span class=\"woocommerce-Price-amount amount\"><bdi><span class=\"woocommerce-Price-currencySymbol\">&#36;<\/span>&nbsp;11.570<\/bdi><\/span><\/div>\n\t\t\t\t<\/figcaption>\n\t\t\t<\/figure>\n\t\t<\/article>\n\n\t\t<\/div><\/div><\/div><div class=\"hidden added-to-cart-icon-template\"><i aria-hidden=\"true\" class=\" fas fa-shopping-cart\"><\/i><\/div>\t\t\t\t<\/div>\n\t\t\t\t<\/div>\n\t\t\t\t\t<\/div>\n\t\t\t\t<\/div>\n\t\t\t\t<\/div>\n\t\t","protected":false},"excerpt":{"rendered":"<p>Bus desde el Aeropuerto de Bariloche a Localidades Bus Aeropuerto BRC &#8211; El Bols\u00f3n &#036;&nbsp;0Reservar Bus Aeropuerto BRC &#8211; Esquel &#036;&nbsp;0Reservar Bus Aeropuerto BRC &#8211; Villa La Angostura &#036;&nbsp;0Reservar Bus desde Localidades al Aeropuerto de Bariloche Bus Villa La Angostura &#8211; Aeropuerto BRC &#036;&nbsp;0Reservar Bus Esquel &#8211; Aeropuerto BRC &#036;&nbsp;0Reservar Bus El bols\u00f3n &#8211; Aeropuerto&hellip;<\/p>\n","protected":false},"author":1,"featured_media":0,"parent":0,"menu_order":0,"comment_status":"closed","ping_status":"closed","template":"","meta":{"_acf_changed":false,"footnotes":""},"class_list":["post-64576","page","type-page","status-publish","hentry","description-off"],"acf":[],"_links":{"self":[{"href":"https:\/\/tienda.aeropuertosargentina.com\/bariloche\/wp-json\/wp\/v2\/pages\/64576","targetHints":{"allow":["GET"]}}],"collection":[{"href":"https:\/\/tienda.aeropuertosargentina.com\/bariloche\/wp-json\/wp\/v2\/pages"}],"about":[{"href":"https:\/\/tienda.aeropuertosargentina.com\/bariloche\/wp-json\/wp\/v2\/types\/page"}],"author":[{"embeddable":true,"href":"https:\/\/tienda.aeropuertosargentina.com\/bariloche\/wp-json\/wp\/v2\/users\/1"}],"replies":[{"embeddable":true,"href":"https:\/\/tienda.aeropuertosargentina.com\/bariloche\/wp-json\/wp\/v2\/comments?post=64576"}],"version-history":[{"count":0,"href":"https:\/\/tienda.aeropuertosargentina.com\/bariloche\/wp-json\/wp\/v2\/pages\/64576\/revisions"}],"wp:attachment":[{"href":"https:\/\/tienda.aeropuertosargentina.com\/bariloche\/wp-json\/wp\/v2\/media?parent=64576"}],"curies":[{"name":"wp","href":"https:\/\/api.w.org\/{rel}","templated":true}]}}