{"id":64352,"date":"2025-01-02T16:03:47","date_gmt":"2025-01-02T19:03:47","guid":{"rendered":"https:\/\/tienda.aeropuertosargentina.com\/bariloche\/?post_type=product&#038;p=64352"},"modified":"2026-03-31T15:01:38","modified_gmt":"2026-03-31T18:01:38","slug":"scon-queso","status":"publish","type":"product","link":"https:\/\/tienda.aeropuertosargentina.com\/bariloche\/producto\/scon-queso\/","title":{"rendered":"Scon Queso"},"content":{"rendered":"","protected":false},"excerpt":{"rendered":"<p><strong>\u00a1Disfrut\u00e1 de un delicioso scon de queso!<\/strong><br \/>\nUna opci\u00f3n sabrosa y pr\u00e1ctica para acompa\u00f1ar tu pausa durante tu paso por el aeropuerto.<\/p>\n","protected":false},"featured_media":64410,"template":"","meta":{"_acf_changed":false,"_iconic_wsb_product_page_order_bump_ids":[[]],"_sku":[],"_iconic_wsb_product_page_bump_modal_ids":[[]]},"product_brand":[],"product_cat":[325],"product_tag":[],"class_list":{"0":"post-64352","1":"product","2":"type-product","3":"status-publish","4":"has-post-thumbnail","6":"product_cat-gastronomia","7":"description-off","9":"first","10":"instock","11":"sold-individually","12":"shipping-taxable","13":"purchasable","14":"product-type-simple"},"acf":[],"_links":{"self":[{"href":"https:\/\/tienda.aeropuertosargentina.com\/bariloche\/wp-json\/wp\/v2\/product\/64352","targetHints":{"allow":["GET"]}}],"collection":[{"href":"https:\/\/tienda.aeropuertosargentina.com\/bariloche\/wp-json\/wp\/v2\/product"}],"about":[{"href":"https:\/\/tienda.aeropuertosargentina.com\/bariloche\/wp-json\/wp\/v2\/types\/product"}],"wp:featuredmedia":[{"embeddable":true,"href":"https:\/\/tienda.aeropuertosargentina.com\/bariloche\/wp-json\/wp\/v2\/media\/64410"}],"wp:attachment":[{"href":"https:\/\/tienda.aeropuertosargentina.com\/bariloche\/wp-json\/wp\/v2\/media?parent=64352"}],"wp:term":[{"taxonomy":"product_brand","embeddable":true,"href":"https:\/\/tienda.aeropuertosargentina.com\/bariloche\/wp-json\/wp\/v2\/product_brand?post=64352"},{"taxonomy":"product_cat","embeddable":true,"href":"https:\/\/tienda.aeropuertosargentina.com\/bariloche\/wp-json\/wp\/v2\/product_cat?post=64352"},{"taxonomy":"product_tag","embeddable":true,"href":"https:\/\/tienda.aeropuertosargentina.com\/bariloche\/wp-json\/wp\/v2\/product_tag?post=64352"}],"curies":[{"name":"wp","href":"https:\/\/api.w.org\/{rel}","templated":true}]}}