{"id":65393,"date":"2025-02-25T10:14:01","date_gmt":"2025-02-25T13:14:01","guid":{"rendered":"https:\/\/tienda.aeropuertosargentina.com\/bariloche\/?post_type=product&#038;p=65393"},"modified":"2026-04-22T14:44:52","modified_gmt":"2026-04-22T17:44:52","slug":"alquiler-auto-pick-up-4x4","status":"publish","type":"product","link":"https:\/\/tienda.aeropuertosargentina.com\/bariloche\/producto\/alquiler-auto-pick-up-4x4\/","title":{"rendered":"Alquiler auto Pick Up\/4&#215;4"},"content":{"rendered":"","protected":false},"excerpt":{"rendered":"<h2><b><span data-contrast=\"auto\">Alquiler auto Pick Up\/4&#215;4 \u2013 Hertz<\/span><\/b><span data-contrast=\"auto\">\u00a0<\/span><span data-ccp-props=\"{&quot;134233117&quot;:false,&quot;134233118&quot;:false,&quot;335559738&quot;:0,&quot;335559739&quot;:0}\">\u00a0<\/span><\/h2>\n<p><b><span data-contrast=\"auto\">Reserv\u00e1 tu Pick Up 4&#215;4 con Hertz y retirala directamente en el Aeropuerto de Bariloche.<\/span><\/b><span data-ccp-props=\"{&quot;134233117&quot;:false,&quot;134233118&quot;:false,&quot;335559738&quot;:0,&quot;335559739&quot;:0}\">\u00a0<\/span><\/p>\n<p><span data-contrast=\"auto\">Veh\u00edculos potentes y espaciosos, ideales para traslados con equipaje voluminoso o viajes fuera de ruta.\u00a0<\/span><span data-ccp-props=\"{&quot;134233117&quot;:false,&quot;134233118&quot;:false,&quot;335559738&quot;:0,&quot;335559739&quot;:0}\">\u00a0<\/span><\/p>\n<h3><b><span data-contrast=\"auto\">Caracter\u00edsticas del veh\u00edculo<\/span><\/b><span data-contrast=\"auto\">\u00a0<\/span><span data-ccp-props=\"{&quot;134233117&quot;:false,&quot;134233118&quot;:false,&quot;335559738&quot;:0,&quot;335559739&quot;:0}\">\u00a0<\/span><\/h3>\n<ul>\n<li><span data-contrast=\"auto\">Modelo: Nissan Frontier manual (o similar)\u00a0<\/span><span data-ccp-props=\"{&quot;134233117&quot;:false,&quot;134233118&quot;:false,&quot;335559685&quot;:1068,&quot;335559737&quot;:0,&quot;335559738&quot;:0,&quot;335559739&quot;:0,&quot;335559991&quot;:360}\">\u00a0<\/span><\/li>\n<li><span data-contrast=\"auto\">Capacidad: hasta 5 pasajeros\u00a0<\/span><span data-ccp-props=\"{&quot;134233117&quot;:false,&quot;134233118&quot;:false,&quot;335559685&quot;:1068,&quot;335559737&quot;:0,&quot;335559738&quot;:0,&quot;335559739&quot;:0,&quot;335559991&quot;:360}\">\u00a0<\/span><\/li>\n<li><span data-contrast=\"auto\">Equipaje: 4 valijas grandes + 4 valijas chicas\u00a0<\/span><span data-ccp-props=\"{&quot;134233117&quot;:false,&quot;134233118&quot;:false,&quot;335559685&quot;:1068,&quot;335559737&quot;:0,&quot;335559738&quot;:0,&quot;335559739&quot;:0,&quot;335559991&quot;:360}\">\u00a0<\/span><\/li>\n<li><span data-contrast=\"auto\">Caja manual\u00a0<\/span><span data-ccp-props=\"{&quot;134233117&quot;:false,&quot;134233118&quot;:false,&quot;335559685&quot;:1068,&quot;335559737&quot;:0,&quot;335559738&quot;:0,&quot;335559739&quot;:0,&quot;335559991&quot;:360}\">\u00a0<\/span><\/li>\n<li><span data-contrast=\"auto\">Aire acondicionado\u00a0<\/span><span data-ccp-props=\"{&quot;134233117&quot;:false,&quot;134233118&quot;:false,&quot;335559685&quot;:1068,&quot;335559737&quot;:0,&quot;335559738&quot;:0,&quot;335559739&quot;:0,&quot;335559991&quot;:360}\">\u00a0<\/span><\/li>\n<li><span data-contrast=\"auto\">Sistema de frenos ABS\u00a0<\/span><span data-ccp-props=\"{&quot;134233117&quot;:false,&quot;134233118&quot;:false,&quot;335559685&quot;:1068,&quot;335559737&quot;:0,&quot;335559738&quot;:0,&quot;335559739&quot;:0,&quot;335559991&quot;:360}\">\u00a0<\/span><\/li>\n<li><span data-contrast=\"auto\">Kilometraje libre\u00a0<\/span><span data-ccp-props=\"{&quot;134233117&quot;:false,&quot;134233118&quot;:false,&quot;335559685&quot;:1068,&quot;335559737&quot;:0,&quot;335559738&quot;:0,&quot;335559739&quot;:0,&quot;335559991&quot;:360}\">\u00a0<\/span><\/li>\n<li><span data-contrast=\"auto\">Combustible: di\u00e9sel\u00a0<\/span><span data-ccp-props=\"{&quot;134233117&quot;:false,&quot;134233118&quot;:false,&quot;335559685&quot;:1068,&quot;335559737&quot;:0,&quot;335559738&quot;:0,&quot;335559739&quot;:0,&quot;335559991&quot;:360}\">\u00a0<\/span><\/li>\n<li><span data-contrast=\"auto\">Protecci\u00f3n b\u00e1sica incluida (pod\u00e9s solicitar una cobertura mayor al momento de retirar el veh\u00edculo)\u00a0<\/span><span data-ccp-props=\"{&quot;134233117&quot;:false,&quot;134233118&quot;:false,&quot;335559685&quot;:1068,&quot;335559737&quot;:0,&quot;335559738&quot;:0,&quot;335559739&quot;:0,&quot;335559991&quot;:360}\">\u00a0<\/span><\/li>\n<\/ul>\n<p><span data-contrast=\"auto\">\ud83d\udd14 El veh\u00edculo se retira en el Aeropuerto de Bariloche. Una vez confirmada la reserva, recibir\u00e1s las instrucciones para la entrega.\u00a0<\/span><span data-ccp-props=\"{&quot;134233117&quot;:false,&quot;134233118&quot;:false,&quot;335559738&quot;:0,&quot;335559739&quot;:0}\">\u00a0<\/span><\/p>\n<p><b><span data-contrast=\"auto\">Reserv\u00e1 online tu Pick Up 4&#215;4 <\/span><\/b><b><span data-contrast=\"auto\">y relajate el d\u00eda de tu paso por el aeropuerto.<\/span><\/b><span data-contrast=\"auto\">\u00a0<\/span><span data-ccp-props=\"{&quot;134233117&quot;:false,&quot;134233118&quot;:false,&quot;335559738&quot;:0,&quot;335559739&quot;:0}\">\u00a0<\/span><\/p>\n","protected":false},"featured_media":65605,"template":"","meta":{"_acf_changed":false,"_iconic_wsb_product_page_order_bump_ids":[[]],"_sku":[],"_iconic_wsb_product_page_bump_modal_ids":[[]]},"product_brand":[],"product_cat":[320],"product_tag":[],"class_list":{"0":"post-65393","1":"product","2":"type-product","3":"status-publish","4":"has-post-thumbnail","6":"product_cat-alquiler-de-autos","7":"description-off","9":"first","10":"instock","11":"virtual","12":"sold-individually","13":"purchasable","14":"product-type-phive_booking"},"acf":[],"_links":{"self":[{"href":"https:\/\/tienda.aeropuertosargentina.com\/bariloche\/wp-json\/wp\/v2\/product\/65393","targetHints":{"allow":["GET"]}}],"collection":[{"href":"https:\/\/tienda.aeropuertosargentina.com\/bariloche\/wp-json\/wp\/v2\/product"}],"about":[{"href":"https:\/\/tienda.aeropuertosargentina.com\/bariloche\/wp-json\/wp\/v2\/types\/product"}],"wp:featuredmedia":[{"embeddable":true,"href":"https:\/\/tienda.aeropuertosargentina.com\/bariloche\/wp-json\/wp\/v2\/media\/65605"}],"wp:attachment":[{"href":"https:\/\/tienda.aeropuertosargentina.com\/bariloche\/wp-json\/wp\/v2\/media?parent=65393"}],"wp:term":[{"taxonomy":"product_brand","embeddable":true,"href":"https:\/\/tienda.aeropuertosargentina.com\/bariloche\/wp-json\/wp\/v2\/product_brand?post=65393"},{"taxonomy":"product_cat","embeddable":true,"href":"https:\/\/tienda.aeropuertosargentina.com\/bariloche\/wp-json\/wp\/v2\/product_cat?post=65393"},{"taxonomy":"product_tag","embeddable":true,"href":"https:\/\/tienda.aeropuertosargentina.com\/bariloche\/wp-json\/wp\/v2\/product_tag?post=65393"}],"curies":[{"name":"wp","href":"https:\/\/api.w.org\/{rel}","templated":true}]}}