{"id":76410,"date":"2026-05-07T12:42:25","date_gmt":"2026-05-07T15:42:25","guid":{"rendered":"https:\/\/tienda.aeropuertosargentina.com\/bariloche\/?post_type=product&#038;p=76410"},"modified":"2026-05-11T00:05:22","modified_gmt":"2026-05-11T03:05:22","slug":"estacionamiento-cubierto","status":"publish","type":"product","link":"https:\/\/tienda.aeropuertosargentina.com\/bariloche\/producto\/estacionamiento-cubierto\/","title":{"rendered":"Estacionamiento (desde 1 d\u00eda) + 1 Embalaje de Valijas Gratis"},"content":{"rendered":"","protected":false},"excerpt":{"rendered":"<div style=\"background-color: #f2f4f5;padding: 20px;border-radius: 6px;font-family: Arial, Helvetica, sans-serif;color: #000;max-width: 700px\">\n<h4 style=\"font-size: 18px;font-weight: bold;margin: 0 0 5px 0\">\ud83d\udd25HOT SALE\ud83d\udd25<\/h4>\n<p style=\"margin: 0 0 0 0;font-size: 16px;line-height: 1.2;color: #2c8c95\"><strong>HASTA 75% OFF EXTRA + 1 EMBALAJE DE VALIJAS GRATIS<\/strong><\/p>\n<\/div>\n<h2><strong>Estacionamiento en el Aeropuerto de Bariloche<\/strong><\/h2>\n<p data-start=\"45\" data-end=\"181\">Reserv\u00e1 tu lugar en el <strong>estacionamiento oficial del Aeropuerto de Bariloche<\/strong> con precios exclusivos online y asegur\u00e1 tu espacio al llegar.<\/p>\n<h3 data-start=\"183\" data-end=\"759\"><strong data-start=\"183\" data-end=\"197\">Beneficios<\/strong><\/h3>\n<ul>\n<li data-start=\"183\" data-end=\"759\"><strong>Precio exclusivo online:<\/strong> mientras m\u00e1s d\u00edas te qued\u00e1s, m\u00e1s ahorr\u00e1s.<\/li>\n<li data-start=\"183\" data-end=\"759\"><strong>Ubicaci\u00f3n conveniente:<\/strong> dentro del aeropuerto, con acceso directo a la terminal.<\/li>\n<li data-start=\"183\" data-end=\"759\"><strong>Embalaje de valijas gratis:<\/strong> proteg\u00e9 tu equipaje sin costo adicional antes de viajar.<\/li>\n<li data-start=\"183\" data-end=\"759\"><strong>Reserva 100% online:<\/strong> realizala con al menos 6 horas de anticipaci\u00f3n, para fechas dentro de los pr\u00f3ximos 120 d\u00edas.<\/li>\n<li data-start=\"183\" data-end=\"759\"><strong>Flexibilidad:<\/strong> cont\u00e1s con 3 horas de tolerancia antes y despu\u00e9s del horario reservado, sin cargo adicional.<\/li>\n<\/ul>\n<h3 data-start=\"761\" data-end=\"1004\"><strong data-start=\"761\" data-end=\"792\">\u00bfC\u00f3mo utilizar el servicio?<\/strong><\/h3>\n<ul>\n<li data-start=\"761\" data-end=\"1004\"><strong>Despu\u00e9s de reservar:<\/strong> recibir\u00e1s por mail la confirmaci\u00f3n y el QR para egresar.<\/li>\n<li data-start=\"761\" data-end=\"1004\"><strong>Al llegar:<\/strong> ingres\u00e1 por v\u00eda manual y retir\u00e1 ticket.<\/li>\n<li data-start=\"761\" data-end=\"1004\"><strong>Al regresar:<\/strong> para salir, escane\u00e1 primero el ticket de ingreso y luego el QR.<\/li>\n<\/ul>\n<p><span data-contrast=\"auto\">\ud83d\udd14<\/span>\u00a0<b><span data-contrast=\"auto\">Importante:<\/span><\/b><span data-contrast=\"auto\">\u00a0no uses TelePASE si ten\u00e9s reserva online para evitar cobros autom\u00e1ticos.<\/span><\/p>\n<h3><b><span data-contrast=\"auto\">\u00bfSuperaste el tiempo reservado?<\/span><\/b><span data-ccp-props=\"{}\">\u00a0<\/span><\/h3>\n<p><span data-contrast=\"auto\">Pod\u00e9s abonar la diferencia en una cabina de pago, seg\u00fan el <\/span><a href=\"https:\/\/www.aeropuertosargentina.com\/es\/AEP\/servicios\/estacionamiento\"><strong>precio vigente<\/strong><\/a> del aeropuerto.<\/p>\n<p><strong>Descubr\u00ed cu\u00e1nto pod\u00e9s ahorrar con tu reserva online<\/strong><\/p>\n<p><em>Pod\u00e9s reservar desde 1 d\u00eda en adelante de estacionamiento.<\/em><\/p>\n<table style=\"width: 400px;min-width: 400px;margin-left: 2;border-collapse: collapse;font-family: 'Open Sans', Arial, sans-serif;text-align: center;font-size: 12px\">\n<thead>\n<tr style=\"background-color: #007381;color: #ffffff\">\n<th style=\"padding: 8px;border: 1px solid #dddddd\">Ejemplos de estad\u00edas<\/th>\n<th style=\"padding: 8px;border: 1px solid #dddddd\">Precio en el aeropuerto<\/th>\n<th style=\"padding: 8px;border: 1px solid #dddddd\">Reserva online<br \/>\n<span style=\"font-size: 10px\">(precio exclusivo)<\/span><\/th>\n<\/tr>\n<\/thead>\n<tbody>\n<tr style=\"background-color: #ffffff\">\n<td style=\"padding: 8px;border: 1px solid #ddd\">4 d\u00edas<\/td>\n<td style=\"padding: 8px;border: 1px solid #ddd\">$ 240.000<\/td>\n<td style=\"padding: 6px 8px;border: 1px solid #ddd;background-color: #e6f2f2;font-weight: bold;color: #333\">\n<div style=\"line-height: 1.25\">$ 125.000<\/div>\n<div style=\"margin-top: 2px;color: #007381;font-size: 11px;line-height: 1.15\">(48% OFF)<\/div>\n<\/td>\n<\/tr>\n<tr style=\"background-color: #f9f9f9\">\n<td style=\"padding: 8px;border: 1px solid #ddd\">7 d\u00edas<\/td>\n<td style=\"padding: 8px;border: 1px solid #ddd\">$ 420.000<\/td>\n<td style=\"padding: 6px 8px;border: 1px solid #ddd;background-color: #e6f2f2;font-weight: bold;color: #333\">\n<div style=\"line-height: 1.25\">$ 181.000<\/div>\n<div style=\"margin-top: 2px;color: #007381;font-size: 11px;line-height: 1.15\">(57% OFF)<\/div>\n<\/td>\n<\/tr>\n<tr style=\"background-color: #ffffff\">\n<td style=\"padding: 8px;border: 1px solid #ddd\">10 d\u00edas<\/td>\n<td style=\"padding: 8px;border: 1px solid #ddd\">$ 600.000<\/td>\n<td style=\"padding: 6px 8px;border: 1px solid #ddd;background-color: #e6f2f2;font-weight: bold;color: #333\">\n<div style=\"line-height: 1.25\">$ 230.000<\/div>\n<div style=\"margin-top: 2px;color: #007381;font-size: 11px;line-height: 1.15\">(62% OFF)<\/div>\n<\/td>\n<\/tr>\n<tr style=\"background-color: #f9f9f9\">\n<td style=\"padding: 8px;border: 1px solid #ddd\">14 d\u00edas<\/td>\n<td style=\"padding: 8px;border: 1px solid #ddd\">$ 840.000<\/td>\n<td style=\"padding: 6px 8px;border: 1px solid #ddd;background-color: #e6f2f2;font-weight: bold;color: #333\">\n<div style=\"line-height: 1.25\">$ 270.000<\/div>\n<div style=\"margin-top: 2px;color: #007381;font-size: 11px;line-height: 1.15\">(68% OFF)<\/div>\n<\/td>\n<\/tr>\n<tr style=\"background-color: #ffffff\">\n<td style=\"padding: 8px;border: 1px solid #ddd\">21 d\u00edas<\/td>\n<td style=\"padding: 8px;border: 1px solid #ddd\">$ 1.260.000<\/td>\n<td style=\"padding: 6px 8px;border: 1px solid #ddd;background-color: #e6f2f2;font-weight: bold;color: #333\">\n<div style=\"line-height: 1.25\">$ 270.000<\/div>\n<div style=\"margin-top: 2px;color: #007381;font-size: 11px;line-height: 1.15\">(79% OFF)<\/div>\n<\/td>\n<\/tr>\n<\/tbody>\n<\/table>\n<div><\/div>\n","protected":false},"featured_media":76716,"template":"","meta":{"_acf_changed":false,"_iconic_wsb_product_page_order_bump_ids":[[]],"_sku":[],"_iconic_wsb_product_page_bump_modal_ids":[[]]},"product_brand":[],"product_cat":[330,331],"product_tag":[],"class_list":{"0":"post-76410","1":"product","2":"type-product","3":"status-publish","4":"has-post-thumbnail","6":"product_cat-estacionamiento","7":"product_cat-hot-sale","8":"description-off","10":"first","11":"instock","12":"sold-individually","13":"shipping-taxable","14":"purchasable","15":"product-type-phive_booking"},"acf":[],"_links":{"self":[{"href":"https:\/\/tienda.aeropuertosargentina.com\/bariloche\/wp-json\/wp\/v2\/product\/76410","targetHints":{"allow":["GET"]}}],"collection":[{"href":"https:\/\/tienda.aeropuertosargentina.com\/bariloche\/wp-json\/wp\/v2\/product"}],"about":[{"href":"https:\/\/tienda.aeropuertosargentina.com\/bariloche\/wp-json\/wp\/v2\/types\/product"}],"wp:featuredmedia":[{"embeddable":true,"href":"https:\/\/tienda.aeropuertosargentina.com\/bariloche\/wp-json\/wp\/v2\/media\/76716"}],"wp:attachment":[{"href":"https:\/\/tienda.aeropuertosargentina.com\/bariloche\/wp-json\/wp\/v2\/media?parent=76410"}],"wp:term":[{"taxonomy":"product_brand","embeddable":true,"href":"https:\/\/tienda.aeropuertosargentina.com\/bariloche\/wp-json\/wp\/v2\/product_brand?post=76410"},{"taxonomy":"product_cat","embeddable":true,"href":"https:\/\/tienda.aeropuertosargentina.com\/bariloche\/wp-json\/wp\/v2\/product_cat?post=76410"},{"taxonomy":"product_tag","embeddable":true,"href":"https:\/\/tienda.aeropuertosargentina.com\/bariloche\/wp-json\/wp\/v2\/product_tag?post=76410"}],"curies":[{"name":"wp","href":"https:\/\/api.w.org\/{rel}","templated":true}]}}