{"id":65976,"date":"2024-09-24T11:43:36","date_gmt":"2024-09-24T14:43:36","guid":{"rendered":"https:\/\/tienda.aeropuertosargentina.com\/cordoba\/?post_type=product&#038;p=65976"},"modified":"2026-04-15T13:14:05","modified_gmt":"2026-04-15T16:14:05","slug":"estacionamiento-autos","status":"publish","type":"product","link":"https:\/\/tienda.aeropuertosargentina.com\/cordoba\/producto\/estacionamiento-autos\/","title":{"rendered":"Estacionamiento cubierto por d\u00eda (auto, suv y pick up)"},"content":{"rendered":"","protected":false},"excerpt":{"rendered":"<h2><b><span data-contrast=\"auto\">Estacionamiento cubierto en el Aeropuerto de C\u00f3rdoba<\/span><\/b><span data-ccp-props=\"{&quot;134233117&quot;:false,&quot;134233118&quot;:false,&quot;335559738&quot;:240,&quot;335559739&quot;:240}\">\u00a0<\/span><\/h2>\n<p><b><span data-contrast=\"auto\">Reserv\u00e1 tu lugar en el estacionamiento cubierto de Aerovalet y comenz\u00e1 tu viaje con tranquilidad.<\/span><\/b><span data-ccp-props=\"{&quot;134233117&quot;:false,&quot;134233118&quot;:false,&quot;335559738&quot;:240,&quot;335559739&quot;:240}\">\u00a0<\/span><\/p>\n<h3><span data-contrast=\"auto\">Beneficios<\/span><span data-ccp-props=\"{&quot;134233117&quot;:false,&quot;134233118&quot;:false,&quot;201341983&quot;:0,&quot;335559738&quot;:0,&quot;335559739&quot;:160,&quot;335559740&quot;:257}\">\u00a0<\/span><\/h3>\n<ul>\n<li data-leveltext=\"\u00b7\" data-font=\"Symbol\" data-listid=\"108\" data-list-defn-props=\"{&quot;335552541&quot;:1,&quot;335559685&quot;:720,&quot;335559991&quot;:360,&quot;469769226&quot;:&quot;Symbol&quot;,&quot;469769242&quot;:[8226],&quot;469777803&quot;:&quot;left&quot;,&quot;469777804&quot;:&quot;\u00b7&quot;,&quot;469777815&quot;:&quot;hybridMultilevel&quot;}\" data-aria-posinset=\"1\" data-aria-level=\"1\"><span data-contrast=\"auto\">Ubicaci\u00f3n dentro del predio del aeropuerto de C\u00f3rdoba.<\/span><\/li>\n<\/ul>\n<ul>\n<li data-leveltext=\"\u00b7\" data-font=\"Symbol\" data-listid=\"108\" data-list-defn-props=\"{&quot;335552541&quot;:1,&quot;335559685&quot;:720,&quot;335559991&quot;:360,&quot;469769226&quot;:&quot;Symbol&quot;,&quot;469769242&quot;:[8226],&quot;469777803&quot;:&quot;left&quot;,&quot;469777804&quot;:&quot;\u00b7&quot;,&quot;469777815&quot;:&quot;hybridMultilevel&quot;}\" data-aria-posinset=\"2\" data-aria-level=\"1\"><span data-contrast=\"auto\">Plazas cubiertas con servicio de valet.<\/span><span data-ccp-props=\"{&quot;134233117&quot;:false,&quot;134233118&quot;:false,&quot;335559685&quot;:720,&quot;335559737&quot;:0,&quot;335559738&quot;:0,&quot;335559739&quot;:0,&quot;335559991&quot;:360}\"><strong> Se debe dejar la llave<\/strong>.<\/span><\/li>\n<\/ul>\n<ul>\n<li data-leveltext=\"\u00b7\" data-font=\"Symbol\" data-listid=\"108\" data-list-defn-props=\"{&quot;335552541&quot;:1,&quot;335559685&quot;:720,&quot;335559991&quot;:360,&quot;469769226&quot;:&quot;Symbol&quot;,&quot;469769242&quot;:[8226],&quot;469777803&quot;:&quot;left&quot;,&quot;469777804&quot;:&quot;\u00b7&quot;,&quot;469777815&quot;:&quot;hybridMultilevel&quot;}\" data-aria-posinset=\"3\" data-aria-level=\"1\"><span data-contrast=\"auto\">Abierto las 24 horas para recibirte en cualquier momento.<\/span><\/li>\n<\/ul>\n<ul>\n<li data-leveltext=\"\u00b7\" data-font=\"Symbol\" data-listid=\"108\" data-list-defn-props=\"{&quot;335552541&quot;:1,&quot;335559685&quot;:720,&quot;335559991&quot;:360,&quot;469769226&quot;:&quot;Symbol&quot;,&quot;469769242&quot;:[8226],&quot;469777803&quot;:&quot;left&quot;,&quot;469777804&quot;:&quot;\u00b7&quot;,&quot;469777815&quot;:&quot;hybridMultilevel&quot;}\" data-aria-posinset=\"4\" data-aria-level=\"1\"><span data-contrast=\"auto\">Servicio de vigilancia permanente para mayor seguridad.<\/span><span data-ccp-props=\"{&quot;134233117&quot;:false,&quot;134233118&quot;:false,&quot;335559685&quot;:720,&quot;335559737&quot;:0,&quot;335559738&quot;:0,&quot;335559739&quot;:0,&quot;335559991&quot;:360}\">\u00a0<\/span><\/li>\n<\/ul>\n<h3><span data-contrast=\"auto\">\u00bfC\u00f3mo funciona el servicio?<\/span><span data-ccp-props=\"{&quot;134233117&quot;:false,&quot;134233118&quot;:false,&quot;201341983&quot;:0,&quot;335559738&quot;:0,&quot;335559739&quot;:160,&quot;335559740&quot;:257}\">\u00a0<\/span><\/h3>\n<ul>\n<li data-leveltext=\"\u00b7\" data-font=\"Symbol\" data-listid=\"109\" data-list-defn-props=\"{&quot;335552541&quot;:1,&quot;335559685&quot;:720,&quot;335559991&quot;:360,&quot;469769226&quot;:&quot;Symbol&quot;,&quot;469769242&quot;:[8226],&quot;469777803&quot;:&quot;left&quot;,&quot;469777804&quot;:&quot;\u00b7&quot;,&quot;469777815&quot;:&quot;hybridMultilevel&quot;}\" data-aria-posinset=\"1\" data-aria-level=\"1\"><span data-contrast=\"auto\">Al llegar, acercate a la oficina de Aerovalet, ubicada a metros de la terminal, donde el personal te esperar\u00e1 para recibir tu auto.<\/span><span data-ccp-props=\"{&quot;134233117&quot;:false,&quot;134233118&quot;:false,&quot;335559685&quot;:720,&quot;335559737&quot;:0,&quot;335559738&quot;:0,&quot;335559739&quot;:0,&quot;335559991&quot;:360}\">\u00a0<\/span><\/li>\n<\/ul>\n<p><span data-contrast=\"auto\">\ud83d\udd14 M\u00ednimo de reserva: 1 d\u00eda \u2013 M\u00e1ximo de reserva: 30 d\u00edas<\/span><span data-ccp-props=\"{&quot;134233117&quot;:false,&quot;134233118&quot;:false,&quot;335559738&quot;:240,&quot;335559739&quot;:240}\">\u00a0<\/span><\/p>\n<p><b><span data-contrast=\"auto\">Reserv\u00e1 online y asegur\u00e1 tu lugar en el estacionamiento cubierto de C\u00f3rdoba.<\/span><\/b><span data-ccp-props=\"{&quot;134233117&quot;:false,&quot;134233118&quot;:false,&quot;335559738&quot;:240,&quot;335559739&quot;:240}\">\u00a0<\/span><\/p>\n","protected":false},"featured_media":70926,"template":"","meta":{"_acf_changed":false,"_iconic_wsb_product_page_order_bump_ids":[[]],"_sku":[],"_iconic_wsb_product_page_bump_modal_ids":[[]]},"product_brand":[],"product_cat":[276],"product_tag":[],"class_list":{"0":"post-65976","1":"product","2":"type-product","3":"status-publish","4":"has-post-thumbnail","6":"product_cat-parking","7":"description-off","9":"first","10":"instock","11":"virtual","12":"sold-individually","13":"purchasable","14":"product-type-phive_booking"},"acf":[],"_links":{"self":[{"href":"https:\/\/tienda.aeropuertosargentina.com\/cordoba\/wp-json\/wp\/v2\/product\/65976","targetHints":{"allow":["GET"]}}],"collection":[{"href":"https:\/\/tienda.aeropuertosargentina.com\/cordoba\/wp-json\/wp\/v2\/product"}],"about":[{"href":"https:\/\/tienda.aeropuertosargentina.com\/cordoba\/wp-json\/wp\/v2\/types\/product"}],"wp:featuredmedia":[{"embeddable":true,"href":"https:\/\/tienda.aeropuertosargentina.com\/cordoba\/wp-json\/wp\/v2\/media\/70926"}],"wp:attachment":[{"href":"https:\/\/tienda.aeropuertosargentina.com\/cordoba\/wp-json\/wp\/v2\/media?parent=65976"}],"wp:term":[{"taxonomy":"product_brand","embeddable":true,"href":"https:\/\/tienda.aeropuertosargentina.com\/cordoba\/wp-json\/wp\/v2\/product_brand?post=65976"},{"taxonomy":"product_cat","embeddable":true,"href":"https:\/\/tienda.aeropuertosargentina.com\/cordoba\/wp-json\/wp\/v2\/product_cat?post=65976"},{"taxonomy":"product_tag","embeddable":true,"href":"https:\/\/tienda.aeropuertosargentina.com\/cordoba\/wp-json\/wp\/v2\/product_tag?post=65976"}],"curies":[{"name":"wp","href":"https:\/\/api.w.org\/{rel}","templated":true}]}}