{"id":115027,"date":"2024-04-25T09:42:57","date_gmt":"2024-04-25T12:42:57","guid":{"rendered":"https:\/\/tienda.aeropuertosargentina.com\/ezeiza\/?post_type=product&#038;p=115027"},"modified":"2026-05-13T09:44:01","modified_gmt":"2026-05-13T12:44:01","slug":"2x1-embalaje-de-valijas","status":"publish","type":"product","link":"https:\/\/tienda.aeropuertosargentina.com\/ezeiza\/producto\/2x1-embalaje-de-valijas\/","title":{"rendered":"Embalaje de Valijas &#8211; 2&#215;1"},"content":{"rendered":"","protected":false},"excerpt":{"rendered":"<div style=\"background-color: #f2f4f5;padding: 20px;border-radius: 6px;font-family: Arial, Helvetica, sans-serif;color: #000;max-width: 700px\">\n<h4 style=\"font-size: 18px;font-weight: bold;margin: 0 0 5px 0\">\ud83d\udd25HOT SALE\ud83d\udd25<\/h4>\n<p style=\"margin: 0 0 0 0;font-size: 16px;line-height: 1.2;color: #2c8c95\"><strong>2&#215;1 EN EMBALAJE DE VALIJAS<\/strong><\/p>\n<\/div>\n<h1 data-start=\"0\" data-end=\"39\"><strong data-start=\"0\" data-end=\"37\">Embalaje de valijas en Ezeiza<\/strong><\/h1>\n<p data-start=\"41\" data-end=\"200\">Proteg\u00e9 tu equipaje con el servicio de embalaje Ecofilm\u00ae de Tripstore en Ezeiza y aprovech\u00e1 la promoci\u00f3n 2&#215;1 para viajar con mayor tranquilidad y ahorro.<\/p>\n<h2 data-start=\"202\" data-end=\"605\"><strong data-start=\"202\" data-end=\"216\">Beneficios<\/strong><\/h2>\n<p data-start=\"202\" data-end=\"605\">\u2022 <strong data-start=\"221\" data-end=\"238\">Promoci\u00f3n 2&#215;1<\/strong>: embal\u00e1 dos valijas al precio de una.<br data-start=\"276\" data-end=\"279\" \/>\u2022 <strong data-start=\"281\" data-end=\"302\">Film de seguridad<\/strong>: m\u00faltiples capas de protecci\u00f3n que reducen el riesgo de aperturas no autorizadas y da\u00f1os durante el transporte.<br data-start=\"414\" data-end=\"417\" \/>\u2022 <strong data-start=\"419\" data-end=\"444\">Compensaci\u00f3n incluida<\/strong>: cobertura econ\u00f3mica por robos o extrav\u00edos del contenido.<br data-start=\"502\" data-end=\"505\" \/>\u2022 <strong data-start=\"507\" data-end=\"529\">Reserva anticipada<\/strong>: adquir\u00ed el servicio online y ahorr\u00e1 tiempo en tu paso por el aeropuerto.<\/p>\n<h2 data-start=\"607\" data-end=\"828\"><strong data-start=\"607\" data-end=\"635\">Informaci\u00f3n del servicio<\/strong><\/h2>\n<p>\u2022 Present\u00e1 el mail de confirmaci\u00f3n de compra en los puntos de Tripstore ubicados en planta baja, \u00e1rea de check-in.<\/p>\n<p>\u2022 Promoci\u00f3n v\u00e1lida para el embalaje de dos valijas en una misma compra.<\/p>\n<p data-start=\"607\" data-end=\"901\">\u2022 El servicio adquirido podr\u00e1 utilizarse hasta el 31 de julio de 2026.<\/p>\n<p data-start=\"830\" data-end=\"921\" data-is-last-node=\"\" data-is-only-node=\"\"><strong>Realiz\u00e1 tu compra online y viaj\u00e1 con mayor seguridad, tranquilidad y beneficios exclusivos.<\/strong><\/p>\n","protected":false},"featured_media":506754,"template":"","meta":{"_acf_changed":false,"_iconic_wsb_product_page_order_bump_ids":[[]],"_sku":[],"_iconic_wsb_product_page_bump_modal_ids":[[73586]]},"product_brand":[],"product_cat":[307],"product_tag":[],"class_list":{"0":"post-115027","1":"product","2":"type-product","3":"status-publish","4":"has-post-thumbnail","6":"product_cat-embalaje-de-valijas","7":"description-off","9":"first","10":"instock","11":"virtual","12":"purchasable","13":"product-type-simple"},"acf":[],"_links":{"self":[{"href":"https:\/\/tienda.aeropuertosargentina.com\/ezeiza\/wp-json\/wp\/v2\/product\/115027","targetHints":{"allow":["GET"]}}],"collection":[{"href":"https:\/\/tienda.aeropuertosargentina.com\/ezeiza\/wp-json\/wp\/v2\/product"}],"about":[{"href":"https:\/\/tienda.aeropuertosargentina.com\/ezeiza\/wp-json\/wp\/v2\/types\/product"}],"wp:featuredmedia":[{"embeddable":true,"href":"https:\/\/tienda.aeropuertosargentina.com\/ezeiza\/wp-json\/wp\/v2\/media\/506754"}],"wp:attachment":[{"href":"https:\/\/tienda.aeropuertosargentina.com\/ezeiza\/wp-json\/wp\/v2\/media?parent=115027"}],"wp:term":[{"taxonomy":"product_brand","embeddable":true,"href":"https:\/\/tienda.aeropuertosargentina.com\/ezeiza\/wp-json\/wp\/v2\/product_brand?post=115027"},{"taxonomy":"product_cat","embeddable":true,"href":"https:\/\/tienda.aeropuertosargentina.com\/ezeiza\/wp-json\/wp\/v2\/product_cat?post=115027"},{"taxonomy":"product_tag","embeddable":true,"href":"https:\/\/tienda.aeropuertosargentina.com\/ezeiza\/wp-json\/wp\/v2\/product_tag?post=115027"}],"curies":[{"name":"wp","href":"https:\/\/api.w.org\/{rel}","templated":true}]}}