{"id":168229,"date":"2024-08-14T12:41:55","date_gmt":"2024-08-14T15:41:55","guid":{"rendered":"https:\/\/tienda.aeropuertosargentina.com\/ezeiza\/?post_type=product&#038;p=168229"},"modified":"2025-09-17T20:34:37","modified_gmt":"2025-09-17T23:34:37","slug":"tostado-paisano-bebida","status":"publish","type":"product","link":"https:\/\/tienda.aeropuertosargentina.com\/ezeiza\/producto\/tostado-paisano-bebida\/","title":{"rendered":"Tostado Paisano + Bebida"},"content":{"rendered":"","protected":false},"excerpt":{"rendered":"<p><strong>Disfrut\u00e1 un tostado cl\u00e1sico con bebida natural en Tostado Club, la opci\u00f3n ideal para quienes buscan un sabor cl\u00e1sico antes de su viaje.\u00a0<\/strong><\/p>\n<p><b><span data-contrast=\"none\">Detalles del combo<\/span><\/b><span data-ccp-props=\"{&quot;134233117&quot;:false,&quot;134233118&quot;:false,&quot;201341983&quot;:0,&quot;335559738&quot;:0,&quot;335559739&quot;:160,&quot;335559740&quot;:257}\">\u00a0<\/span><\/p>\n<ul>\n<li><b><span data-contrast=\"none\">Tostado Paisano<\/span><\/b><span data-contrast=\"none\">: jam\u00f3n cocido natural y mix de quesos en hebras.<\/span><span data-ccp-props=\"{&quot;134233117&quot;:false,&quot;134233118&quot;:false,&quot;201341983&quot;:0,&quot;335559685&quot;:720,&quot;335559737&quot;:0,&quot;335559738&quot;:0,&quot;335559739&quot;:0,&quot;335559740&quot;:257,&quot;335559991&quot;:360}\">\u00a0<\/span><\/li>\n<li><b><span data-contrast=\"none\">Bebida natural<\/span><\/b><span data-contrast=\"none\">: limonada, pomelada, jugo de naranja o agua.<\/span><span data-ccp-props=\"{&quot;134233117&quot;:false,&quot;134233118&quot;:false,&quot;201341983&quot;:0,&quot;335559685&quot;:720,&quot;335559737&quot;:0,&quot;335559738&quot;:0,&quot;335559739&quot;:0,&quot;335559740&quot;:257,&quot;335559991&quot;:360}\">\u00a0<\/span><\/li>\n<\/ul>\n<h4><em>Combo exclusivo para embarques nacionales.<\/em><\/h4>\n","protected":false},"featured_media":191604,"template":"","meta":{"_acf_changed":false,"_iconic_wsb_product_page_order_bump_ids":[[]],"_sku":[],"_iconic_wsb_product_page_bump_modal_ids":[[]]},"product_brand":[],"product_cat":[317,328,327],"product_tag":[],"class_list":{"0":"post-168229","1":"product","2":"type-product","3":"status-publish","4":"has-post-thumbnail","6":"product_cat-gastronomia","7":"product_cat-gastronomia-relax","8":"product_cat-relax","9":"description-off","11":"first","12":"instock","13":"virtual","14":"purchasable","15":"product-type-simple"},"acf":[],"_links":{"self":[{"href":"https:\/\/tienda.aeropuertosargentina.com\/ezeiza\/wp-json\/wp\/v2\/product\/168229","targetHints":{"allow":["GET"]}}],"collection":[{"href":"https:\/\/tienda.aeropuertosargentina.com\/ezeiza\/wp-json\/wp\/v2\/product"}],"about":[{"href":"https:\/\/tienda.aeropuertosargentina.com\/ezeiza\/wp-json\/wp\/v2\/types\/product"}],"wp:featuredmedia":[{"embeddable":true,"href":"https:\/\/tienda.aeropuertosargentina.com\/ezeiza\/wp-json\/wp\/v2\/media\/191604"}],"wp:attachment":[{"href":"https:\/\/tienda.aeropuertosargentina.com\/ezeiza\/wp-json\/wp\/v2\/media?parent=168229"}],"wp:term":[{"taxonomy":"product_brand","embeddable":true,"href":"https:\/\/tienda.aeropuertosargentina.com\/ezeiza\/wp-json\/wp\/v2\/product_brand?post=168229"},{"taxonomy":"product_cat","embeddable":true,"href":"https:\/\/tienda.aeropuertosargentina.com\/ezeiza\/wp-json\/wp\/v2\/product_cat?post=168229"},{"taxonomy":"product_tag","embeddable":true,"href":"https:\/\/tienda.aeropuertosargentina.com\/ezeiza\/wp-json\/wp\/v2\/product_tag?post=168229"}],"curies":[{"name":"wp","href":"https:\/\/api.w.org\/{rel}","templated":true}]}}