{"id":314050,"date":"2025-04-07T13:38:39","date_gmt":"2025-04-07T16:38:39","guid":{"rendered":"https:\/\/tienda.aeropuertosargentina.com\/ezeiza\/?post_type=product&#038;p=314050"},"modified":"2026-04-20T10:20:08","modified_gmt":"2026-04-20T13:20:08","slug":"larga-estadia","status":"publish","type":"product","link":"https:\/\/tienda.aeropuertosargentina.com\/ezeiza\/producto\/larga-estadia\/","title":{"rendered":"Estacionamiento Larga Estad\u00eda &#8211; Sector E4"},"content":{"rendered":"","protected":false},"excerpt":{"rendered":"<p><span data-contrast=\"auto\">Reserv\u00e1 tu lugar en <\/span>el<b><span data-contrast=\"auto\"> estacionamiento oficial del aeropuerto de Ezeiza<\/span><\/b><span data-contrast=\"auto\"> con <\/span><b><span data-contrast=\"auto\">precios exclusivos online <\/span><\/b><span data-contrast=\"auto\">y asegur\u00e1 tu espacio al llegar.<\/span><span data-ccp-props=\"{}\">\u00a0<\/span><\/p>\n<h2><b><span data-contrast=\"auto\">Beneficios<\/span><\/b><span data-ccp-props=\"{}\">\u00a0<\/span><\/h2>\n<ul>\n<li data-leveltext=\"\uf0b7\" data-font=\"Symbol\" data-listid=\"1\" data-list-defn-props=\"{&quot;335552541&quot;:1,&quot;335559685&quot;:1080,&quot;335559991&quot;:360,&quot;469769226&quot;:&quot;Symbol&quot;,&quot;469769242&quot;:[8226],&quot;469777803&quot;:&quot;left&quot;,&quot;469777804&quot;:&quot;\uf0b7&quot;,&quot;469777815&quot;:&quot;hybridMultilevel&quot;}\" data-aria-posinset=\"1\" data-aria-level=\"1\"><b><span data-contrast=\"auto\">Precio exclusivo online:<\/span><\/b><span data-contrast=\"auto\"> mientras m\u00e1s d\u00edas te qued\u00e1s, m\u00e1s ahorr\u00e1s.<\/span><span data-ccp-props=\"{}\">\u00a0<\/span><\/li>\n<li data-leveltext=\"\uf0b7\" data-font=\"Symbol\" data-listid=\"1\" data-list-defn-props=\"{&quot;335552541&quot;:1,&quot;335559685&quot;:1080,&quot;335559991&quot;:360,&quot;469769226&quot;:&quot;Symbol&quot;,&quot;469769242&quot;:[8226],&quot;469777803&quot;:&quot;left&quot;,&quot;469777804&quot;:&quot;\uf0b7&quot;,&quot;469777815&quot;:&quot;hybridMultilevel&quot;}\" data-aria-posinset=\"1\" data-aria-level=\"1\"><strong>Estacionamiento dentro del predio<\/strong>: el estacionamiento E4 es una zona descubierta que se encuentra dentro del aeropuerto de Ezeiza y facilit\u00e1 tu llegada y salida del mismo.<\/li>\n<li data-leveltext=\"\uf0b7\" data-font=\"Symbol\" data-listid=\"1\" data-list-defn-props=\"{&quot;335552541&quot;:1,&quot;335559685&quot;:1080,&quot;335559991&quot;:360,&quot;469769226&quot;:&quot;Symbol&quot;,&quot;469769242&quot;:[8226],&quot;469777803&quot;:&quot;left&quot;,&quot;469777804&quot;:&quot;\uf0b7&quot;,&quot;469777815&quot;:&quot;hybridMultilevel&quot;}\" data-aria-posinset=\"1\" data-aria-level=\"1\"><b><span data-contrast=\"auto\">Valet Parking <strong>(opcional):<\/strong><\/span><\/b> este servicio no est\u00e1 incluido en tu reserva. Si dese\u00e1s contratarlo, pod\u00e9s sumarlo al momento de realizar tu compra de estacionamiento. Al llegar al aeropuerto, dej\u00e1 tu auto frente a la Terminal de Partidas \u2014a pocos metros del \u00e1rea de check-in\u2014 y nuestro personal se encargar\u00e1 de estacionarlo por vos.<\/li>\n<li data-leveltext=\"\uf0b7\" data-font=\"Symbol\" data-listid=\"1\" data-list-defn-props=\"{&quot;335552541&quot;:1,&quot;335559685&quot;:1080,&quot;335559991&quot;:360,&quot;469769226&quot;:&quot;Symbol&quot;,&quot;469769242&quot;:[8226],&quot;469777803&quot;:&quot;left&quot;,&quot;469777804&quot;:&quot;\uf0b7&quot;,&quot;469777815&quot;:&quot;hybridMultilevel&quot;}\" data-aria-posinset=\"4\" data-aria-level=\"1\"><b><span data-contrast=\"auto\">Shuttle gratuito:<\/span><\/b><span data-contrast=\"auto\"> si estacion\u00e1s por tu cuenta en E4, acced\u00e9 al traslado sin costo hacia y desde la terminal.<\/span><span data-ccp-props=\"{}\">\u00a0<\/span><\/li>\n<\/ul>\n<p><span data-contrast=\"auto\">Reserv\u00e1 100% online, al menos 12 horas antes, para fechas dentro de los pr\u00f3ximos 60 d\u00edas.<\/span><span data-ccp-props=\"{}\">\u00a0<\/span><\/p>\n<h4><b><span data-contrast=\"auto\">\u00bfC\u00f3mo utilizar el servicio?<\/span><\/b><span data-ccp-props=\"{}\">\u00a0<\/span><\/h4>\n<ol>\n<li><b><span data-contrast=\"auto\">Despu\u00e9s de reservar:<\/span><\/b><span data-contrast=\"auto\">\u00a0recibir\u00e1s por mail la confirmaci\u00f3n y el QR para egresar.<\/span><span data-ccp-props=\"{}\">\u00a0<\/span><\/li>\n<li><b><span data-contrast=\"auto\">Al llegar:<\/span><\/b><span data-ccp-props=\"{}\">\u00a0i<\/span><span data-contrast=\"auto\">ngres\u00e1 por v\u00eda manual y retir\u00e1 ticket.<\/span><\/li>\n<li><b><span data-contrast=\"auto\">Al regresar:<\/span><\/b><span data-ccp-props=\"{}\">\u00a0p<\/span><span data-contrast=\"auto\">ara salir, escane\u00e1 primero el ticket de ingreso y luego el QR.<\/span><\/li>\n<\/ol>\n<p><span data-ccp-props=\"{}\">Si adquiriste el servicio de Valet Parking, acercate a la cabina de Valet Parking. Al momento de tu regreso, envi\u00e1 un mensaje por WhatsApp al n\u00famero indicado en tu voucher para que preparemos tu veh\u00edculo.<\/span><\/p>\n<p><span data-contrast=\"auto\">\ud83d\udd14<\/span>\u00a0<b><span data-contrast=\"auto\">Importante:<\/span><\/b><span data-contrast=\"auto\">\u00a0no uses TelePASE si ten\u00e9s reserva online para evitar cobros autom\u00e1ticos.<\/span><\/p>\n<h4><b><span data-contrast=\"auto\">\u00bfSuperaste el tiempo reservado?<\/span><\/b><span data-ccp-props=\"{}\">\u00a0<\/span><\/h4>\n<p>Pod\u00e9s abonar la diferencia en una cabina de pago con el <strong><a href=\"https:\/\/www.aeropuertosargentina.com\/es\/EZE\/servicios\/estacionamiento\" target=\"_blank\" rel=\"noopener\">precio vigente\u00a0 <\/a><\/strong>(Sector E1\/E5).<\/p>\n<p><strong>Descubr\u00ed cu\u00e1nto pod\u00e9s ahorrar con tu reserva online<\/strong><\/p>\n<p><em>Pod\u00e9s reservar entre 7 y 60 d\u00edas de estacionamiento.<\/em><\/p>\n<div style=\"width: 100%\">\n<table style=\"width: 400px;min-width: 400px;margin-left: 2;border-collapse: collapse;font-family: 'Open Sans', Arial, sans-serif;text-align: center;font-size: 12px\">\n<thead>\n<tr style=\"background-color: #007381;color: #ffffff\">\n<th style=\"padding: 8px;border: 1px solid #dddddd\">Ejemplos de estad\u00edas<\/th>\n<th style=\"padding: 8px;border: 1px solid #dddddd\">Precio en el aeropuerto<\/th>\n<th style=\"padding: 8px;border: 1px solid #dddddd\">Reserva online<br \/>\n<span style=\"font-size: 10px\">(precio exclusivo)<\/span><\/th>\n<\/tr>\n<\/thead>\n<tbody>\n<tr style=\"background-color: #ffffff\">\n<td style=\"padding: 8px;border: 1px solid #ddd\">7 d\u00edas<\/td>\n<td style=\"padding: 8px;border: 1px solid #ddd\">$ 350.000<\/td>\n<td style=\"padding: 6px 8px;border: 1px solid #ddd;background-color: #e6f2f2;font-weight: bold;color: #333\">\n<div style=\"line-height: 1.25\">$ 176.000<\/div>\n<div style=\"margin-top: 2px;color: #007381;font-size: 11px;line-height: 1.15\">(50% OFF)<\/div>\n<\/td>\n<\/tr>\n<tr style=\"background-color: #f9f9f9\">\n<td style=\"padding: 8px;border: 1px solid #ddd\">10 d\u00edas<\/td>\n<td style=\"padding: 8px;border: 1px solid #ddd\">$ 500.000<\/td>\n<td style=\"padding: 6px 8px;border: 1px solid #ddd;background-color: #e6f2f2;font-weight: bold;color: #333\">\n<div style=\"line-height: 1.25\">$ 225.000<\/div>\n<div style=\"margin-top: 2px;color: #007381;font-size: 11px;line-height: 1.15\">(55% OFF)<\/div>\n<\/td>\n<\/tr>\n<tr style=\"background-color: #ffffff\">\n<td style=\"padding: 8px;border: 1px solid #ddd\">14 d\u00edas<\/td>\n<td style=\"padding: 8px;border: 1px solid #ddd\">$ 700.000<\/td>\n<td style=\"padding: 6px 8px;border: 1px solid #ddd;background-color: #e6f2f2;font-weight: bold;color: #333\">\n<div style=\"line-height: 1.25\">$ 265.000<\/div>\n<div style=\"margin-top: 2px;color: #007381;font-size: 11px;line-height: 1.15\">(62% OFF)<\/div>\n<\/td>\n<\/tr>\n<tr style=\"background-color: #f9f9f9\">\n<td style=\"padding: 8px;border: 1px solid #ddd\">21 d\u00edas<\/td>\n<td style=\"padding: 8px;border: 1px solid #ddd\">$ 1.050.000<\/td>\n<td style=\"padding: 6px 8px;border: 1px solid #ddd;background-color: #e6f2f2;font-weight: bold;color: #333\">\n<div style=\"line-height: 1.25\">$ 309.000<\/div>\n<div style=\"margin-top: 2px;color: #007381;font-size: 11px;line-height: 1.15\">(71% OFF)<\/div>\n<\/td>\n<\/tr>\n<\/tbody>\n<\/table>\n<\/div>\n<p>&nbsp;<\/p>\n","protected":false},"featured_media":328152,"template":"","meta":{"_acf_changed":false,"_iconic_wsb_product_page_order_bump_ids":[[]],"_sku":[],"_iconic_wsb_product_page_bump_modal_ids":[[50845,50842]]},"product_brand":[],"product_cat":[276,326],"product_tag":[],"class_list":{"0":"post-314050","1":"product","2":"type-product","3":"status-publish","4":"has-post-thumbnail","6":"product_cat-parking","7":"product_cat-recomendados-web","8":"description-off","10":"first","11":"instock","12":"sold-individually","13":"shipping-taxable","14":"purchasable","15":"product-type-phive_booking"},"acf":[],"_links":{"self":[{"href":"https:\/\/tienda.aeropuertosargentina.com\/ezeiza\/wp-json\/wp\/v2\/product\/314050","targetHints":{"allow":["GET"]}}],"collection":[{"href":"https:\/\/tienda.aeropuertosargentina.com\/ezeiza\/wp-json\/wp\/v2\/product"}],"about":[{"href":"https:\/\/tienda.aeropuertosargentina.com\/ezeiza\/wp-json\/wp\/v2\/types\/product"}],"wp:featuredmedia":[{"embeddable":true,"href":"https:\/\/tienda.aeropuertosargentina.com\/ezeiza\/wp-json\/wp\/v2\/media\/328152"}],"wp:attachment":[{"href":"https:\/\/tienda.aeropuertosargentina.com\/ezeiza\/wp-json\/wp\/v2\/media?parent=314050"}],"wp:term":[{"taxonomy":"product_brand","embeddable":true,"href":"https:\/\/tienda.aeropuertosargentina.com\/ezeiza\/wp-json\/wp\/v2\/product_brand?post=314050"},{"taxonomy":"product_cat","embeddable":true,"href":"https:\/\/tienda.aeropuertosargentina.com\/ezeiza\/wp-json\/wp\/v2\/product_cat?post=314050"},{"taxonomy":"product_tag","embeddable":true,"href":"https:\/\/tienda.aeropuertosargentina.com\/ezeiza\/wp-json\/wp\/v2\/product_tag?post=314050"}],"curies":[{"name":"wp","href":"https:\/\/api.w.org\/{rel}","templated":true}]}}