{"id":415164,"date":"2025-10-13T15:10:18","date_gmt":"2025-10-13T18:10:18","guid":{"rendered":"https:\/\/tienda.aeropuertosargentina.com\/ezeiza\/?post_type=product&#038;p=415164"},"modified":"2026-03-20T12:14:42","modified_gmt":"2026-03-20T15:14:42","slug":"estacionamiento-media-estadia-e1","status":"publish","type":"product","link":"https:\/\/tienda.aeropuertosargentina.com\/ezeiza\/producto\/estacionamiento-media-estadia-e1\/","title":{"rendered":"Estacionamiento Sector E1 (de 2 a 6 d\u00edas)"},"content":{"rendered":"","protected":false},"excerpt":{"rendered":"<p><span data-contrast=\"auto\">Reserv\u00e1 tu lugar en <\/span>el<b><span data-contrast=\"auto\"> estacionamiento oficial del aeropuerto de Ezeiza<\/span><\/b><span data-contrast=\"auto\"> con <\/span><b><span data-contrast=\"auto\">precios exclusivos online <\/span><\/b><span data-contrast=\"auto\">y asegur\u00e1 tu espacio al llegar.<\/span><span data-ccp-props=\"{}\">\u00a0<\/span><\/p>\n<h2><b><span data-contrast=\"auto\">Beneficios<\/span><\/b><span data-ccp-props=\"{}\">\u00a0<\/span><\/h2>\n<ul>\n<li data-leveltext=\"\uf0b7\" data-font=\"Symbol\" data-listid=\"1\" data-list-defn-props=\"{&quot;335552541&quot;:1,&quot;335559685&quot;:1080,&quot;335559991&quot;:360,&quot;469769226&quot;:&quot;Symbol&quot;,&quot;469769242&quot;:[8226],&quot;469777803&quot;:&quot;left&quot;,&quot;469777804&quot;:&quot;\uf0b7&quot;,&quot;469777815&quot;:&quot;hybridMultilevel&quot;}\" data-aria-posinset=\"1\" data-aria-level=\"1\"><b><span data-contrast=\"auto\">Precio exclusivo online:<\/span><\/b><span data-contrast=\"auto\"> al reservar con anticipaci\u00f3n acced\u00e9s al mejor precio, m\u00e1s econ\u00f3mico que cualquier opci\u00f3n disponible en el aeropuerto.<\/span><\/li>\n<\/ul>\n<ul>\n<li data-leveltext=\"\uf0b7\" data-font=\"Symbol\" data-listid=\"1\" data-list-defn-props=\"{&quot;335552541&quot;:1,&quot;335559685&quot;:1080,&quot;335559991&quot;:360,&quot;469769226&quot;:&quot;Symbol&quot;,&quot;469769242&quot;:[8226],&quot;469777803&quot;:&quot;left&quot;,&quot;469777804&quot;:&quot;\uf0b7&quot;,&quot;469777815&quot;:&quot;hybridMultilevel&quot;}\" data-aria-posinset=\"2\" data-aria-level=\"1\"><strong>Reserva 100% online:<\/strong> al menos 12 horas antes, para fechas dentro de los pr\u00f3ximos 60 d\u00edas.<span data-ccp-props=\"{}\">\u00a0<\/span><\/li>\n<\/ul>\n<h4><b><span data-contrast=\"auto\">\u00bfC\u00f3mo utilizar el servicio?<\/span><\/b><span data-ccp-props=\"{}\">\u00a0<\/span><\/h4>\n<ol>\n<li><b><span data-contrast=\"auto\">Despu\u00e9s de reservar:<\/span><\/b><span data-contrast=\"auto\"> recibir\u00e1s por mail la confirmaci\u00f3n y el QR para egresar.<\/span><span data-ccp-props=\"{}\">\u00a0<\/span><\/li>\n<li><b><span data-contrast=\"auto\">Al llegar:<\/span><\/b><span data-ccp-props=\"{}\"> i<\/span><span data-contrast=\"auto\">ngres\u00e1 por v\u00eda manual y retir\u00e1 ticket.<\/span><\/li>\n<li><b><span data-contrast=\"auto\">Al regresar:<\/span><\/b><span data-ccp-props=\"{}\"> p<\/span><span data-contrast=\"auto\">ara salir, escane\u00e1 primero el ticket de ingreso y luego el QR.<\/span><span data-ccp-props=\"{}\">\u00a0<\/span><\/li>\n<\/ol>\n<p><span data-contrast=\"auto\">\ud83d\udd14<\/span> <b><span data-contrast=\"auto\">Importante:<\/span><\/b><span data-contrast=\"auto\"> no uses TelePASE si ten\u00e9s reserva online para evitar cobros autom\u00e1ticos.<\/span><span data-ccp-props=\"{}\">\u00a0<\/span><\/p>\n<h4><b><span data-contrast=\"auto\">\u00bfSuperaste el tiempo reservado?<\/span><\/b><span data-ccp-props=\"{}\">\u00a0<\/span><\/h4>\n<p>Pod\u00e9s abonar la diferencia en una cabina de pago, de acuerdo con el <strong><a href=\"https:\/\/www.aeropuertosargentina.com\/es\/EZE\/servicios\/estacionamiento\" target=\"_blank\" rel=\"noopener\">precio vigente\u00a0 <\/a><\/strong>(Sector E1\/E5).<\/p>\n<p><strong>Descubr\u00ed cu\u00e1nto pod\u00e9s ahorrar con tu reserva online<\/strong><\/p>\n<p><em>Pod\u00e9s reservar entre 2 y 6 d\u00edas de estacionamiento.<\/em><\/p>\n<div style=\"width: 100%\">\n<table style=\"width: 400px;min-width: 400px;border-collapse: collapse;font-family: 'Open Sans', Arial, sans-serif;text-align: center;font-size: 12px\">\n<thead>\n<tr style=\"background-color: #007381;color: #ffffff\">\n<th style=\"width: 33.3%;padding: 8px;border: 1px solid #dddddd\">Ejemplos de estad\u00edas<\/th>\n<th style=\"width: 33.3%;padding: 8px;border: 1px solid #dddddd\">Precio en el aeropuerto<\/th>\n<th style=\"width: 33.3%;padding: 8px;border: 1px solid #dddddd\">Reserva online<br \/>\n<span style=\"font-size: 10px\">(precio exclusivo)<\/span><\/th>\n<\/tr>\n<\/thead>\n<tbody>\n<tr style=\"background-color: #ffffff\">\n<td style=\"padding: 8px;border: 1px solid #ddd\">2 d\u00edas<\/td>\n<td style=\"padding: 8px;border: 1px solid #ddd\">$ 100.000<\/td>\n<td style=\"padding: 6px 8px;border: 1px solid #ddd;background-color: #e6f2f2;font-weight: bold\">\n<div style=\"line-height: 1.25\">$ 60.000<\/div>\n<div style=\"margin-top: 2px;color: #007381;font-size: 11px;line-height: 1.15\">(40% OFF)<\/div>\n<\/td>\n<\/tr>\n<tr style=\"background-color: #f9f9f9\">\n<td style=\"padding: 8px;border: 1px solid #ddd\">3 d\u00edas<\/td>\n<td style=\"padding: 8px;border: 1px solid #ddd\">$ 150.000<\/td>\n<td style=\"padding: 6px 8px;border: 1px solid #ddd;background-color: #e6f2f2;font-weight: bold\">\n<div style=\"line-height: 1.25\">$ 75.000<\/div>\n<div style=\"margin-top: 2px;color: #007381;font-size: 11px;line-height: 1.15\">(50% OFF)<\/div>\n<\/td>\n<\/tr>\n<tr style=\"background-color: #ffffff\">\n<td style=\"padding: 8px;border: 1px solid #ddd\">4 d\u00edas<\/td>\n<td style=\"padding: 8px;border: 1px solid #ddd\">$ 200.000<\/td>\n<td style=\"padding: 6px 8px;border: 1px solid #ddd;background-color: #e6f2f2;font-weight: bold\">\n<div style=\"line-height: 1.25\">$ 100.000<\/div>\n<div style=\"margin-top: 2px;color: #007381;font-size: 11px;line-height: 1.15\">(50% OFF)<\/div>\n<\/td>\n<\/tr>\n<tr style=\"background-color: #f9f9f9\">\n<td style=\"padding: 8px;border: 1px solid #ddd\">5 d\u00edas<\/td>\n<td style=\"padding: 8px;border: 1px solid #ddd\">$ 250.000<\/td>\n<td style=\"padding: 6px 8px;border: 1px solid #ddd;background-color: #e6f2f2;font-weight: bold\">\n<div style=\"line-height: 1.25\">$ 100.000<\/div>\n<div style=\"margin-top: 2px;color: #007381;font-size: 11px;line-height: 1.15\">(60% OFF)<\/div>\n<\/td>\n<\/tr>\n<tr style=\"background-color: #ffffff\">\n<td style=\"padding: 8px;border: 1px solid #ddd\">6 d\u00edas<\/td>\n<td style=\"padding: 8px;border: 1px solid #ddd\">$ 300.000<\/td>\n<td style=\"padding: 6px 8px;border: 1px solid #ddd;background-color: #e6f2f2;font-weight: bold\">\n<div style=\"line-height: 1.25\">$ 120.000<\/div>\n<div style=\"margin-top: 2px;color: #007381;font-size: 11px;line-height: 1.15\">(60% OFF)<\/div>\n<\/td>\n<\/tr>\n<\/tbody>\n<\/table>\n<p>&nbsp;<\/p>\n<\/div>\n","protected":false},"featured_media":429836,"template":"","meta":{"_acf_changed":false,"_iconic_wsb_product_page_order_bump_ids":[[]],"_sku":[],"_iconic_wsb_product_page_bump_modal_ids":[[50845,50842]]},"product_brand":[],"product_cat":[276],"product_tag":[],"class_list":{"0":"post-415164","1":"product","2":"type-product","3":"status-publish","4":"has-post-thumbnail","6":"product_cat-parking","7":"description-off","9":"first","10":"instock","11":"sold-individually","12":"shipping-taxable","13":"purchasable","14":"product-type-phive_booking"},"acf":[],"_links":{"self":[{"href":"https:\/\/tienda.aeropuertosargentina.com\/ezeiza\/wp-json\/wp\/v2\/product\/415164","targetHints":{"allow":["GET"]}}],"collection":[{"href":"https:\/\/tienda.aeropuertosargentina.com\/ezeiza\/wp-json\/wp\/v2\/product"}],"about":[{"href":"https:\/\/tienda.aeropuertosargentina.com\/ezeiza\/wp-json\/wp\/v2\/types\/product"}],"wp:featuredmedia":[{"embeddable":true,"href":"https:\/\/tienda.aeropuertosargentina.com\/ezeiza\/wp-json\/wp\/v2\/media\/429836"}],"wp:attachment":[{"href":"https:\/\/tienda.aeropuertosargentina.com\/ezeiza\/wp-json\/wp\/v2\/media?parent=415164"}],"wp:term":[{"taxonomy":"product_brand","embeddable":true,"href":"https:\/\/tienda.aeropuertosargentina.com\/ezeiza\/wp-json\/wp\/v2\/product_brand?post=415164"},{"taxonomy":"product_cat","embeddable":true,"href":"https:\/\/tienda.aeropuertosargentina.com\/ezeiza\/wp-json\/wp\/v2\/product_cat?post=415164"},{"taxonomy":"product_tag","embeddable":true,"href":"https:\/\/tienda.aeropuertosargentina.com\/ezeiza\/wp-json\/wp\/v2\/product_tag?post=415164"}],"curies":[{"name":"wp","href":"https:\/\/api.w.org\/{rel}","templated":true}]}}