{"id":500273,"date":"2026-04-21T16:12:08","date_gmt":"2026-04-21T19:12:08","guid":{"rendered":"https:\/\/tienda.aeropuertosargentina.com\/ezeiza\/?post_type=product&#038;p=500273"},"modified":"2026-05-11T00:00:18","modified_gmt":"2026-05-11T03:00:18","slug":"estacionamiento-cubierto-sector-e2-e3","status":"publish","type":"product","link":"https:\/\/tienda.aeropuertosargentina.com\/ezeiza\/producto\/estacionamiento-cubierto-sector-e2-e3\/","title":{"rendered":"Estacionamiento Cubierto \u2013 Sector E2 &#8211; E3 + 1 Embalaje de Valijas Gratis"},"content":{"rendered":"","protected":false},"excerpt":{"rendered":"<div style=\"background-color: #f2f4f5;padding: 20px;border-radius: 6px;font-family: Arial, Helvetica, sans-serif;color: #000;max-width: 700px\">\n<h4 style=\"font-size: 18px;font-weight: bold;margin: 0 0 5px 0\">\ud83d\udd25HOT SALE\ud83d\udd25<\/h4>\n<p style=\"margin: 0 0 0 0;font-size: 16px;line-height: 1.2;color: #2c8c95\"><strong>HASTA 25% OFF EXTRA + 1 EMBALAJE DE VALIJAS GRATIS<\/strong><\/p>\n<\/div>\n<p data-start=\"0\" data-end=\"135\"><strong>Reserv\u00e1 tu lugar en el estacionamiento oficial del aeropuerto de Ezeiza con precios exclusivos online y asegur\u00e1 tu espacio al llegar.<\/strong><\/p>\n<h2 data-start=\"137\" data-end=\"779\"><strong data-start=\"137\" data-end=\"151\">Beneficios<\/strong><\/h2>\n<ul>\n<li data-start=\"137\" data-end=\"779\"><strong>Precio exclusivo online:<\/strong> acced\u00e9 a descuentos de hasta el 25% reservando con anticipaci\u00f3n.<\/li>\n<li data-start=\"137\" data-end=\"779\"><strong>Estacionamiento cubierto:<\/strong> el estacionamiento en el sector E2-E3 es una zona cubierta que se encuentra dentro del aeropuerto de Ezeiza.<\/li>\n<li data-start=\"137\" data-end=\"779\"><strong>Valet Parking incluido:<\/strong> dej\u00e1 tu auto frente a la Terminal de Partidas \u2014a pocos metros del \u00e1rea de check-in\u2014 y nuestro personal se encarga de estacionarlo por vos.<\/li>\n<li data-start=\"137\" data-end=\"779\"><strong>Embalaje de valijas gratis:<\/strong> incluye 1 embalaje de equipaje gratis para mayor seguridad en tu viaje.<\/li>\n<\/ul>\n<p data-start=\"781\" data-end=\"872\"><strong>Reserv\u00e1 100% online, al menos 6 horas antes, para fechas dentro de los pr\u00f3ximos 120 d\u00edas.<\/strong><\/p>\n<h2><b>\u00bfC\u00f3mo utilizar el servicio?<\/b><\/h2>\n<ol>\n<li><b><span data-contrast=\"auto\">Despu\u00e9s de reservar:<\/span><\/b><span data-contrast=\"auto\">\u00a0recibir\u00e1s por mail la confirmaci\u00f3n y el QR para egresar.<\/span><span data-ccp-props=\"{}\">\u00a0<\/span><\/li>\n<li><b><span data-contrast=\"auto\">Al llegar:<\/span><\/b><span data-ccp-props=\"{}\">\u00a0i<\/span><span data-contrast=\"auto\">ngres\u00e1 por v\u00eda manual y retir\u00e1 ticket.<\/span><\/li>\n<li><b><span data-contrast=\"auto\">Al regresar:<\/span><\/b><span data-ccp-props=\"{}\">\u00a0p<\/span><span data-contrast=\"auto\">ara salir, escane\u00e1 primero el ticket de ingreso y luego el QR.<\/span><\/li>\n<\/ol>\n<p><span data-ccp-props=\"{}\">Si utiliz\u00e1s el servicio de Valet Parking, acercate a la cabina de Valet Parking, ubicada en la zona de Partidas. Al momento de tu regreso, envi\u00e1 un mensaje por WhatsApp al n\u00famero indicado en tu voucher para que preparemos tu veh\u00edculo.<\/span><\/p>\n<p><span data-contrast=\"auto\">\ud83d\udd14<\/span>\u00a0<b><span data-contrast=\"auto\">Importante:<\/span><\/b><span data-contrast=\"auto\">\u00a0no uses TelePASE si ten\u00e9s reserva online para evitar cobros autom\u00e1ticos.<\/span><\/p>\n<h4><b><span data-contrast=\"auto\">\u00bfSuperaste el tiempo reservado?<\/span><\/b><span data-ccp-props=\"{}\">\u00a0<\/span><\/h4>\n<p>Pod\u00e9s abonar la diferencia en una cabina de pago con el <strong><a href=\"https:\/\/www.aeropuertosargentina.com\/es\/EZE\/servicios\/estacionamiento\" target=\"_blank\" rel=\"noopener\">precio vigente\u00a0 <\/a><\/strong>(Sector E2\/E3).<\/p>\n<p><strong>Descubr\u00ed cu\u00e1nto pod\u00e9s ahorrar con tu reserva online<\/strong><\/p>\n<p><em>Pod\u00e9s reservar entre 1 y 60 d\u00edas de estacionamiento.<\/em><\/p>\n<table style=\"width: 400px;min-width: 400px;margin-left: 2;border-collapse: collapse;font-family: 'Open Sans', Arial, sans-serif;text-align: center;font-size: 12px\">\n<thead>\n<tr style=\"background-color: #007381;color: #ffffff\">\n<th style=\"padding: 8px;border: 1px solid #dddddd\">Ejemplos de estad\u00edas<\/th>\n<th style=\"padding: 8px;border: 1px solid #dddddd\">Precio en el aeropuerto<\/th>\n<th style=\"padding: 8px;border: 1px solid #dddddd\">Reserva online<br \/>\n<span style=\"font-size: 10px\">(precio exclusivo)<\/span><\/th>\n<\/tr>\n<\/thead>\n<tbody>\n<tr style=\"background-color: #ffffff\">\n<td style=\"padding: 8px;border: 1px solid #ddd\">4 d\u00edas<\/td>\n<td style=\"padding: 8px;border: 1px solid #ddd\">$ 264.000<\/td>\n<td style=\"padding: 6px 8px;border: 1px solid #ddd;background-color: #e6f2f2;font-weight: bold;color: #333\">\n<div style=\"line-height: 1.25\">$ 198.000<\/div>\n<div style=\"margin-top: 2px;color: #007381;font-size: 11px;line-height: 1.15\">(25% OFF)<\/div>\n<\/td>\n<\/tr>\n<tr style=\"background-color: #f9f9f9\">\n<td style=\"padding: 8px;border: 1px solid #ddd\">7 d\u00edas<\/td>\n<td style=\"padding: 8px;border: 1px solid #ddd\">$ 462.000<\/td>\n<td style=\"padding: 6px 8px;border: 1px solid #ddd;background-color: #e6f2f2;font-weight: bold;color: #333\">\n<div style=\"line-height: 1.25\">$ 347.000<\/div>\n<div style=\"margin-top: 2px;color: #007381;font-size: 11px;line-height: 1.15\">(25% OFF)<\/div>\n<\/td>\n<\/tr>\n<tr style=\"background-color: #ffffff\">\n<td style=\"padding: 8px;border: 1px solid #ddd\">10 d\u00edas<\/td>\n<td style=\"padding: 8px;border: 1px solid #ddd\">$ 660.000<\/td>\n<td style=\"padding: 6px 8px;border: 1px solid #ddd;background-color: #e6f2f2;font-weight: bold;color: #333\">\n<div style=\"line-height: 1.25\">$ 495.000<\/div>\n<div style=\"margin-top: 2px;color: #007381;font-size: 11px;line-height: 1.15\">(25% OFF)<\/div>\n<\/td>\n<\/tr>\n<tr style=\"background-color: #f9f9f9\">\n<td style=\"padding: 8px;border: 1px solid #ddd\">14 d\u00edas<\/td>\n<td style=\"padding: 8px;border: 1px solid #ddd\">$ 924.000<\/td>\n<td style=\"padding: 6px 8px;border: 1px solid #ddd;background-color: #e6f2f2;font-weight: bold;color: #333\">\n<div style=\"line-height: 1.25\">$ 693.000<\/div>\n<div style=\"margin-top: 2px;color: #007381;font-size: 11px;line-height: 1.15\">(25% OFF)<\/div>\n<\/td>\n<\/tr>\n<tr style=\"background-color: #ffffff\">\n<td style=\"padding: 8px;border: 1px solid #ddd\">21 d\u00edas<\/td>\n<td style=\"padding: 8px;border: 1px solid #ddd\">$ 1.386.000<\/td>\n<td style=\"padding: 6px 8px;border: 1px solid #ddd;background-color: #e6f2f2;font-weight: bold;color: #333\">\n<div style=\"line-height: 1.25\">$ 1.040.000<\/div>\n<div style=\"margin-top: 2px;color: #007381;font-size: 11px;line-height: 1.15\">(25% OFF)<\/div>\n<\/td>\n<\/tr>\n<\/tbody>\n<\/table>\n<div><\/div>\n","protected":false},"featured_media":503498,"template":"","meta":{"_acf_changed":false,"_iconic_wsb_product_page_order_bump_ids":[[]],"_sku":[],"_iconic_wsb_product_page_bump_modal_ids":[[50845,50842]]},"product_brand":[],"product_cat":[276,335],"product_tag":[],"class_list":{"0":"post-500273","1":"product","2":"type-product","3":"status-publish","4":"has-post-thumbnail","6":"product_cat-parking","7":"product_cat-hotsale","8":"description-off","10":"first","11":"instock","12":"sold-individually","13":"shipping-taxable","14":"purchasable","15":"product-type-phive_booking"},"acf":[],"_links":{"self":[{"href":"https:\/\/tienda.aeropuertosargentina.com\/ezeiza\/wp-json\/wp\/v2\/product\/500273","targetHints":{"allow":["GET"]}}],"collection":[{"href":"https:\/\/tienda.aeropuertosargentina.com\/ezeiza\/wp-json\/wp\/v2\/product"}],"about":[{"href":"https:\/\/tienda.aeropuertosargentina.com\/ezeiza\/wp-json\/wp\/v2\/types\/product"}],"wp:featuredmedia":[{"embeddable":true,"href":"https:\/\/tienda.aeropuertosargentina.com\/ezeiza\/wp-json\/wp\/v2\/media\/503498"}],"wp:attachment":[{"href":"https:\/\/tienda.aeropuertosargentina.com\/ezeiza\/wp-json\/wp\/v2\/media?parent=500273"}],"wp:term":[{"taxonomy":"product_brand","embeddable":true,"href":"https:\/\/tienda.aeropuertosargentina.com\/ezeiza\/wp-json\/wp\/v2\/product_brand?post=500273"},{"taxonomy":"product_cat","embeddable":true,"href":"https:\/\/tienda.aeropuertosargentina.com\/ezeiza\/wp-json\/wp\/v2\/product_cat?post=500273"},{"taxonomy":"product_tag","embeddable":true,"href":"https:\/\/tienda.aeropuertosargentina.com\/ezeiza\/wp-json\/wp\/v2\/product_tag?post=500273"}],"curies":[{"name":"wp","href":"https:\/\/api.w.org\/{rel}","templated":true}]}}