{"id":503044,"date":"2026-04-29T11:17:55","date_gmt":"2026-04-29T14:17:55","guid":{"rendered":"https:\/\/tienda.aeropuertosargentina.com\/ezeiza\/?post_type=product&#038;p=503044"},"modified":"2026-05-11T00:00:18","modified_gmt":"2026-05-11T03:00:18","slug":"cargador-usb-c","status":"publish","type":"product","link":"https:\/\/tienda.aeropuertosargentina.com\/ezeiza\/producto\/cargador-usb-c\/","title":{"rendered":"Cargador USB-C"},"content":{"rendered":"","protected":false},"excerpt":{"rendered":"<div style=\"background-color: #f2f4f5;padding: 20px;border-radius: 6px;font-family: Arial, Helvetica, sans-serif;color: #000;max-width: 700px\">\n<h4 style=\"font-size: 18px;font-weight: bold;margin: 0 0 5px 0\">\ud83d\udd25HOT SALE\ud83d\udd25<\/h4>\n<p style=\"margin: 0 0 0 0;font-size: 16px;line-height: 1.2;color: #2c8c95\"><strong>25% OFF<\/strong> EXTRA YA APLICADO EN EL PRECIO DEL PRODUCTO<\/p>\n<\/div>\n<h2><strong>Cargador de Viaje USB-C \u2013 25% OFF<\/strong><\/h2>\n<p><strong>Carg\u00e1 tus dispositivos de forma r\u00e1pida y segura en cualquier destino.<br \/>\n<\/strong>Aprovech\u00e1 un 25% de descuento en el cargador de viaje USB-C con tecnolog\u00eda de carga r\u00e1pida inteligente. Ideal para mantenerte siempre conectado durante tu viaje.<\/p>\n<h3>Beneficios<\/h3>\n<p>\u2022 <strong>Carga r\u00e1pida inteligente:<\/strong> optimiza la velocidad de carga seg\u00fan el dispositivo.<br \/>\n\u2022 <strong>Compatibilidad universal:<\/strong> apto para smartphones, tablets y otros dispositivos USB-C.<br \/>\n\u2022 <strong>Dise\u00f1o compacto:<\/strong> liviano y f\u00e1cil de llevar en tu equipaje de mano.<\/p>\n<h3>Informaci\u00f3n<\/h3>\n<p>\u2022 Present\u00e1 el mail de confirmaci\u00f3n de compra en los puntos de Tripstore ubicados en planta baja, \u00e1rea de check-in.<\/p>\n<p><strong>Realiz\u00e1 tu compra online y viaj\u00e1 siempre con energ\u00eda.<\/strong><\/p>\n","protected":false},"featured_media":506756,"template":"","meta":{"_acf_changed":false,"_iconic_wsb_product_page_order_bump_ids":[[]],"_sku":[],"_iconic_wsb_product_page_bump_modal_ids":[[]]},"product_brand":[],"product_cat":[323],"product_tag":[],"class_list":{"0":"post-503044","1":"product","2":"type-product","3":"status-publish","4":"has-post-thumbnail","6":"product_cat-accesorios","7":"description-off","9":"first","10":"instock","11":"sale","12":"virtual","13":"purchasable","14":"product-type-simple"},"acf":[],"_links":{"self":[{"href":"https:\/\/tienda.aeropuertosargentina.com\/ezeiza\/wp-json\/wp\/v2\/product\/503044","targetHints":{"allow":["GET"]}}],"collection":[{"href":"https:\/\/tienda.aeropuertosargentina.com\/ezeiza\/wp-json\/wp\/v2\/product"}],"about":[{"href":"https:\/\/tienda.aeropuertosargentina.com\/ezeiza\/wp-json\/wp\/v2\/types\/product"}],"wp:featuredmedia":[{"embeddable":true,"href":"https:\/\/tienda.aeropuertosargentina.com\/ezeiza\/wp-json\/wp\/v2\/media\/506756"}],"wp:attachment":[{"href":"https:\/\/tienda.aeropuertosargentina.com\/ezeiza\/wp-json\/wp\/v2\/media?parent=503044"}],"wp:term":[{"taxonomy":"product_brand","embeddable":true,"href":"https:\/\/tienda.aeropuertosargentina.com\/ezeiza\/wp-json\/wp\/v2\/product_brand?post=503044"},{"taxonomy":"product_cat","embeddable":true,"href":"https:\/\/tienda.aeropuertosargentina.com\/ezeiza\/wp-json\/wp\/v2\/product_cat?post=503044"},{"taxonomy":"product_tag","embeddable":true,"href":"https:\/\/tienda.aeropuertosargentina.com\/ezeiza\/wp-json\/wp\/v2\/product_tag?post=503044"}],"curies":[{"name":"wp","href":"https:\/\/api.w.org\/{rel}","templated":true}]}}