{"id":506376,"date":"2026-05-08T13:47:35","date_gmt":"2026-05-08T16:47:35","guid":{"rendered":"https:\/\/tienda.aeropuertosargentina.com\/ezeiza\/?post_type=product&#038;p=506376"},"modified":"2026-05-11T12:04:36","modified_gmt":"2026-05-11T15:04:36","slug":"combo-matero-premium-canarias","status":"publish","type":"product","link":"https:\/\/tienda.aeropuertosargentina.com\/ezeiza\/producto\/combo-matero-premium-canarias\/","title":{"rendered":"Combo Matero Premium &#8211; Canarias"},"content":{"rendered":"","protected":false},"excerpt":{"rendered":"<div style=\"background-color: #f2f4f5;padding: 20px;border-radius: 6px;font-family: Arial, Helvetica, sans-serif;color: #000;max-width: 700px\">\n<h4 style=\"font-size: 18px;font-weight: bold;margin: 0 0 5px 0\">\ud83d\udd25HOT SALE\ud83d\udd25<\/h4>\n<p style=\"margin: 0 0 0 0;font-size: 16px;line-height: 1.2;color: #2c8c95\"><strong>20% OFF EXTRA <\/strong>YA APLICADO<\/p>\n<\/div>\n<h2 data-start=\"0\" data-end=\"59\"><strong data-start=\"0\" data-end=\"57\">Combo Matero Canarias + Mate Eleven + Bombilla Eleven<\/strong><\/h2>\n<p data-start=\"61\" data-end=\"300\">Disfrut\u00e1 la experiencia completa del mate con este combo exclusivo que incluye yerba Canarias, mate Eleven de cuero y acero y bombilla Eleven de alpaca cuchara chata. Aprovech\u00e1 un 20% de descuento y retiralo en Ezeiza antes de tu viaje.<\/p>\n<h3 data-start=\"302\" data-end=\"843\"><strong data-start=\"302\" data-end=\"316\">Beneficios<\/strong><\/h3>\n<p data-start=\"302\" data-end=\"843\">\u2022 <strong data-start=\"321\" data-end=\"342\">20% OFF exclusivo<\/strong>: acced\u00e9 a un precio preferencial comprando el combo completo.<br data-start=\"404\" data-end=\"407\" \/>\u2022 <strong data-start=\"409\" data-end=\"434\">Combo matero completo<\/strong>: incluye Yerba Canarias 500 gr, mate Eleven de cuero y acero, y bombilla Eleven de alpaca cuchara chata.<br data-start=\"539\" data-end=\"542\" \/>\u2022 <strong data-start=\"544\" data-end=\"565\">Productos premium<\/strong>: materiales de calidad y dise\u00f1o ideal para disfrutar el mate todos los d\u00edas o llevar de viaje.<br data-start=\"660\" data-end=\"663\" \/>\u2022 <strong data-start=\"665\" data-end=\"695\">Retiro f\u00e1cil en aeropuerto<\/strong>: retiralo directamente en <strong>Open Nativo<\/strong> antes de embarcar.<br data-start=\"752\" data-end=\"755\" \/>\u2022 <strong data-start=\"757\" data-end=\"778\">Compra anticipada<\/strong>: asegur\u00e1 tu combo online, con al menos 24 horas de anticipaci\u00f3n, y retiralo de manera r\u00e1pida y simple.<\/p>\n<h3 data-start=\"845\" data-end=\"1247\"><strong data-start=\"845\" data-end=\"873\">Informaci\u00f3n importante<\/strong><\/h3>\n<p data-start=\"845\" data-end=\"1247\">\u2022 El retiro podr\u00e1 realizarse hasta el 31 de julio de 2026.<br data-start=\"1051\" data-end=\"1054\" \/>\u2022 Retiro disponible en Open Nativo, ubicado en planta baja del sector de check-in del Aeropuerto Internacional de Ezeiza.<br data-start=\"1175\" data-end=\"1178\" \/>\u2022 Present\u00e1 el mail de confirmaci\u00f3n de compra al momento del retiro.<\/p>\n<p data-start=\"1249\" data-end=\"1334\" data-is-last-node=\"\" data-is-only-node=\"\"><strong>Realiz\u00e1 tu compra online y empez\u00e1 tu viaje\u00a0acompa\u00f1ado de un buen mate.<\/strong><\/p>\n","protected":false},"featured_media":507454,"template":"","meta":{"_acf_changed":false,"_iconic_wsb_product_page_order_bump_ids":[[]],"_sku":[],"_iconic_wsb_product_page_bump_modal_ids":[[]]},"product_brand":[],"product_cat":[313],"product_tag":[],"class_list":{"0":"post-506376","1":"product","2":"type-product","3":"status-publish","4":"has-post-thumbnail","6":"product_cat-productos","7":"description-off","9":"first","10":"instock","11":"sale","12":"virtual","13":"purchasable","14":"product-type-composite"},"acf":[],"_links":{"self":[{"href":"https:\/\/tienda.aeropuertosargentina.com\/ezeiza\/wp-json\/wp\/v2\/product\/506376","targetHints":{"allow":["GET"]}}],"collection":[{"href":"https:\/\/tienda.aeropuertosargentina.com\/ezeiza\/wp-json\/wp\/v2\/product"}],"about":[{"href":"https:\/\/tienda.aeropuertosargentina.com\/ezeiza\/wp-json\/wp\/v2\/types\/product"}],"wp:featuredmedia":[{"embeddable":true,"href":"https:\/\/tienda.aeropuertosargentina.com\/ezeiza\/wp-json\/wp\/v2\/media\/507454"}],"wp:attachment":[{"href":"https:\/\/tienda.aeropuertosargentina.com\/ezeiza\/wp-json\/wp\/v2\/media?parent=506376"}],"wp:term":[{"taxonomy":"product_brand","embeddable":true,"href":"https:\/\/tienda.aeropuertosargentina.com\/ezeiza\/wp-json\/wp\/v2\/product_brand?post=506376"},{"taxonomy":"product_cat","embeddable":true,"href":"https:\/\/tienda.aeropuertosargentina.com\/ezeiza\/wp-json\/wp\/v2\/product_cat?post=506376"},{"taxonomy":"product_tag","embeddable":true,"href":"https:\/\/tienda.aeropuertosargentina.com\/ezeiza\/wp-json\/wp\/v2\/product_tag?post=506376"}],"curies":[{"name":"wp","href":"https:\/\/api.w.org\/{rel}","templated":true}]}}