{"id":506536,"date":"2026-05-08T19:28:47","date_gmt":"2026-05-08T22:28:47","guid":{"rendered":"https:\/\/tienda.aeropuertosargentina.com\/ezeiza\/?post_type=product&#038;p=506536"},"modified":"2026-05-11T12:15:28","modified_gmt":"2026-05-11T15:15:28","slug":"combo-cachafaz","status":"publish","type":"product","link":"https:\/\/tienda.aeropuertosargentina.com\/ezeiza\/producto\/combo-cachafaz\/","title":{"rendered":"Combo Cachafaz"},"content":{"rendered":"","protected":false},"excerpt":{"rendered":"<div style=\"background-color: #f2f4f5;padding: 20px;border-radius: 6px;font-family: Arial, Helvetica, sans-serif;color: #000;max-width: 700px\">\n<h4 style=\"font-size: 18px;font-weight: bold;margin: 0 0 5px 0\">\ud83d\udd25HOT SALE\ud83d\udd25<\/h4>\n<p style=\"margin: 0 0 0 0;font-size: 16px;line-height: 1.2;color: #2c8c95\"><strong>20% OFF EXTRA <\/strong>YA APLICADO<\/p>\n<\/div>\n<h2 data-start=\"0\" data-end=\"36\"><strong data-start=\"0\" data-end=\"34\">Combo Cachafaz Chocolate Negro<\/strong><\/h2>\n<p data-start=\"38\" data-end=\"261\">Disfrut\u00e1 un combo exclusivo con dos cl\u00e1sicos de Cachafaz: alfajores y conitos de chocolate negro rellenos con dulce de leche. Aprovech\u00e1 una propuesta ideal para regalar, compartir o acompa\u00f1ar tu viaje con sabores premium.<\/p>\n<h3 data-start=\"263\" data-end=\"796\"><strong data-start=\"263\" data-end=\"277\">Beneficios<\/strong><\/h3>\n<p data-start=\"263\" data-end=\"796\">\u2022 <strong data-start=\"282\" data-end=\"310\">Combo exclusivo Cachafaz<\/strong>: incluye alfajores y conitos de chocolate negro rellenos con dulce de leche.<br data-start=\"387\" data-end=\"390\" \/>\u2022 <strong data-start=\"392\" data-end=\"411\">Sabores premium<\/strong>: productos elaborados con chocolate negro y relleno suave de dulce de leche.<br data-start=\"488\" data-end=\"491\" \/>\u2022 <strong data-start=\"493\" data-end=\"536\">Ideal para regalar o disfrutar en viaje<\/strong>: una combinaci\u00f3n perfecta para acompa\u00f1arte antes de embarcar.<br data-start=\"598\" data-end=\"601\" \/>\u2022 <strong data-start=\"603\" data-end=\"629\">Retiro f\u00e1cil en Ezeiza<\/strong>: retiralo directamente en locales <strong>Open25<\/strong> habilitados dentro del aeropuerto.<br data-start=\"705\" data-end=\"708\" \/>\u2022 <strong data-start=\"710\" data-end=\"731\">Compra anticipada<\/strong>: asegur\u00e1 tu combo online, con al menos 24 horas de anticipaci\u00f3n, y retiralo de manera r\u00e1pida y simple.<\/p>\n<h3 data-start=\"798\" data-end=\"1330\"><strong data-start=\"798\" data-end=\"826\">Informaci\u00f3n importante<\/strong><\/h3>\n<p data-start=\"798\" data-end=\"1330\">\u2022 El retiro podr\u00e1 realizarse hasta el 31 de julio de 2026.<br data-start=\"1029\" data-end=\"1032\" \/>\u2022 Disponible para retiro en locales Open25 del Aeropuerto Internacional de Ezeiza:<br data-start=\"1114\" data-end=\"1117\" \/>\u2003- Hall de zona p\u00fablica &gt; nueva terminal de partidas &gt; <span data-teams=\"true\">Sector de Check in E.<\/span><br data-start=\"1161\" data-end=\"1164\" \/>\u2003- Embarque internacional &gt; frente a puerta 16.<br data-start=\"1210\" data-end=\"1213\" \/>\u2003- Embarque internacional &gt; frente a puerta 9.<br data-start=\"1258\" data-end=\"1261\" \/>\u2022 Present\u00e1 el mail de confirmaci\u00f3n de compra al momento del retiro.<\/p>\n<p data-start=\"1332\" data-end=\"1421\" data-is-last-node=\"\" data-is-only-node=\"\"><strong>Compr\u00e1 tu combo online y disfrut\u00e1 el sabor premium de Cachafaz antes de tu pr\u00f3ximo viaje.<\/strong><\/p>\n","protected":false},"featured_media":507464,"template":"","meta":{"_acf_changed":false,"_iconic_wsb_product_page_order_bump_ids":[[]],"_sku":[],"_iconic_wsb_product_page_bump_modal_ids":[[]]},"product_brand":[],"product_cat":[313],"product_tag":[],"class_list":{"0":"post-506536","1":"product","2":"type-product","3":"status-publish","4":"has-post-thumbnail","6":"product_cat-productos","7":"description-off","9":"first","10":"instock","11":"sale","12":"virtual","13":"purchasable","14":"product-type-composite"},"acf":[],"_links":{"self":[{"href":"https:\/\/tienda.aeropuertosargentina.com\/ezeiza\/wp-json\/wp\/v2\/product\/506536","targetHints":{"allow":["GET"]}}],"collection":[{"href":"https:\/\/tienda.aeropuertosargentina.com\/ezeiza\/wp-json\/wp\/v2\/product"}],"about":[{"href":"https:\/\/tienda.aeropuertosargentina.com\/ezeiza\/wp-json\/wp\/v2\/types\/product"}],"wp:featuredmedia":[{"embeddable":true,"href":"https:\/\/tienda.aeropuertosargentina.com\/ezeiza\/wp-json\/wp\/v2\/media\/507464"}],"wp:attachment":[{"href":"https:\/\/tienda.aeropuertosargentina.com\/ezeiza\/wp-json\/wp\/v2\/media?parent=506536"}],"wp:term":[{"taxonomy":"product_brand","embeddable":true,"href":"https:\/\/tienda.aeropuertosargentina.com\/ezeiza\/wp-json\/wp\/v2\/product_brand?post=506536"},{"taxonomy":"product_cat","embeddable":true,"href":"https:\/\/tienda.aeropuertosargentina.com\/ezeiza\/wp-json\/wp\/v2\/product_cat?post=506536"},{"taxonomy":"product_tag","embeddable":true,"href":"https:\/\/tienda.aeropuertosargentina.com\/ezeiza\/wp-json\/wp\/v2\/product_tag?post=506536"}],"curies":[{"name":"wp","href":"https:\/\/api.w.org\/{rel}","templated":true}]}}