{"id":507598,"date":"2026-05-11T11:52:44","date_gmt":"2026-05-11T14:52:44","guid":{"rendered":"https:\/\/tienda.aeropuertosargentina.com\/ezeiza\/?post_type=product&#038;p=507598"},"modified":"2026-05-11T12:52:47","modified_gmt":"2026-05-11T15:52:47","slug":"cargador-universal","status":"publish","type":"product","link":"https:\/\/tienda.aeropuertosargentina.com\/ezeiza\/producto\/cargador-universal\/","title":{"rendered":"Cargador Universal"},"content":{"rendered":"","protected":false},"excerpt":{"rendered":"<div style=\"background-color: #f2f4f5;padding: 20px;border-radius: 6px;font-family: Arial, Helvetica, sans-serif;color: #000;max-width: 700px\">\n<h4 style=\"font-size: 18px;font-weight: bold;margin: 0 0 5px 0\">\ud83d\udd25HOT SALE\ud83d\udd25<\/h4>\n<p style=\"margin: 0 0 0 0;font-size: 16px;line-height: 1.2;color: #2c8c95\"><strong>20% OFF<\/strong> EXTRA YA APLICADO EN EL PRECIO DEL PRODUCTO<\/p>\n<\/div>\n<h2><strong>Cargador de Viaje Universal \u2013 20% OFF<\/strong><\/h2>\n<p><strong>Carg\u00e1 tus dispositivos de forma r\u00e1pida y segura en cualquier destino.<br \/>\n<\/strong>Aprovech\u00e1 un 20% de descuento en el cargador de viaje Universal con tecnolog\u00eda de carga r\u00e1pida inteligente. Ideal para mantenerte siempre conectado durante tu viaje.<\/p>\n<h3>Beneficios<\/h3>\n<p>\u2022 <strong>Compatibilidad universal:<\/strong> apto para smartphones, tablets y otros dispositivos.<br \/>\n\u2022 <strong>Dise\u00f1o compacto:<\/strong> liviano y f\u00e1cil de llevar en tu equipaje de mano.<\/p>\n<h3>Informaci\u00f3n<\/h3>\n<p>\u2022 Present\u00e1 el mail de confirmaci\u00f3n de compra en los locales de Open 25:<\/p>\n<p>Local<strong> 333<\/strong> (NTP, sector E)<\/p>\n<p>Local <strong>172<\/strong> (Preembarque Inter, frente a puerta 16)<\/p>\n<p>Local <strong>209 <\/strong>(Preembarque Inter frente a puerta 9)<\/p>\n<p><strong>Realiz\u00e1 tu compra online y viaj\u00e1 siempre con energ\u00eda.<\/strong><\/p>\n","protected":false},"featured_media":507692,"template":"","meta":{"_acf_changed":false,"_iconic_wsb_product_page_order_bump_ids":[[]],"_sku":[],"_iconic_wsb_product_page_bump_modal_ids":[[]]},"product_brand":[],"product_cat":[323],"product_tag":[],"class_list":{"0":"post-507598","1":"product","2":"type-product","3":"status-publish","4":"has-post-thumbnail","6":"product_cat-accesorios","7":"description-off","9":"first","10":"instock","11":"sale","12":"virtual","13":"purchasable","14":"product-type-simple"},"acf":[],"_links":{"self":[{"href":"https:\/\/tienda.aeropuertosargentina.com\/ezeiza\/wp-json\/wp\/v2\/product\/507598","targetHints":{"allow":["GET"]}}],"collection":[{"href":"https:\/\/tienda.aeropuertosargentina.com\/ezeiza\/wp-json\/wp\/v2\/product"}],"about":[{"href":"https:\/\/tienda.aeropuertosargentina.com\/ezeiza\/wp-json\/wp\/v2\/types\/product"}],"wp:featuredmedia":[{"embeddable":true,"href":"https:\/\/tienda.aeropuertosargentina.com\/ezeiza\/wp-json\/wp\/v2\/media\/507692"}],"wp:attachment":[{"href":"https:\/\/tienda.aeropuertosargentina.com\/ezeiza\/wp-json\/wp\/v2\/media?parent=507598"}],"wp:term":[{"taxonomy":"product_brand","embeddable":true,"href":"https:\/\/tienda.aeropuertosargentina.com\/ezeiza\/wp-json\/wp\/v2\/product_brand?post=507598"},{"taxonomy":"product_cat","embeddable":true,"href":"https:\/\/tienda.aeropuertosargentina.com\/ezeiza\/wp-json\/wp\/v2\/product_cat?post=507598"},{"taxonomy":"product_tag","embeddable":true,"href":"https:\/\/tienda.aeropuertosargentina.com\/ezeiza\/wp-json\/wp\/v2\/product_tag?post=507598"}],"curies":[{"name":"wp","href":"https:\/\/api.w.org\/{rel}","templated":true}]}}