{"id":64445,"date":"2024-06-06T20:44:24","date_gmt":"2024-06-06T23:44:24","guid":{"rendered":"https:\/\/tienda.aeropuertosargentina.com\/mendoza\/?post_type=product&#038;p=64445"},"modified":"2026-04-08T06:43:26","modified_gmt":"2026-04-08T09:43:26","slug":"conitos-caja-x6-dulce-de-leche-con-chocolate-blanco-y-negro","status":"publish","type":"product","link":"https:\/\/tienda.aeropuertosargentina.com\/mendoza\/producto\/conitos-caja-x6-dulce-de-leche-con-chocolate-blanco-y-negro\/","title":{"rendered":"Caja Conitos Cl\u00e1sicos x6"},"content":{"rendered":"","protected":false},"excerpt":{"rendered":"<p><strong>Disfrut\u00e1 de los conitos de Entre Dos, una delicia regional sin conservantes, fabricados de manera artesanal y reconocidos por su exquisito sabor.<\/strong><\/p>\n<p>Cada caja incluye seis (6) unidades de sus conitos. Estos son ideales para cualquier ocasi\u00f3n, ya sea como regalo o para darte un gusto personal en tu viaje.<\/p>\n<p><em><strong>ENTRE DOS<\/strong> es una marca de productos premium ubicada en Mendoza, con 15 a\u00f1os en el mercado. Son reconocidos por la responsabilidad y calidad de todos sus productos. \u00a1Hac\u00e9 tu d\u00eda m\u00e1s dulce y disfrut\u00e1 de sus alfajores!<\/em><\/p>\n","protected":false},"featured_media":64392,"template":"","meta":{"_acf_changed":false,"_iconic_wsb_product_page_order_bump_ids":[],"_sku":[],"_iconic_wsb_product_page_bump_modal_ids":[]},"product_brand":[],"product_cat":[313],"product_tag":[],"class_list":{"0":"post-64445","1":"product","2":"type-product","3":"status-publish","4":"has-post-thumbnail","6":"product_cat-productos","7":"description-off","9":"first","10":"instock","11":"virtual","12":"purchasable","13":"product-type-simple"},"acf":[],"_links":{"self":[{"href":"https:\/\/tienda.aeropuertosargentina.com\/mendoza\/wp-json\/wp\/v2\/product\/64445","targetHints":{"allow":["GET"]}}],"collection":[{"href":"https:\/\/tienda.aeropuertosargentina.com\/mendoza\/wp-json\/wp\/v2\/product"}],"about":[{"href":"https:\/\/tienda.aeropuertosargentina.com\/mendoza\/wp-json\/wp\/v2\/types\/product"}],"wp:featuredmedia":[{"embeddable":true,"href":"https:\/\/tienda.aeropuertosargentina.com\/mendoza\/wp-json\/wp\/v2\/media\/64392"}],"wp:attachment":[{"href":"https:\/\/tienda.aeropuertosargentina.com\/mendoza\/wp-json\/wp\/v2\/media?parent=64445"}],"wp:term":[{"taxonomy":"product_brand","embeddable":true,"href":"https:\/\/tienda.aeropuertosargentina.com\/mendoza\/wp-json\/wp\/v2\/product_brand?post=64445"},{"taxonomy":"product_cat","embeddable":true,"href":"https:\/\/tienda.aeropuertosargentina.com\/mendoza\/wp-json\/wp\/v2\/product_cat?post=64445"},{"taxonomy":"product_tag","embeddable":true,"href":"https:\/\/tienda.aeropuertosargentina.com\/mendoza\/wp-json\/wp\/v2\/product_tag?post=64445"}],"curies":[{"name":"wp","href":"https:\/\/api.w.org\/{rel}","templated":true}]}}