{"id":64450,"date":"2024-06-06T21:01:39","date_gmt":"2024-06-07T00:01:39","guid":{"rendered":"https:\/\/tienda.aeropuertosargentina.com\/mendoza\/?post_type=product&#038;p=64450"},"modified":"2026-04-08T06:42:21","modified_gmt":"2026-04-08T09:42:21","slug":"mini-alfajor-de-chocolate-negro-con-dulce-de-leche","status":"publish","type":"product","link":"https:\/\/tienda.aeropuertosargentina.com\/mendoza\/producto\/mini-alfajor-de-chocolate-negro-con-dulce-de-leche\/","title":{"rendered":"Caja Mini Alfajores x12"},"content":{"rendered":"","protected":false},"excerpt":{"rendered":"<p><strong>Compr\u00e1 la caja de 12\u00a0 mini alfajores de chocolate negro con dulce de leche, una delicia regional ideal para cualquier ocasi\u00f3n, ya sea como regalo o para darte un gusto personal en tu viaje.<\/strong><\/p>\n<p><em><strong>ENTRE DOS<\/strong> es una marca de productos premium ubicada en Mendoza, con 15 a\u00f1os en el mercado. Son reconocidos por la responsabilidad y calidad de todos sus productos.<\/em><\/p>\n<p><em>\u00a1Hac\u00e9 tu d\u00eda m\u00e1s dulce y disfrut\u00e1 de sus alfajores!<\/em><\/p>\n","protected":false},"featured_media":75033,"template":"","meta":{"_acf_changed":false,"_iconic_wsb_product_page_order_bump_ids":[],"_sku":[],"_iconic_wsb_product_page_bump_modal_ids":[]},"product_brand":[],"product_cat":[313],"product_tag":[],"class_list":{"0":"post-64450","1":"product","2":"type-product","3":"status-publish","4":"has-post-thumbnail","6":"product_cat-productos","7":"description-off","9":"first","10":"instock","11":"virtual","12":"purchasable","13":"product-type-simple"},"acf":[],"_links":{"self":[{"href":"https:\/\/tienda.aeropuertosargentina.com\/mendoza\/wp-json\/wp\/v2\/product\/64450","targetHints":{"allow":["GET"]}}],"collection":[{"href":"https:\/\/tienda.aeropuertosargentina.com\/mendoza\/wp-json\/wp\/v2\/product"}],"about":[{"href":"https:\/\/tienda.aeropuertosargentina.com\/mendoza\/wp-json\/wp\/v2\/types\/product"}],"wp:featuredmedia":[{"embeddable":true,"href":"https:\/\/tienda.aeropuertosargentina.com\/mendoza\/wp-json\/wp\/v2\/media\/75033"}],"wp:attachment":[{"href":"https:\/\/tienda.aeropuertosargentina.com\/mendoza\/wp-json\/wp\/v2\/media?parent=64450"}],"wp:term":[{"taxonomy":"product_brand","embeddable":true,"href":"https:\/\/tienda.aeropuertosargentina.com\/mendoza\/wp-json\/wp\/v2\/product_brand?post=64450"},{"taxonomy":"product_cat","embeddable":true,"href":"https:\/\/tienda.aeropuertosargentina.com\/mendoza\/wp-json\/wp\/v2\/product_cat?post=64450"},{"taxonomy":"product_tag","embeddable":true,"href":"https:\/\/tienda.aeropuertosargentina.com\/mendoza\/wp-json\/wp\/v2\/product_tag?post=64450"}],"curies":[{"name":"wp","href":"https:\/\/api.w.org\/{rel}","templated":true}]}}