{"id":65490,"date":"2024-08-15T14:37:51","date_gmt":"2024-08-15T17:37:51","guid":{"rendered":"https:\/\/tienda.aeropuertosargentina.com\/mendoza\/?post_type=product&#038;p=65490"},"modified":"2024-12-09T09:15:32","modified_gmt":"2024-12-09T12:15:32","slug":"pollo-club-jugo-natural","status":"publish","type":"product","link":"https:\/\/tienda.aeropuertosargentina.com\/mendoza\/producto\/pollo-club-jugo-natural\/","title":{"rendered":"Pollo Club + Jugo Natural"},"content":{"rendered":"","protected":false},"excerpt":{"rendered":"<p><b>Disfrut\u00e1 de un Sandwich de Pollo m\u00e1s una bebida natural en Tostado Club.<\/b><\/p>\n<p>\u00a1Lo rico, lo fresco y lo saludable con los mejores ingredientes antes o despu\u00e9s de tu viaje!<\/p>\n<ul>\n<li><b>Pollo Club: <\/b>S\u00e1ndwich de pollo marinado con especies, mix de hongos, mix de quesos en hebras, tomates secos y r\u00facula con aderezo ranch en flaut\u00f3n de parmesano.<\/li>\n<li><b>Jugo Natural.<\/b><\/li>\n<\/ul>\n","protected":false},"featured_media":67329,"template":"","meta":{"_acf_changed":false,"_iconic_wsb_product_page_order_bump_ids":[],"_sku":[],"_iconic_wsb_product_page_bump_modal_ids":[]},"product_brand":[],"product_cat":[314],"product_tag":[],"class_list":{"0":"post-65490","1":"product","2":"type-product","3":"status-publish","4":"has-post-thumbnail","6":"product_cat-gastronomia","7":"description-off","9":"first","10":"instock","11":"virtual","12":"purchasable","13":"product-type-simple"},"acf":[],"_links":{"self":[{"href":"https:\/\/tienda.aeropuertosargentina.com\/mendoza\/wp-json\/wp\/v2\/product\/65490","targetHints":{"allow":["GET"]}}],"collection":[{"href":"https:\/\/tienda.aeropuertosargentina.com\/mendoza\/wp-json\/wp\/v2\/product"}],"about":[{"href":"https:\/\/tienda.aeropuertosargentina.com\/mendoza\/wp-json\/wp\/v2\/types\/product"}],"wp:featuredmedia":[{"embeddable":true,"href":"https:\/\/tienda.aeropuertosargentina.com\/mendoza\/wp-json\/wp\/v2\/media\/67329"}],"wp:attachment":[{"href":"https:\/\/tienda.aeropuertosargentina.com\/mendoza\/wp-json\/wp\/v2\/media?parent=65490"}],"wp:term":[{"taxonomy":"product_brand","embeddable":true,"href":"https:\/\/tienda.aeropuertosargentina.com\/mendoza\/wp-json\/wp\/v2\/product_brand?post=65490"},{"taxonomy":"product_cat","embeddable":true,"href":"https:\/\/tienda.aeropuertosargentina.com\/mendoza\/wp-json\/wp\/v2\/product_cat?post=65490"},{"taxonomy":"product_tag","embeddable":true,"href":"https:\/\/tienda.aeropuertosargentina.com\/mendoza\/wp-json\/wp\/v2\/product_tag?post=65490"}],"curies":[{"name":"wp","href":"https:\/\/api.w.org\/{rel}","templated":true}]}}