{"id":65856,"date":"2024-09-17T14:42:31","date_gmt":"2024-09-17T17:42:31","guid":{"rendered":"https:\/\/tienda.aeropuertosargentina.com\/mendoza\/?post_type=product&#038;p=65856"},"modified":"2026-04-23T17:55:34","modified_gmt":"2026-04-23T20:55:34","slug":"alquiler-suv-compacto","status":"publish","type":"product","link":"https:\/\/tienda.aeropuertosargentina.com\/mendoza\/producto\/alquiler-suv-compacto\/","title":{"rendered":"Alquiler SUV Compacto"},"content":{"rendered":"","protected":false},"excerpt":{"rendered":"<h2><strong>Alquiler SUV Autom\u00e1tico- Hertz<\/strong><\/h2>\n<p><span data-ccp-props=\"{&quot;134233117&quot;:true,&quot;134233118&quot;:true,&quot;201341983&quot;:0,&quot;335559740&quot;:240}\"> <span class=\"NormalTextRun SpellingErrorV2Themed SCXW191098658 BCX0\">Alquil\u00e1<\/span><span class=\"NormalTextRun SCXW191098658 BCX0\"> tu auto en el aeropuerto de Mendoza y <\/span><span class=\"NormalTextRun SpellingErrorV2Themed SCXW191098658 BCX0\">comenz\u00e1<\/span><span class=\"NormalTextRun SCXW191098658 BCX0\"> tu viaje con total comodidad.<\/span><\/span><\/p>\n<h3>Caracter\u00edsticas del veh\u00edculo<\/h3>\n<ul>\n<li><span data-contrast=\"none\">Modelo Nissan Kicks autom\u00e1tico o similar<\/span><span data-ccp-props=\"{&quot;134233117&quot;:false,&quot;134233118&quot;:false,&quot;201341983&quot;:0,&quot;335559685&quot;:720,&quot;335559737&quot;:0,&quot;335559738&quot;:0,&quot;335559739&quot;:0,&quot;335559740&quot;:276,&quot;335559991&quot;:360}\">\u00a0<\/span><\/li>\n<li><span data-contrast=\"none\">Capacidad para 5 pasajeros<\/span><span data-ccp-props=\"{&quot;134233117&quot;:false,&quot;134233118&quot;:false,&quot;201341983&quot;:0,&quot;335559685&quot;:720,&quot;335559737&quot;:0,&quot;335559738&quot;:0,&quot;335559739&quot;:0,&quot;335559740&quot;:276,&quot;335559991&quot;:360}\">\u00a0<\/span><\/li>\n<li><span data-contrast=\"none\">Espacio para 2 valijas grandes y 1 chica<\/span><span data-ccp-props=\"{&quot;134233117&quot;:false,&quot;134233118&quot;:false,&quot;201341983&quot;:0,&quot;335559685&quot;:720,&quot;335559737&quot;:0,&quot;335559738&quot;:0,&quot;335559739&quot;:0,&quot;335559740&quot;:276,&quot;335559991&quot;:360}\">\u00a0<\/span><\/li>\n<li><span data-contrast=\"none\">Kilometraje libre y combustible nafta<\/span><span data-ccp-props=\"{&quot;134233117&quot;:false,&quot;134233118&quot;:false,&quot;201341983&quot;:0,&quot;335559685&quot;:720,&quot;335559737&quot;:0,&quot;335559738&quot;:0,&quot;335559739&quot;:0,&quot;335559740&quot;:276,&quot;335559991&quot;:360}\">\u00a0<\/span><\/li>\n<li><span data-contrast=\"none\">Con aire acondicionado y sistema de frenos ABS<\/span><span data-ccp-props=\"{&quot;134233117&quot;:false,&quot;134233118&quot;:false,&quot;201341983&quot;:0,&quot;335559685&quot;:720,&quot;335559737&quot;:0,&quot;335559738&quot;:0,&quot;335559739&quot;:0,&quot;335559740&quot;:276,&quot;335559991&quot;:360}\">\u00a0<\/span><\/li>\n<li><span data-contrast=\"none\">Incluye protecci\u00f3n b\u00e1sica (pod\u00e9s solicitar cobertura extra al retirar)<\/span><span data-ccp-props=\"{&quot;134233117&quot;:false,&quot;134233118&quot;:false,&quot;201341983&quot;:0,&quot;335559685&quot;:720,&quot;335559737&quot;:0,&quot;335559738&quot;:0,&quot;335559739&quot;:0,&quot;335559740&quot;:276,&quot;335559991&quot;:360}\">\u00a0<\/span><\/li>\n<\/ul>\n<p><b><span data-contrast=\"none\">Reserv\u00e1 online ahora y asegur\u00e1 tu veh\u00edculo al aterrizar.<\/span><\/b><span data-ccp-props=\"{&quot;134233117&quot;:false,&quot;134233118&quot;:false,&quot;201341983&quot;:0,&quot;335559738&quot;:0,&quot;335559739&quot;:160,&quot;335559740&quot;:276}\">\u00a0<\/span><\/p>\n","protected":false},"featured_media":67324,"template":"","meta":{"_acf_changed":false,"_iconic_wsb_product_page_order_bump_ids":[[]],"_sku":[],"_iconic_wsb_product_page_bump_modal_ids":[[]]},"product_brand":[],"product_cat":[16],"product_tag":[],"class_list":{"0":"post-65856","1":"product","2":"type-product","3":"status-publish","4":"has-post-thumbnail","6":"product_cat-alquiler-de-autos","7":"description-off","9":"first","10":"instock","11":"virtual","12":"sold-individually","13":"purchasable","14":"product-type-phive_booking"},"acf":[],"_links":{"self":[{"href":"https:\/\/tienda.aeropuertosargentina.com\/mendoza\/wp-json\/wp\/v2\/product\/65856","targetHints":{"allow":["GET"]}}],"collection":[{"href":"https:\/\/tienda.aeropuertosargentina.com\/mendoza\/wp-json\/wp\/v2\/product"}],"about":[{"href":"https:\/\/tienda.aeropuertosargentina.com\/mendoza\/wp-json\/wp\/v2\/types\/product"}],"wp:featuredmedia":[{"embeddable":true,"href":"https:\/\/tienda.aeropuertosargentina.com\/mendoza\/wp-json\/wp\/v2\/media\/67324"}],"wp:attachment":[{"href":"https:\/\/tienda.aeropuertosargentina.com\/mendoza\/wp-json\/wp\/v2\/media?parent=65856"}],"wp:term":[{"taxonomy":"product_brand","embeddable":true,"href":"https:\/\/tienda.aeropuertosargentina.com\/mendoza\/wp-json\/wp\/v2\/product_brand?post=65856"},{"taxonomy":"product_cat","embeddable":true,"href":"https:\/\/tienda.aeropuertosargentina.com\/mendoza\/wp-json\/wp\/v2\/product_cat?post=65856"},{"taxonomy":"product_tag","embeddable":true,"href":"https:\/\/tienda.aeropuertosargentina.com\/mendoza\/wp-json\/wp\/v2\/product_tag?post=65856"}],"curies":[{"name":"wp","href":"https:\/\/api.w.org\/{rel}","templated":true}]}}