{"id":98542,"date":"2026-04-23T12:11:47","date_gmt":"2026-04-23T15:11:47","guid":{"rendered":"https:\/\/tienda.aeropuertosargentina.com\/mendoza\/?post_type=product&#038;p=98542"},"modified":"2026-05-11T00:03:42","modified_gmt":"2026-05-11T03:03:42","slug":"estacionamiento-larga-estadia-2","status":"publish","type":"product","link":"https:\/\/tienda.aeropuertosargentina.com\/mendoza\/producto\/estacionamiento-larga-estadia-2\/","title":{"rendered":"Estacionamiento Larga Estad\u00eda (desde 1 d\u00eda) + 1 Embalaje de Valijas Gratis"},"content":{"rendered":"\t\t<div data-elementor-type=\"product-post\" data-elementor-id=\"98542\" class=\"elementor elementor-98542\" data-elementor-post-type=\"product\">\n\t\t\t\t\t\t<section class=\"elementor-section elementor-top-section elementor-element elementor-element-d3415f3 elementor-section-boxed elementor-section-height-default elementor-section-height-default\" data-id=\"d3415f3\" data-element_type=\"section\" data-e-type=\"section\">\n\t\t\t\t\t\t<div class=\"elementor-container elementor-column-gap-wide\">\n\t\t\t\t\t<div class=\"elementor-column elementor-col-50 elementor-top-column elementor-element elementor-element-60bf10e\" data-id=\"60bf10e\" data-element_type=\"column\" data-e-type=\"column\">\n\t\t\t<div class=\"elementor-widget-wrap elementor-element-populated\">\n\t\t\t\t\t\t<div class=\"elementor-element elementor-element-c52ea6e elementor-widget elementor-widget-text-editor\" data-id=\"c52ea6e\" data-element_type=\"widget\" data-e-type=\"widget\" data-widget_type=\"text-editor.default\">\n\t\t\t\t<div class=\"elementor-widget-container\">\n\t\t\t\t\t\t\t\t\t<p>Nam a erat ac neque tincidunt faucibus. Class dolor nulla aptent taciti sociosqu ad litora torquen consectetur adipiscing elit. Sed mi odio, sodales ut ante nec &#8211; viverra condimentum sapien risus eleifend, gravida nunc mollis, bibendum magna. Nam a erat ac neque tincidunt faucibus.\u00a0<\/p>\t\t\t\t\t\t\t\t<\/div>\n\t\t\t\t<\/div>\n\t\t\t\t<div class=\"elementor-element elementor-element-a8b3301 elementor-widget elementor-widget-spacer\" data-id=\"a8b3301\" data-element_type=\"widget\" data-e-type=\"widget\" data-widget_type=\"spacer.default\">\n\t\t\t\t<div class=\"elementor-widget-container\">\n\t\t\t\t\t\t\t<div class=\"elementor-spacer\">\n\t\t\t<div class=\"elementor-spacer-inner\"><\/div>\n\t\t<\/div>\n\t\t\t\t\t\t<\/div>\n\t\t\t\t<\/div>\n\t\t\t\t<div class=\"elementor-element elementor-element-1a7826e icon-vertical-align-center content-align-left icon-box-vertical-align-top icon-position-left elementor-widget elementor-widget-the7_icon_box_grid_widget\" data-id=\"1a7826e\" data-element_type=\"widget\" data-e-type=\"widget\" data-widget_type=\"the7_icon_box_grid_widget.default\">\n\t\t\t\t<div class=\"elementor-widget-container\">\n\t\t\t\t\t<div class=\"the7-box-grid-wrapper the7-elementor-widget loading-effect-none the7_icon_box_grid_widget-1a7826e\">\t\t\t<div class=\"dt-css-grid\">\n\t\t\t\t\t\t\t\t\t<div class=\"wf-cell shown\">\n\t\t\t\t\t\t<div class=\"the7-icon-box-grid\">\t\t\t\t\t\t\t<div class=\"box-content-wrapper\">\n\t\t\t\t\t\t\t\t\t\t\t\t\t\t\t\t\t<a class=\"elementor-icon-div\" aria-label=\"100% libero justo facilisis dolor amet\">\t\t\t\t\t\t\t\t\t\t<div class=\"elementor-icon\">\n\t\t\t\t\t\t\t\t\t\t\t<svg xmlns=\"http:\/\/www.w3.org\/2000\/svg\" viewBox=\"0 0 24 24\" width=\"24\" height=\"24\"><path fill=\"none\" d=\"M0 0h24v24H0z\"><\/path><path d=\"M12 22C6.477 22 2 17.523 2 12S6.477 2 12 2s10 4.477 10 10-4.477 10-10 10zm0-2a8 8 0 1 0 0-16 8 8 0 0 0 0 16zM11 7h2v2h-2V7zm0 4h2v6h-2v-6z\"><\/path><\/svg>\t\t\t\t\t\t\t\t\t\t<\/div>\n\t\t\t\t\t\t\t\t\t<\/a>\t\t\t\t\t\t\t\t\t\t\t\t\t\t\t\t<div class=\"box-content\">\n\t\t\t\t\t\t\t\t\t\t\t\t\t\t\t\t\t\t\t\t\t\t\t\t\t\t\t\t\t<h4 class=\"box-heading\">\n\t\t\t\t\t\t\t\t\t\t\t<a aria-label=\"100% libero justo facilisis dolor amet\">\t\t\t\t\t\t\t\t\t\t\t\t100% libero justo facilisis dolor amet\t\t\t\t\t\t\t\t\t\t\t<\/a>\t\t\t\t\t\t\t\t\t\t<\/h4>\n\t\t\t\t\t\t\t\t\t\t\t\t\t\t\t\t\t\t\t\t\t\t\t\t\t\t\t\t\t\t\t\t\t\t\t<\/div>\n\t\t\t\t\t\t\t<\/div>\n\t\t\t\t\t\t<\/div>\t\t\t\t\t<\/div>\n\t\t\t\t\t\t\t\t\t<div class=\"wf-cell shown\">\n\t\t\t\t\t\t<div class=\"the7-icon-box-grid\">\t\t\t\t\t\t\t<div class=\"box-content-wrapper\">\n\t\t\t\t\t\t\t\t\t\t\t\t\t\t\t\t\t<a class=\"elementor-icon-div\" aria-label=\"Ut elit mattis pulvinar volutpat lectus\">\t\t\t\t\t\t\t\t\t\t<div class=\"elementor-icon\">\n\t\t\t\t\t\t\t\t\t\t\t<svg xmlns=\"http:\/\/www.w3.org\/2000\/svg\" viewBox=\"0 0 24 24\" width=\"24\" height=\"24\"><path fill=\"none\" d=\"M0 0h24v24H0z\"><\/path><path d=\"M8 4h13v2H8V4zm-5-.5h3v3H3v-3zm0 7h3v3H3v-3zm0 7h3v3H3v-3zM8 11h13v2H8v-2zm0 7h13v2H8v-2z\"><\/path><\/svg>\t\t\t\t\t\t\t\t\t\t<\/div>\n\t\t\t\t\t\t\t\t\t<\/a>\t\t\t\t\t\t\t\t\t\t\t\t\t\t\t\t<div class=\"box-content\">\n\t\t\t\t\t\t\t\t\t\t\t\t\t\t\t\t\t\t\t\t\t\t\t\t\t\t\t\t\t<h4 class=\"box-heading\">\n\t\t\t\t\t\t\t\t\t\t\t<a aria-label=\"Ut elit mattis pulvinar volutpat lectus\">\t\t\t\t\t\t\t\t\t\t\t\tUt elit mattis pulvinar volutpat lectus\t\t\t\t\t\t\t\t\t\t\t<\/a>\t\t\t\t\t\t\t\t\t\t<\/h4>\n\t\t\t\t\t\t\t\t\t\t\t\t\t\t\t\t\t\t\t\t\t\t\t\t\t\t\t\t\t\t\t\t\t\t\t<\/div>\n\t\t\t\t\t\t\t<\/div>\n\t\t\t\t\t\t<\/div>\t\t\t\t\t<\/div>\n\t\t\t\t\t\t\t\t\t<div class=\"wf-cell shown\">\n\t\t\t\t\t\t<div class=\"the7-icon-box-grid\">\t\t\t\t\t\t\t<div class=\"box-content-wrapper\">\n\t\t\t\t\t\t\t\t\t\t\t\t\t\t\t\t\t<a class=\"elementor-icon-div\" aria-label=\"Consectetur ullamcorper mattis pulvinar dapibus\">\t\t\t\t\t\t\t\t\t\t<div class=\"elementor-icon\">\n\t\t\t\t\t\t\t\t\t\t\t<svg xmlns=\"http:\/\/www.w3.org\/2000\/svg\" viewBox=\"0 0 24 24\" width=\"24\" height=\"24\"><path fill=\"none\" d=\"M0 0h24v24H0z\"><\/path><path d=\"M7.05 14.121L4.93 16.243l2.828 2.828L19.071 7.757 16.243 4.93 14.12 7.05l1.415 1.414L14.12 9.88l-1.414-1.415-1.414 1.415 1.414 1.414-1.414 1.414-1.414-1.414-1.415 1.414 1.415 1.414-1.415 1.415L7.05 14.12zm9.9-11.313l4.242 4.242a1 1 0 0 1 0 1.414L8.464 21.192a1 1 0 0 1-1.414 0L2.808 16.95a1 1 0 0 1 0-1.414L15.536 2.808a1 1 0 0 1 1.414 0zM14.12 18.363l1.415-1.414 2.242 2.243h1.414v-1.414l-2.242-2.243 1.414-1.414L21 16.757V21h-4.242l-2.637-2.637zM5.636 9.878L2.807 7.05a1 1 0 0 1 0-1.415l2.829-2.828a1 1 0 0 1 1.414 0L9.88 5.635 8.464 7.05 6.343 4.928 4.929 6.343l2.121 2.12-1.414 1.415z\"><\/path><\/svg>\t\t\t\t\t\t\t\t\t\t<\/div>\n\t\t\t\t\t\t\t\t\t<\/a>\t\t\t\t\t\t\t\t\t\t\t\t\t\t\t\t<div class=\"box-content\">\n\t\t\t\t\t\t\t\t\t\t\t\t\t\t\t\t\t\t\t\t\t\t\t\t\t\t\t\t\t<h4 class=\"box-heading\">\n\t\t\t\t\t\t\t\t\t\t\t<a aria-label=\"Consectetur ullamcorper mattis pulvinar dapibus\">\t\t\t\t\t\t\t\t\t\t\t\tConsectetur ullamcorper mattis pulvinar dapibus\t\t\t\t\t\t\t\t\t\t\t<\/a>\t\t\t\t\t\t\t\t\t\t<\/h4>\n\t\t\t\t\t\t\t\t\t\t\t\t\t\t\t\t\t\t\t\t\t\t\t\t\t\t\t\t\t\t\t\t\t\t\t<\/div>\n\t\t\t\t\t\t\t<\/div>\n\t\t\t\t\t\t<\/div>\t\t\t\t\t<\/div>\n\t\t\t\t\t\t\t<\/div>\n\t\t<\/div>\t\t\t\t<\/div>\n\t\t\t\t<\/div>\n\t\t\t\t\t<\/div>\n\t\t<\/div>\n\t\t\t\t<div class=\"elementor-column elementor-col-50 elementor-top-column elementor-element elementor-element-cff2bcf\" data-id=\"cff2bcf\" data-element_type=\"column\" data-e-type=\"column\">\n\t\t\t<div class=\"elementor-widget-wrap elementor-element-populated\">\n\t\t\t\t\t\t<div class=\"elementor-element elementor-element-c43eaa2 elementor-widget elementor-widget-image\" data-id=\"c43eaa2\" data-element_type=\"widget\" data-e-type=\"widget\" data-widget_type=\"image.default\">\n\t\t\t\t<div class=\"elementor-widget-container\">\n\t\t\t\t\t\t\t\t\t\t\t\t\t\t\t<img decoding=\"async\" src=\"https:\/\/tienda.aeropuertosargentina.com\/mendoza\/wp-content\/uploads\/2022\/12\/shop2023-wide04446640.jpg\" title=\"\" alt=\"\" loading=\"lazy\" \/>\t\t\t\t\t\t\t\t\t\t\t\t\t\t\t<\/div>\n\t\t\t\t<\/div>\n\t\t\t\t\t<\/div>\n\t\t<\/div>\n\t\t\t\t\t<\/div>\n\t\t<\/section>\n\t\t\t\t<\/div>\n\t\t","protected":false},"excerpt":{"rendered":"<div style=\"background-color: #f2f4f5;padding: 20px;border-radius: 6px;font-family: Arial, Helvetica, sans-serif;color: #000;max-width: 700px\">\n<h4 style=\"font-size: 18px;font-weight: bold;margin: 0 0 5px 0\">\ud83d\udd25HOT SALE\ud83d\udd25<\/h4>\n<p style=\"margin: 0 0 0 0;font-size: 16px;line-height: 1.2;color: #2c8c95\"><strong>HASTA 75% OFF EXTRA + 1 EMBALAJE DE VALIJAS GRATIS<\/strong><\/p>\n<\/div>\n<h2><b><span data-contrast=\"none\">Estacionamiento en el Aeropuerto de Mendoza<\/span><\/b><span data-ccp-props=\"{}\">\u00a0<\/span><\/h2>\n<p><span data-contrast=\"none\">Asegur\u00e1 tu lugar en el estacionamiento oficial del aeropuerto, ideal para estad\u00edas prolongadas y con tarifa preferencial por reserva anticipada.<\/span><span data-ccp-props=\"{}\">\u00a0<\/span><\/p>\n<h3><b><span data-contrast=\"none\">Beneficios<\/span><\/b><span data-ccp-props=\"{}\">\u00a0<\/span><\/h3>\n<ul>\n<li><span data-contrast=\"none\"><strong>Espacios cubiertos y descubiertos<\/strong> ubicados dentro del predio del aeropuerto.<\/span><span data-ccp-props=\"{}\">\u00a0<\/span><\/li>\n<li><strong>Embalaje de valijas gratis:<\/strong> proteg\u00e9 tu equipaje sin costo adicional antes de viajar.<\/li>\n<li><span data-contrast=\"none\"><strong>Acced\u00e9 al mejor precio:<\/strong> una tarifa exclusiva, m\u00e1s econ\u00f3mica que cualquier opci\u00f3n disponible en el aeropuerto, para fechas dentro de los pr\u00f3ximos 120 d\u00edas.<\/span><\/li>\n<\/ul>\n<h3><b><span data-contrast=\"none\">Informaci\u00f3n del servicio<\/span><\/b><span data-ccp-props=\"{}\">\u00a0<\/span><\/h3>\n<ul>\n<li data-leveltext=\"\uf0b7\" data-font=\"Symbol\" data-listid=\"117\" data-list-defn-props=\"{&quot;335552541&quot;:1,&quot;335559685&quot;:720,&quot;335559991&quot;:360,&quot;469769226&quot;:&quot;Symbol&quot;,&quot;469769242&quot;:[8226],&quot;469777803&quot;:&quot;left&quot;,&quot;469777804&quot;:&quot;\uf0b7&quot;,&quot;469777815&quot;:&quot;hybridMultilevel&quot;}\" data-aria-posinset=\"1\" data-aria-level=\"1\"><span data-contrast=\"none\">Reserv\u00e1 online, con al menos 6 horas de anticipaci\u00f3n, y recib\u00ed tu QR por mail.<\/span><span data-ccp-props=\"{}\">\u00a0<\/span><\/li>\n<\/ul>\n<ul>\n<li data-leveltext=\"\uf0b7\" data-font=\"Symbol\" data-listid=\"117\" data-list-defn-props=\"{&quot;335552541&quot;:1,&quot;335559685&quot;:720,&quot;335559991&quot;:360,&quot;469769226&quot;:&quot;Symbol&quot;,&quot;469769242&quot;:[8226],&quot;469777803&quot;:&quot;left&quot;,&quot;469777804&quot;:&quot;\uf0b7&quot;,&quot;469777815&quot;:&quot;hybridMultilevel&quot;}\" data-aria-posinset=\"2\" data-aria-level=\"1\"><span data-contrast=\"none\">Al ingresar, us\u00e1 una v\u00eda manual y retir\u00e1 un ticket.<\/span><span data-ccp-props=\"{}\">\u00a0<\/span><\/li>\n<\/ul>\n<ul>\n<li data-leveltext=\"\uf0b7\" data-font=\"Symbol\" data-listid=\"117\" data-list-defn-props=\"{&quot;335552541&quot;:1,&quot;335559685&quot;:720,&quot;335559991&quot;:360,&quot;469769226&quot;:&quot;Symbol&quot;,&quot;469769242&quot;:[8226],&quot;469777803&quot;:&quot;left&quot;,&quot;469777804&quot;:&quot;\uf0b7&quot;,&quot;469777815&quot;:&quot;hybridMultilevel&quot;}\" data-aria-posinset=\"3\" data-aria-level=\"1\"><span data-contrast=\"none\">Para salir, escane\u00e1 primero el ticket de ingreso y luego tu QR en el lector de salida.<\/span><span data-ccp-props=\"{}\">\u00a0<\/span><\/li>\n<\/ul>\n<ul>\n<li data-leveltext=\"\uf0b7\" data-font=\"Symbol\" data-listid=\"117\" data-list-defn-props=\"{&quot;335552541&quot;:1,&quot;335559685&quot;:720,&quot;335559991&quot;:360,&quot;469769226&quot;:&quot;Symbol&quot;,&quot;469769242&quot;:[8226],&quot;469777803&quot;:&quot;left&quot;,&quot;469777804&quot;:&quot;\uf0b7&quot;,&quot;469777815&quot;:&quot;hybridMultilevel&quot;}\" data-aria-posinset=\"4\" data-aria-level=\"1\"><span data-contrast=\"none\">Si excediste el tiempo reservado, abon\u00e1 la diferencia en cabina al salir.<\/span><span data-ccp-props=\"{}\">\u00a0<\/span><\/li>\n<\/ul>\n<p><span data-contrast=\"none\">V\u00e1lido solo con reserva previa \u2013 cupos limitados.<\/span><span data-ccp-props=\"{&quot;335559685&quot;:0}\">\u00a0<\/span><\/p>\n<p><b><span data-contrast=\"none\">Reserv\u00e1 online ahora y asegur\u00e1 tu lugar en el aeropuerto de Mendoza.<\/span><\/b><span data-ccp-props=\"{}\">\u00a0<\/span><\/p>\n<h3><b><span data-contrast=\"auto\">\u00bfSuperaste el tiempo reservado?<\/span><\/b><span data-ccp-props=\"{}\">\u00a0<\/span><\/h3>\n<p>Pod\u00e9s abonar la diferencia en una cabina de pago con la <a href=\"https:\/\/www.aeropuertosargentina.com\/es\/MDZ\/servicios\/estacionamiento\">tarifa vigente<\/a><\/p>\n<p><strong>Descubr\u00ed cu\u00e1nto pod\u00e9s ahorrar con tu reserva online<\/strong><\/p>\n<p><em>Pod\u00e9s reservar desde 1 d\u00eda en adelante de estacionamiento.<\/em><\/p>\n<table style=\"width: 400px;min-width: 400px;margin-left: 2;border-collapse: collapse;font-family: 'Open Sans', Arial, sans-serif;text-align: center;font-size: 12px\">\n<thead>\n<tr style=\"background-color: #007381;color: #ffffff\">\n<th style=\"padding: 8px;border: 1px solid #dddddd\">Ejemplos de estad\u00edas<\/th>\n<th style=\"padding: 8px;border: 1px solid #dddddd\">Precio en el aeropuerto<\/th>\n<th style=\"padding: 8px;border: 1px solid #dddddd\">Reserva online<br \/>\n<span style=\"font-size: 10px\">(precio exclusivo)<\/span><\/th>\n<\/tr>\n<\/thead>\n<tbody>\n<tr style=\"background-color: #ffffff\">\n<td style=\"padding: 8px;border: 1px solid #ddd\">4 d\u00edas<\/td>\n<td style=\"padding: 8px;border: 1px solid #ddd\">$ 148.000<\/td>\n<td style=\"padding: 6px 8px;border: 1px solid #ddd;background-color: #e6f2f2;font-weight: bold;color: #333\">\n<div style=\"line-height: 1.25\">$ 79.000<\/div>\n<div style=\"margin-top: 2px;color: #007381;font-size: 11px;line-height: 1.15\">(47% OFF)<\/div>\n<\/td>\n<\/tr>\n<tr style=\"background-color: #f9f9f9\">\n<td style=\"padding: 8px;border: 1px solid #ddd\">7 d\u00edas<\/td>\n<td style=\"padding: 8px;border: 1px solid #ddd\">$ 259.000<\/td>\n<td style=\"padding: 6px 8px;border: 1px solid #ddd;background-color: #e6f2f2;font-weight: bold;color: #333\">\n<div style=\"line-height: 1.25\">$ 114.000<\/div>\n<div style=\"margin-top: 2px;color: #007381;font-size: 11px;line-height: 1.15\">(56% OFF)<\/div>\n<\/td>\n<\/tr>\n<tr style=\"background-color: #ffffff\">\n<td style=\"padding: 8px;border: 1px solid #ddd\">10 d\u00edas<\/td>\n<td style=\"padding: 8px;border: 1px solid #ddd\">$ 370.000<\/td>\n<td style=\"padding: 6px 8px;border: 1px solid #ddd;background-color: #e6f2f2;font-weight: bold;color: #333\">\n<div style=\"line-height: 1.25\">$ 144.000<\/div>\n<div style=\"margin-top: 2px;color: #007381;font-size: 11px;line-height: 1.15\">(61% OFF)<\/div>\n<\/td>\n<\/tr>\n<tr style=\"background-color: #f9f9f9\">\n<td style=\"padding: 8px;border: 1px solid #ddd\">14 d\u00edas<\/td>\n<td style=\"padding: 8px;border: 1px solid #ddd\">$ 518.000<\/td>\n<td style=\"padding: 6px 8px;border: 1px solid #ddd;background-color: #e6f2f2;font-weight: bold;color: #333\">\n<div style=\"line-height: 1.25\">$ 168.000<\/div>\n<div style=\"margin-top: 2px;color: #007381;font-size: 11px;line-height: 1.15\">(68% OFF)<\/div>\n<\/td>\n<\/tr>\n<tr style=\"background-color: #ffffff\">\n<td style=\"padding: 8px;border: 1px solid #ddd\">21 d\u00edas<\/td>\n<td style=\"padding: 8px;border: 1px solid #ddd\">$ 777.000<\/td>\n<td style=\"padding: 6px 8px;border: 1px solid #ddd;background-color: #e6f2f2;font-weight: bold;color: #333\">\n<div style=\"line-height: 1.25\">$ 168.000<\/div>\n<div style=\"margin-top: 2px;color: #007381;font-size: 11px;line-height: 1.15\">(78% OFF)<\/div>\n<\/td>\n<\/tr>\n<\/tbody>\n<\/table>\n<div><\/div>\n","protected":false},"featured_media":99145,"template":"","meta":{"_acf_changed":false,"_iconic_wsb_product_page_order_bump_ids":[[]],"_sku":[],"_iconic_wsb_product_page_bump_modal_ids":[[]]},"product_brand":[],"product_cat":[276,318],"product_tag":[296],"class_list":{"0":"post-98542","1":"product","2":"type-product","3":"status-publish","4":"has-post-thumbnail","6":"product_cat-parking","7":"product_cat-hot-sale","8":"product_tag-valet-parking","10":"first","11":"instock","12":"virtual","13":"sold-individually","14":"purchasable","15":"product-type-phive_booking"},"acf":[],"_links":{"self":[{"href":"https:\/\/tienda.aeropuertosargentina.com\/mendoza\/wp-json\/wp\/v2\/product\/98542","targetHints":{"allow":["GET"]}}],"collection":[{"href":"https:\/\/tienda.aeropuertosargentina.com\/mendoza\/wp-json\/wp\/v2\/product"}],"about":[{"href":"https:\/\/tienda.aeropuertosargentina.com\/mendoza\/wp-json\/wp\/v2\/types\/product"}],"wp:featuredmedia":[{"embeddable":true,"href":"https:\/\/tienda.aeropuertosargentina.com\/mendoza\/wp-json\/wp\/v2\/media\/99145"}],"wp:attachment":[{"href":"https:\/\/tienda.aeropuertosargentina.com\/mendoza\/wp-json\/wp\/v2\/media?parent=98542"}],"wp:term":[{"taxonomy":"product_brand","embeddable":true,"href":"https:\/\/tienda.aeropuertosargentina.com\/mendoza\/wp-json\/wp\/v2\/product_brand?post=98542"},{"taxonomy":"product_cat","embeddable":true,"href":"https:\/\/tienda.aeropuertosargentina.com\/mendoza\/wp-json\/wp\/v2\/product_cat?post=98542"},{"taxonomy":"product_tag","embeddable":true,"href":"https:\/\/tienda.aeropuertosargentina.com\/mendoza\/wp-json\/wp\/v2\/product_tag?post=98542"}],"curies":[{"name":"wp","href":"https:\/\/api.w.org\/{rel}","templated":true}]}}